{"id":1846,"date":"2022-12-28T12:57:11","date_gmt":"2022-12-28T10:57:11","guid":{"rendered":"https:\/\/envise.io\/support\/"},"modified":"2024-07-02T09:14:21","modified_gmt":"2024-07-02T07:14:21","slug":"support","status":"publish","type":"page","link":"https:\/\/envise.io\/no\/support\/","title":{"rendered":"Support"},"content":{"rendered":"\r\n<section class=\"bannerPage\">\r\n    <img decoding=\"async\" class=\"bannerPage__line\" src=\"https:\/\/envise.io\/wp-content\/themes\/envision\/assets\/img\/banner-home-line.svg\" alt=\"\">\r\n    <div class=\"container\">\r\n        <div class=\"wrap\">\r\n            <div class=\"breadcrumbs\">\r\n                <a class=\"breadcrumbs__link\" href=\"https:\/\/envise.io\/no\/\" class=\"\">\r\n                    <span>Hjem<\/span>\r\n                    <svg width=\"16\" height=\"16\" viewBox=\"0 0 16 16\" fill=\"none\" xmlns=\"http:\/\/www.w3.org\/2000\/svg\">\r\n                        <circle cx=\"8\" cy=\"8\" r=\"7.5\" stroke=\"#303233\" \/>\r\n                        <path d=\"M8.9 6L8.477 6.40286L9.851 7.71429H5V8.28571H9.851L8.474 9.59714L8.9 10L11 8L8.9 6Z\" fill=\"black\" \/>\r\n                    <\/svg>\r\n                <\/a>\r\n                <span class=\"breadcrumbs__item\">\r\n                    Support                <\/span>\r\n            <\/div>\r\n            <h1>Support<\/h1>\r\n                            <p>Vi finnes her for deg. Kontakt v\u00e5r support for hjelp.\r\n<\/p>\r\n                    <\/div>\r\n    <\/div>\r\n<\/section>\n\n\r\n<section class=\"otherPage s_padding \" style=\"\">\r\n    <div class=\"container\">\r\n\r\n        <div class=\"wrap\">\r\n                            <h2 class=\"title mb-t\">\r\n                    Kontakt v\u00e5r support for hjelp                <\/h2>\r\n                                        <p class=\"otherPage__desc mb-p\">For raskest hjelp, vennligst bes\u00f8k v\u00e5r kunnskapsbase. \r\n<\/p>\r\n                                        <a href=\"https:\/\/brightlabs.freshdesk.com\/sv-SE\/support\/solutions\" class=\"btn btnOutline\" target=\"_blank\" >\r\n                    Bes\u00f8k v\u00e5r kunnskapsbase                <\/a>\r\n                    <\/div>\r\n\r\n    <\/div>\r\n<\/section>\n\n\r\n<section class=\"otherPage s_padding \" style=\"padding-top: 0px\">\r\n    <div class=\"container\">\r\n\r\n        <div class=\"wrap\">\r\n                                        <p class=\"otherPage__desc mb-p\">Registrer en hendvendelse i v\u00e5r support-system\r\n<\/p>\r\n                                        <a href=\"https:\/\/brightlabs.freshdesk.com\/sv-SE\/support\/tickets\/new\" class=\"btn btnOutline\" target=\"_blank\" >\r\n                    Send oss en hendvendelse                <\/a>\r\n                    <\/div>\r\n\r\n    <\/div>\r\n<\/section>\n\n\r\n<section class=\"otherPage s_padding \" style=\"padding-top: 0px\">\r\n    <div class=\"container\">\r\n\r\n        <div class=\"wrap\">\r\n                                        <p class=\"otherPage__desc mb-p\">Fortell oss hvilket system saken gjelder, hvilket selskap du jobber for og beskriv i detalj hva du trenger hjelp til.\r\n<a href=\"mailto:support@envise.io\"> support@envise.io <\/a><\/p>\r\n                                <\/div>\r\n\r\n    <\/div>\r\n<\/section>\n\n\n<div style=\"height:100px\" aria-hidden=\"true\" class=\"wp-block-spacer\"><\/div>\n\n\n\n<div style=\"height:100px\" aria-hidden=\"true\" class=\"wp-block-spacer\"><\/div>\n","protected":false},"excerpt":{"rendered":"","protected":false},"author":11,"featured_media":0,"parent":0,"menu_order":0,"comment_status":"closed","ping_status":"closed","template":"","meta":{"_acf_changed":false,"footnotes":""},"class_list":["post-1846","page","type-page","status-publish","hentry"],"acf":[],"yoast_head":"<!-- This site is optimized with the Yoast SEO plugin v27.2 - https:\/\/yoast.com\/product\/yoast-seo-wordpress\/ -->\n<title>Support - Envise<\/title>\n<meta name=\"description\" content=\"Vi er her for deg, til \u00e5 guide deg og st\u00f8tte deg for en optimalisert opplevelse. Ikke n\u00f8l med \u00e5 ta kontakt hvis du har sp\u00f8rsm\u00e5l!\" \/>\n<meta name=\"robots\" content=\"index, follow, max-snippet:-1, max-image-preview:large, max-video-preview:-1\" \/>\n<link rel=\"canonical\" href=\"https:\/\/envise.io\/no\/support\/\" \/>\n<script type=\"application\/ld+json\" class=\"yoast-schema-graph\">{\"@context\":\"https:\/\/schema.org\",\"@graph\":[{\"@type\":\"WebPage\",\"@id\":\"https:\/\/envise.io\/no\/support\/\",\"url\":\"https:\/\/envise.io\/no\/support\/\",\"name\":\"Support - Envise\",\"isPartOf\":{\"@id\":\"https:\/\/envise.io\/no\/#website\"},\"datePublished\":\"2022-12-28T10:57:11+00:00\",\"dateModified\":\"2024-07-02T07:14:21+00:00\",\"description\":\"Vi er her for deg, til \u00e5 guide deg og st\u00f8tte deg for en optimalisert opplevelse. Ikke n\u00f8l med \u00e5 ta kontakt hvis du har sp\u00f8rsm\u00e5l!\",\"breadcrumb\":{\"@id\":\"https:\/\/envise.io\/no\/support\/#breadcrumb\"},\"inLanguage\":\"nb-NO\",\"potentialAction\":[{\"@type\":\"ReadAction\",\"target\":[\"https:\/\/envise.io\/no\/support\/\"]}]},{\"@type\":\"BreadcrumbList\",\"@id\":\"https:\/\/envise.io\/no\/support\/#breadcrumb\",\"itemListElement\":[{\"@type\":\"ListItem\",\"position\":1,\"name\":\"Home\",\"item\":\"https:\/\/envise.io\/no\/\"},{\"@type\":\"ListItem\",\"position\":2,\"name\":\"Support\"}]},{\"@type\":\"WebSite\",\"@id\":\"https:\/\/envise.io\/no\/#website\",\"url\":\"https:\/\/envise.io\/no\/\",\"name\":\"Envise\",\"description\":\"Envise provides real estate with an interactive experience of the future property while handling the present real estate\",\"potentialAction\":[{\"@type\":\"SearchAction\",\"target\":{\"@type\":\"EntryPoint\",\"urlTemplate\":\"https:\/\/envise.io\/no\/?s={search_term_string}\"},\"query-input\":{\"@type\":\"PropertyValueSpecification\",\"valueRequired\":true,\"valueName\":\"search_term_string\"}}],\"inLanguage\":\"nb-NO\"}]}<\/script>\n<!-- \/ Yoast SEO plugin. -->","yoast_head_json":{"title":"Support - Envise","description":"Vi er her for deg, til \u00e5 guide deg og st\u00f8tte deg for en optimalisert opplevelse. Ikke n\u00f8l med \u00e5 ta kontakt hvis du har sp\u00f8rsm\u00e5l!","robots":{"index":"index","follow":"follow","max-snippet":"max-snippet:-1","max-image-preview":"max-image-preview:large","max-video-preview":"max-video-preview:-1"},"canonical":"https:\/\/envise.io\/no\/support\/","schema":{"@context":"https:\/\/schema.org","@graph":[{"@type":"WebPage","@id":"https:\/\/envise.io\/no\/support\/","url":"https:\/\/envise.io\/no\/support\/","name":"Support - Envise","isPartOf":{"@id":"https:\/\/envise.io\/no\/#website"},"datePublished":"2022-12-28T10:57:11+00:00","dateModified":"2024-07-02T07:14:21+00:00","description":"Vi er her for deg, til \u00e5 guide deg og st\u00f8tte deg for en optimalisert opplevelse. Ikke n\u00f8l med \u00e5 ta kontakt hvis du har sp\u00f8rsm\u00e5l!","breadcrumb":{"@id":"https:\/\/envise.io\/no\/support\/#breadcrumb"},"inLanguage":"nb-NO","potentialAction":[{"@type":"ReadAction","target":["https:\/\/envise.io\/no\/support\/"]}]},{"@type":"BreadcrumbList","@id":"https:\/\/envise.io\/no\/support\/#breadcrumb","itemListElement":[{"@type":"ListItem","position":1,"name":"Home","item":"https:\/\/envise.io\/no\/"},{"@type":"ListItem","position":2,"name":"Support"}]},{"@type":"WebSite","@id":"https:\/\/envise.io\/no\/#website","url":"https:\/\/envise.io\/no\/","name":"Envise","description":"Envise provides real estate with an interactive experience of the future property while handling the present real estate","potentialAction":[{"@type":"SearchAction","target":{"@type":"EntryPoint","urlTemplate":"https:\/\/envise.io\/no\/?s={search_term_string}"},"query-input":{"@type":"PropertyValueSpecification","valueRequired":true,"valueName":"search_term_string"}}],"inLanguage":"nb-NO"}]}},"_links":{"self":[{"href":"https:\/\/envise.io\/no\/wp-json\/wp\/v2\/pages\/1846","targetHints":{"allow":["GET"]}}],"collection":[{"href":"https:\/\/envise.io\/no\/wp-json\/wp\/v2\/pages"}],"about":[{"href":"https:\/\/envise.io\/no\/wp-json\/wp\/v2\/types\/page"}],"author":[{"embeddable":true,"href":"https:\/\/envise.io\/no\/wp-json\/wp\/v2\/users\/11"}],"replies":[{"embeddable":true,"href":"https:\/\/envise.io\/no\/wp-json\/wp\/v2\/comments?post=1846"}],"version-history":[{"count":5,"href":"https:\/\/envise.io\/no\/wp-json\/wp\/v2\/pages\/1846\/revisions"}],"predecessor-version":[{"id":5459,"href":"https:\/\/envise.io\/no\/wp-json\/wp\/v2\/pages\/1846\/revisions\/5459"}],"wp:attachment":[{"href":"https:\/\/envise.io\/no\/wp-json\/wp\/v2\/media?parent=1846"}],"curies":[{"name":"wp","href":"https:\/\/api.w.org\/{rel}","templated":true}]}}