{"id":652,"date":"2022-12-09T12:17:04","date_gmt":"2022-12-09T10:17:04","guid":{"rendered":"https:\/\/envise.io\/about-us\/"},"modified":"2023-02-02T19:54:03","modified_gmt":"2023-02-02T19:54:03","slug":"om-oss","status":"publish","type":"page","link":"https:\/\/envise.io\/no\/om-oss\/","title":{"rendered":"Om oss"},"content":{"rendered":"\r\n\r\n<section class=\"contentPreview s_padding \" style=\"\">\r\n    <div class=\"container\">\r\n\r\n        <div class=\"contentPreview__block\">\r\n            <div class=\"wrap\">\r\n\r\n                                    <div class=\"breadcrumbs breadcrumbs__black 222\">\r\n                        <a class=\"breadcrumbs__link\" href=\"https:\/\/envise.io\/no\/\" class=\"\">\r\n                            <span>Hjem<\/span>\r\n                            <svg width=\"16\" height=\"16\" viewBox=\"0 0 16 16\" fill=\"none\" xmlns=\"http:\/\/www.w3.org\/2000\/svg\">\r\n                                <circle cx=\"8\" cy=\"8\" r=\"7.5\" stroke=\"#303233\" \/>\r\n                                <path d=\"M8.9 6L8.477 6.40286L9.851 7.71429H5V8.28571H9.851L8.474 9.59714L8.9 10L11 8L8.9 6Z\" fill=\"black\" \/>\r\n                            <\/svg>\r\n                        <\/a>\r\n                                                <span class=\"breadcrumbs__item\">\r\n                            Om oss                        <\/span>\r\n                    <\/div>\r\n                \r\n                                    <h1>Om oss<\/h1>\r\n                \r\n                \r\n                \r\n                \r\n                                    <article class=\"article\">\r\n                        <p>Envise ble grunnlagt i 2023, gjennom sammensl\u00e5ingen av Pixerymedia og HomeMaker, for \u00e5 skape nye m\u00e5ter \u00e5 interagere med eiendommer under hele eiendommens livssyklus. Vi skaper en interaktiv opplevelse av framtidige eiendommer samtidig som vi gj\u00f8r det enkelt for dere \u00e5 h\u00e5ndtere eksisterende eiendommer.<\/p>\n<p>&nbsp;<\/p>\n<h3 class=\"p1\"><em>&laquo;Med Envises innovative og engasjerende l\u00f8sninger er vi overbevist om at vi kan revolusjonere hvordan eiendomsselskaper engasjerer sine kunder.&raquo;<\/em><\/h3>\n<p>Anna Nordstr\u00f6m, Daglig leder i Envise<\/p>\n                    <\/article>\r\n                \r\n            <\/div>\r\n        <\/div>\r\n\r\n    <\/div>\r\n<\/section>\n\n\r\n<section class=\"ourTeam s_padding topLineGrd bottomLineGrd\" style=\"\">\r\n    <div class=\"container\">\r\n\r\n        <div class=\"sectionTopInfo\">\r\n                            <h3 class=\"title\">\r\n                    V\u00e5rt team                <\/h3>\r\n                                        <span class=\"subtitle\">\r\n                    V\u00e5rt team av f\u00f8rsteklasses designere og utviklere er spesialisert p\u00e5 \u00e5 skape engasjerende interaktive webl\u00f8sninger og visualiseringer, samt lettanvendte system for tilvalgsh\u00e5ndtering og ettermarkedsh\u00e5ndtering. \r\nM\u00f8t v\u00e5rt team!                <\/span>\r\n                    <\/div>\r\n\r\n                    <div class=\"wrap\">\r\n                                                            \r\n<div class=\"employee\">\r\n    <div class=\"employee__img\">\r\n        <img loading=\"lazy\" decoding=\"async\" width=\"500\" height=\"500\" src=\"https:\/\/envise.io\/wp-content\/uploads\/2022\/12\/Anna-Nordstrom-500x500-1.jpeg\" class=\"attachment-post-thumbnail size-post-thumbnail wp-post-image\" alt=\"Anna Nordstr\u00f6m, CEO of Envise\" srcset=\"https:\/\/envise.io\/wp-content\/uploads\/2022\/12\/Anna-Nordstrom-500x500-1.jpeg 500w, https:\/\/envise.io\/wp-content\/uploads\/2022\/12\/Anna-Nordstrom-500x500-1-300x300.jpeg 300w, https:\/\/envise.io\/wp-content\/uploads\/2022\/12\/Anna-Nordstrom-500x500-1-150x150.jpeg 150w\" sizes=\"auto, (max-width: 500px) 100vw, 500px\" \/>        <div class=\"employee__position\">\r\n            Chief Executive Officer        <\/div>\r\n    <\/div>\r\n    <div class=\"employee__content\">\r\n        <h3 class=\"employee__name\">\r\n            Anna Nordstr\u00f6m        <\/h3>\r\n        <div class=\"employee__contacts\">\r\n                            <a href=\"mailto:anna.nordstrom@envise.io\" class=\"employee__contacts_item\">\r\n                    anna.nordstrom@envise.io                <\/a>\r\n                                                    <a href=\"https:\/\/www.linkedin.com\/in\/anna-nordstr%C3%B6m-0b5382\/\" class=\"employee__contacts_item\" target=\"_blank\">\r\n                    LinkedIn\r\n                <\/a>\r\n                    <\/div>\r\n    <\/div>\r\n<\/div>                                            \r\n<div class=\"employee\">\r\n    <div class=\"employee__img\">\r\n        <img loading=\"lazy\" decoding=\"async\" width=\"500\" height=\"500\" src=\"https:\/\/envise.io\/wp-content\/uploads\/2022\/12\/mariell-svensson-500x500-1.jpeg\" class=\"attachment-post-thumbnail size-post-thumbnail wp-post-image\" alt=\"Mariell Svensson, Project Manager at Envise\" srcset=\"https:\/\/envise.io\/wp-content\/uploads\/2022\/12\/mariell-svensson-500x500-1.jpeg 500w, https:\/\/envise.io\/wp-content\/uploads\/2022\/12\/mariell-svensson-500x500-1-300x300.jpeg 300w, https:\/\/envise.io\/wp-content\/uploads\/2022\/12\/mariell-svensson-500x500-1-150x150.jpeg 150w\" sizes=\"auto, (max-width: 500px) 100vw, 500px\" \/>        <div class=\"employee__position\">\r\n            Project Manager        <\/div>\r\n    <\/div>\r\n    <div class=\"employee__content\">\r\n        <h3 class=\"employee__name\">\r\n            Mariell Svensson        <\/h3>\r\n        <div class=\"employee__contacts\">\r\n                            <a href=\"mailto:mariell.svensson@envise.io\" class=\"employee__contacts_item\">\r\n                    mariell.svensson@envise.io                <\/a>\r\n                                        <a href=\"tel:+46 704 39 32 98\" class=\"employee__contacts_item\">\r\n                    +46 704 39 32 98                <\/a>\r\n                                        <a href=\"https:\/\/www.linkedin.com\/in\/mariell-svensson-7248b767\/\" class=\"employee__contacts_item\" target=\"_blank\">\r\n                    LinkedIn\r\n                <\/a>\r\n                    <\/div>\r\n    <\/div>\r\n<\/div>                                            \r\n<div class=\"employee\">\r\n    <div class=\"employee__img\">\r\n        <img loading=\"lazy\" decoding=\"async\" width=\"500\" height=\"500\" src=\"https:\/\/envise.io\/wp-content\/uploads\/2022\/12\/anders-500x500-1.jpeg\" class=\"attachment-post-thumbnail size-post-thumbnail wp-post-image\" alt=\"Anders Karlsson, CPO of Envise\" srcset=\"https:\/\/envise.io\/wp-content\/uploads\/2022\/12\/anders-500x500-1.jpeg 500w, https:\/\/envise.io\/wp-content\/uploads\/2022\/12\/anders-500x500-1-300x300.jpeg 300w, https:\/\/envise.io\/wp-content\/uploads\/2022\/12\/anders-500x500-1-150x150.jpeg 150w\" sizes=\"auto, (max-width: 500px) 100vw, 500px\" \/>        <div class=\"employee__position\">\r\n            Chief Product Officer        <\/div>\r\n    <\/div>\r\n    <div class=\"employee__content\">\r\n        <h3 class=\"employee__name\">\r\n            Anders Karlsson        <\/h3>\r\n        <div class=\"employee__contacts\">\r\n                            <a href=\"mailto:anders.karlsson@envise.io\" class=\"employee__contacts_item\">\r\n                    anders.karlsson@envise.io                <\/a>\r\n                                        <a href=\"tel:+46 761 00 59 26\" class=\"employee__contacts_item\">\r\n                    +46 761 00 59 26                <\/a>\r\n                                        <a href=\"https:\/\/www.linkedin.com\/in\/anders-karlsson-1b68bb90\/\" class=\"employee__contacts_item\" target=\"_blank\">\r\n                    LinkedIn\r\n                <\/a>\r\n                    <\/div>\r\n    <\/div>\r\n<\/div>                                            \r\n<div class=\"employee\">\r\n    <div class=\"employee__img\">\r\n        <img loading=\"lazy\" decoding=\"async\" width=\"304\" height=\"299\" src=\"https:\/\/envise.io\/wp-content\/uploads\/2022\/12\/Tomasz-ny-2.jpg\" class=\"attachment-post-thumbnail size-post-thumbnail wp-post-image\" alt=\"Tomasz W\u00f3jcik, CTO of Envise\" srcset=\"https:\/\/envise.io\/wp-content\/uploads\/2022\/12\/Tomasz-ny-2.jpg 304w, https:\/\/envise.io\/wp-content\/uploads\/2022\/12\/Tomasz-ny-2-300x295.jpg 300w\" sizes=\"auto, (max-width: 304px) 100vw, 304px\" \/>        <div class=\"employee__position\">\r\n            Chief Technical Officer        <\/div>\r\n    <\/div>\r\n    <div class=\"employee__content\">\r\n        <h3 class=\"employee__name\">\r\n            Tomasz W\u00f3jcik        <\/h3>\r\n        <div class=\"employee__contacts\">\r\n                            <a href=\"mailto:tomasz.wojcik@envise.io\" class=\"employee__contacts_item\">\r\n                    tomasz.wojcik@envise.io                <\/a>\r\n                                                    <a href=\"https:\/\/www.linkedin.com\/in\/tomaszwojcik\/\" class=\"employee__contacts_item\" target=\"_blank\">\r\n                    LinkedIn\r\n                <\/a>\r\n                    <\/div>\r\n    <\/div>\r\n<\/div>                                            \r\n<div class=\"employee\">\r\n    <div class=\"employee__img\">\r\n        <img loading=\"lazy\" decoding=\"async\" width=\"500\" height=\"500\" src=\"https:\/\/envise.io\/wp-content\/uploads\/2022\/12\/per-keckman-persson-500x500-1.jpeg\" class=\"attachment-post-thumbnail size-post-thumbnail wp-post-image\" alt=\"Per Keckman-Persson, Head of Operations &amp; IT\" srcset=\"https:\/\/envise.io\/wp-content\/uploads\/2022\/12\/per-keckman-persson-500x500-1.jpeg 500w, https:\/\/envise.io\/wp-content\/uploads\/2022\/12\/per-keckman-persson-500x500-1-300x300.jpeg 300w, https:\/\/envise.io\/wp-content\/uploads\/2022\/12\/per-keckman-persson-500x500-1-150x150.jpeg 150w\" sizes=\"auto, (max-width: 500px) 100vw, 500px\" \/>        <div class=\"employee__position\">\r\n            Head of Operations &#038; IT, Thailand        <\/div>\r\n    <\/div>\r\n    <div class=\"employee__content\">\r\n        <h3 class=\"employee__name\">\r\n            Per\u00a0Keckman-Persson        <\/h3>\r\n        <div class=\"employee__contacts\">\r\n                            <a href=\"mailto:per.keckman-persson@envise.io\" class=\"employee__contacts_item\">\r\n                    per.keckman-persson@envise.io                <\/a>\r\n                                                    <a href=\"https:\/\/www.linkedin.com\/in\/per-keckman-persson-8891b228\/\" class=\"employee__contacts_item\" target=\"_blank\">\r\n                    LinkedIn\r\n                <\/a>\r\n                    <\/div>\r\n    <\/div>\r\n<\/div>                                            \r\n<div class=\"employee\">\r\n    <div class=\"employee__img\">\r\n        <img loading=\"lazy\" decoding=\"async\" width=\"304\" height=\"301\" src=\"https:\/\/envise.io\/wp-content\/uploads\/2022\/12\/Piotr-new-304.jpg\" class=\"attachment-post-thumbnail size-post-thumbnail wp-post-image\" alt=\"Piotr Majda, Software Developer at Envise\" srcset=\"https:\/\/envise.io\/wp-content\/uploads\/2022\/12\/Piotr-new-304.jpg 304w, https:\/\/envise.io\/wp-content\/uploads\/2022\/12\/Piotr-new-304-300x297.jpg 300w, https:\/\/envise.io\/wp-content\/uploads\/2022\/12\/Piotr-new-304-150x150.jpg 150w\" sizes=\"auto, (max-width: 304px) 100vw, 304px\" \/>        <div class=\"employee__position\">\r\n            Software Developer        <\/div>\r\n    <\/div>\r\n    <div class=\"employee__content\">\r\n        <h3 class=\"employee__name\">\r\n            Piotr Majda        <\/h3>\r\n        <div class=\"employee__contacts\">\r\n                            <a href=\"mailto:piotr.majda@envise.io\" class=\"employee__contacts_item\">\r\n                    piotr.majda@envise.io                <\/a>\r\n                                            <\/div>\r\n    <\/div>\r\n<\/div>                                            \r\n<div class=\"employee\">\r\n    <div class=\"employee__img\">\r\n        <img loading=\"lazy\" decoding=\"async\" width=\"500\" height=\"500\" src=\"https:\/\/envise.io\/wp-content\/uploads\/2022\/12\/romain-henry-500x500-1.jpeg\" class=\"attachment-post-thumbnail size-post-thumbnail wp-post-image\" alt=\"Romain Henry, Head of Delivery at Envise\" srcset=\"https:\/\/envise.io\/wp-content\/uploads\/2022\/12\/romain-henry-500x500-1.jpeg 500w, https:\/\/envise.io\/wp-content\/uploads\/2022\/12\/romain-henry-500x500-1-300x300.jpeg 300w, https:\/\/envise.io\/wp-content\/uploads\/2022\/12\/romain-henry-500x500-1-150x150.jpeg 150w\" sizes=\"auto, (max-width: 500px) 100vw, 500px\" \/>        <div class=\"employee__position\">\r\n            Head of Delivery        <\/div>\r\n    <\/div>\r\n    <div class=\"employee__content\">\r\n        <h3 class=\"employee__name\">\r\n            Romain\u00a0Henry        <\/h3>\r\n        <div class=\"employee__contacts\">\r\n                            <a href=\"mailto:romain.henry@envise.io\" class=\"employee__contacts_item\">\r\n                    romain.henry@envise.io                <\/a>\r\n                                                    <a href=\"https:\/\/www.linkedin.com\/in\/romain-henry\/\" class=\"employee__contacts_item\" target=\"_blank\">\r\n                    LinkedIn\r\n                <\/a>\r\n                    <\/div>\r\n    <\/div>\r\n<\/div>                                            \r\n<div class=\"employee\">\r\n    <div class=\"employee__img\">\r\n        <img loading=\"lazy\" decoding=\"async\" width=\"500\" height=\"500\" src=\"https:\/\/envise.io\/wp-content\/uploads\/2022\/12\/Chanadda-500x500-1.jpeg\" class=\"attachment-post-thumbnail size-post-thumbnail wp-post-image\" alt=\"Chanadda Khamuang, creating deliveries at Envise\" srcset=\"https:\/\/envise.io\/wp-content\/uploads\/2022\/12\/Chanadda-500x500-1.jpeg 500w, https:\/\/envise.io\/wp-content\/uploads\/2022\/12\/Chanadda-500x500-1-300x300.jpeg 300w, https:\/\/envise.io\/wp-content\/uploads\/2022\/12\/Chanadda-500x500-1-150x150.jpeg 150w\" sizes=\"auto, (max-width: 500px) 100vw, 500px\" \/>        <div class=\"employee__position\">\r\n            Delivery        <\/div>\r\n    <\/div>\r\n    <div class=\"employee__content\">\r\n        <h3 class=\"employee__name\">\r\n            Chanadda\u00a0Khamuang        <\/h3>\r\n        <div class=\"employee__contacts\">\r\n                                                    <a href=\"https:\/\/www.linkedin.com\/in\/jazz-chanadda-khamuang-60929a101\/\" class=\"employee__contacts_item\" target=\"_blank\">\r\n                    LinkedIn\r\n                <\/a>\r\n                    <\/div>\r\n    <\/div>\r\n<\/div>                                            \r\n<div class=\"employee\">\r\n    <div class=\"employee__img\">\r\n        <img loading=\"lazy\" decoding=\"async\" width=\"500\" height=\"500\" src=\"https:\/\/envise.io\/wp-content\/uploads\/2023\/01\/kittipoom-500x500-1.jpg\" class=\"attachment-post-thumbnail size-post-thumbnail wp-post-image\" alt=\"Kittipoom\" srcset=\"https:\/\/envise.io\/wp-content\/uploads\/2023\/01\/kittipoom-500x500-1.jpg 500w, https:\/\/envise.io\/wp-content\/uploads\/2023\/01\/kittipoom-500x500-1-300x300.jpg 300w, https:\/\/envise.io\/wp-content\/uploads\/2023\/01\/kittipoom-500x500-1-150x150.jpg 150w\" sizes=\"auto, (max-width: 500px) 100vw, 500px\" \/>        <div class=\"employee__position\">\r\n            Delivery        <\/div>\r\n    <\/div>\r\n    <div class=\"employee__content\">\r\n        <h3 class=\"employee__name\">\r\n            Kittipoom Srikimkaew        <\/h3>\r\n        <div class=\"employee__contacts\">\r\n                                            <\/div>\r\n    <\/div>\r\n<\/div>                                            \r\n<div class=\"employee\">\r\n    <div class=\"employee__img\">\r\n        <img loading=\"lazy\" decoding=\"async\" width=\"500\" height=\"500\" src=\"https:\/\/envise.io\/wp-content\/uploads\/2022\/12\/wanlop-500x500-1.jpeg\" class=\"attachment-post-thumbnail size-post-thumbnail wp-post-image\" alt=\"Wanlop Thongsuk, creating deliveries at Envise\" srcset=\"https:\/\/envise.io\/wp-content\/uploads\/2022\/12\/wanlop-500x500-1.jpeg 500w, https:\/\/envise.io\/wp-content\/uploads\/2022\/12\/wanlop-500x500-1-300x300.jpeg 300w, https:\/\/envise.io\/wp-content\/uploads\/2022\/12\/wanlop-500x500-1-150x150.jpeg 150w\" sizes=\"auto, (max-width: 500px) 100vw, 500px\" \/>        <div class=\"employee__position\">\r\n            Delivery        <\/div>\r\n    <\/div>\r\n    <div class=\"employee__content\">\r\n        <h3 class=\"employee__name\">\r\n            Wanlop\u00a0Thongsuk        <\/h3>\r\n        <div class=\"employee__contacts\">\r\n                                            <\/div>\r\n    <\/div>\r\n<\/div>                                            \r\n<div class=\"employee\">\r\n    <div class=\"employee__img\">\r\n        <img loading=\"lazy\" decoding=\"async\" width=\"500\" height=\"500\" src=\"https:\/\/envise.io\/wp-content\/uploads\/2022\/12\/tossawas.wancham.jpg\" class=\"attachment-post-thumbnail size-post-thumbnail wp-post-image\" alt=\"Tossawas Wancham\" srcset=\"https:\/\/envise.io\/wp-content\/uploads\/2022\/12\/tossawas.wancham.jpg 500w, https:\/\/envise.io\/wp-content\/uploads\/2022\/12\/tossawas.wancham-300x300.jpg 300w, https:\/\/envise.io\/wp-content\/uploads\/2022\/12\/tossawas.wancham-150x150.jpg 150w\" sizes=\"auto, (max-width: 500px) 100vw, 500px\" \/>        <div class=\"employee__position\">\r\n            Delivery        <\/div>\r\n    <\/div>\r\n    <div class=\"employee__content\">\r\n        <h3 class=\"employee__name\">\r\n            Tossawas Wancham        <\/h3>\r\n        <div class=\"employee__contacts\">\r\n                                            <\/div>\r\n    <\/div>\r\n<\/div>                                                                <\/div>\r\n        \r\n    <\/div>\r\n<\/section>\n\n\r\n<section id=\"we-help\" class=\"weHelp s_padding \" style=\"\">\r\n    <div class=\"container\">\r\n\r\n        <div class=\"wrap\">\r\n            <div class=\"weHelp__block\">\r\n                <svg class=\"weHelp__gradient\" width=\"628\" height=\"675\" viewBox=\"0 0 628 675\" fill=\"none\" xmlns=\"http:\/\/www.w3.org\/2000\/svg\">\r\n                    <path d=\"M369.078 899.982H628L270.732 8.00642C268.789 3.16921 264.124 0 258.923 0H0L357.268 891.994C359.212 896.831 363.876 900 369.078 900V899.982Z\" fill=\"url(#paint0_linear_673_4249)\" \/>\r\n                    <defs>\r\n                        <linearGradient id=\"paint0_linear_673_4249\" x1=\"-159\" y1=\"-101\" x2=\"-366.87\" y2=\"623.42\" gradientUnits=\"userSpaceOnUse\">\r\n                            <stop stop-color=\"#E89FE4\" \/>\r\n                            <stop offset=\"1\" stop-color=\"#FED97A\" stop-opacity=\"0\" \/>\r\n                        <\/linearGradient>\r\n                    <\/defs>\r\n                <\/svg>\r\n                                    <div class=\"weHelp__img\">\r\n                                                    <img decoding=\"async\" src=\"https:\/\/envise.io\/wp-content\/uploads\/2023\/01\/Detail-3D-image_by_Envise.jpg\" alt=\"\">\r\n                                            <\/div>\r\n                                            <\/div>\r\n            <div class=\"weHelp__content\">\r\n                                    <h3>Vi er her for deg!<\/h3>\r\n                                                    <p>\r\n                        La oss digitalisere deres eiendomsprosjekt. Kontakt oss i dag for \u00e5 h\u00f8re mer om hvordan vi kan optimalisere deres virksomhet.                    <\/p>\r\n                                                    <a href=\"https:\/\/envise.io\/no\/kontakt\/\" class=\"btn btnOutline\">\r\n                        Book demo                    <\/a>\r\n                            <\/div>\r\n        <\/div>\r\n\r\n    <\/div>\r\n<\/section>","protected":false},"excerpt":{"rendered":"","protected":false},"author":11,"featured_media":0,"parent":0,"menu_order":0,"comment_status":"closed","ping_status":"closed","template":"","meta":{"_acf_changed":false,"footnotes":""},"class_list":["post-652","page","type-page","status-publish","hentry"],"acf":[],"yoast_head":"<!-- This site is optimized with the Yoast SEO plugin v27.2 - https:\/\/yoast.com\/product\/yoast-seo-wordpress\/ -->\n<title>Om Envise<\/title>\n<meta name=\"description\" content=\"Meet the Envise team of top notch designers, developers and sales.\" \/>\n<meta name=\"robots\" content=\"index, follow, max-snippet:-1, max-image-preview:large, max-video-preview:-1\" \/>\n<link rel=\"canonical\" href=\"https:\/\/envise.io\/no\/om-oss\/\" \/>\n<script type=\"application\/ld+json\" class=\"yoast-schema-graph\">{\"@context\":\"https:\/\/schema.org\",\"@graph\":[{\"@type\":\"WebPage\",\"@id\":\"https:\/\/envise.io\/no\/om-oss\/\",\"url\":\"https:\/\/envise.io\/no\/om-oss\/\",\"name\":\"Om Envise\",\"isPartOf\":{\"@id\":\"https:\/\/envise.io\/no\/#website\"},\"datePublished\":\"2022-12-09T10:17:04+00:00\",\"dateModified\":\"2023-02-02T19:54:03+00:00\",\"description\":\"Meet the Envise team of top notch designers, developers and sales.\",\"breadcrumb\":{\"@id\":\"https:\/\/envise.io\/no\/om-oss\/#breadcrumb\"},\"inLanguage\":\"nb-NO\",\"potentialAction\":[{\"@type\":\"ReadAction\",\"target\":[\"https:\/\/envise.io\/no\/om-oss\/\"]}]},{\"@type\":\"BreadcrumbList\",\"@id\":\"https:\/\/envise.io\/no\/om-oss\/#breadcrumb\",\"itemListElement\":[{\"@type\":\"ListItem\",\"position\":1,\"name\":\"Home\",\"item\":\"https:\/\/envise.io\/no\/\"},{\"@type\":\"ListItem\",\"position\":2,\"name\":\"Om oss\"}]},{\"@type\":\"WebSite\",\"@id\":\"https:\/\/envise.io\/no\/#website\",\"url\":\"https:\/\/envise.io\/no\/\",\"name\":\"Envise\",\"description\":\"Envise provides real estate with an interactive experience of the future property while handling the present real estate\",\"potentialAction\":[{\"@type\":\"SearchAction\",\"target\":{\"@type\":\"EntryPoint\",\"urlTemplate\":\"https:\/\/envise.io\/no\/?s={search_term_string}\"},\"query-input\":{\"@type\":\"PropertyValueSpecification\",\"valueRequired\":true,\"valueName\":\"search_term_string\"}}],\"inLanguage\":\"nb-NO\"}]}<\/script>\n<!-- \/ Yoast SEO plugin. -->","yoast_head_json":{"title":"Om Envise","description":"Meet the Envise team of top notch designers, developers and sales.","robots":{"index":"index","follow":"follow","max-snippet":"max-snippet:-1","max-image-preview":"max-image-preview:large","max-video-preview":"max-video-preview:-1"},"canonical":"https:\/\/envise.io\/no\/om-oss\/","schema":{"@context":"https:\/\/schema.org","@graph":[{"@type":"WebPage","@id":"https:\/\/envise.io\/no\/om-oss\/","url":"https:\/\/envise.io\/no\/om-oss\/","name":"Om Envise","isPartOf":{"@id":"https:\/\/envise.io\/no\/#website"},"datePublished":"2022-12-09T10:17:04+00:00","dateModified":"2023-02-02T19:54:03+00:00","description":"Meet the Envise team of top notch designers, developers and sales.","breadcrumb":{"@id":"https:\/\/envise.io\/no\/om-oss\/#breadcrumb"},"inLanguage":"nb-NO","potentialAction":[{"@type":"ReadAction","target":["https:\/\/envise.io\/no\/om-oss\/"]}]},{"@type":"BreadcrumbList","@id":"https:\/\/envise.io\/no\/om-oss\/#breadcrumb","itemListElement":[{"@type":"ListItem","position":1,"name":"Home","item":"https:\/\/envise.io\/no\/"},{"@type":"ListItem","position":2,"name":"Om oss"}]},{"@type":"WebSite","@id":"https:\/\/envise.io\/no\/#website","url":"https:\/\/envise.io\/no\/","name":"Envise","description":"Envise provides real estate with an interactive experience of the future property while handling the present real estate","potentialAction":[{"@type":"SearchAction","target":{"@type":"EntryPoint","urlTemplate":"https:\/\/envise.io\/no\/?s={search_term_string}"},"query-input":{"@type":"PropertyValueSpecification","valueRequired":true,"valueName":"search_term_string"}}],"inLanguage":"nb-NO"}]}},"_links":{"self":[{"href":"https:\/\/envise.io\/no\/wp-json\/wp\/v2\/pages\/652","targetHints":{"allow":["GET"]}}],"collection":[{"href":"https:\/\/envise.io\/no\/wp-json\/wp\/v2\/pages"}],"about":[{"href":"https:\/\/envise.io\/no\/wp-json\/wp\/v2\/types\/page"}],"author":[{"embeddable":true,"href":"https:\/\/envise.io\/no\/wp-json\/wp\/v2\/users\/11"}],"replies":[{"embeddable":true,"href":"https:\/\/envise.io\/no\/wp-json\/wp\/v2\/comments?post=652"}],"version-history":[{"count":5,"href":"https:\/\/envise.io\/no\/wp-json\/wp\/v2\/pages\/652\/revisions"}],"predecessor-version":[{"id":3353,"href":"https:\/\/envise.io\/no\/wp-json\/wp\/v2\/pages\/652\/revisions\/3353"}],"wp:attachment":[{"href":"https:\/\/envise.io\/no\/wp-json\/wp\/v2\/media?parent=652"}],"curies":[{"name":"wp","href":"https:\/\/api.w.org\/{rel}","templated":true}]}}