{"id":657,"date":"2022-12-09T15:23:42","date_gmt":"2022-12-09T13:23:42","guid":{"rendered":"https:\/\/envise.io\/contact\/"},"modified":"2025-11-05T12:20:19","modified_gmt":"2025-11-05T10:20:19","slug":"kontakt","status":"publish","type":"page","link":"https:\/\/envise.io\/no\/kontakt\/","title":{"rendered":"Kontakt"},"content":{"rendered":"\r\n<section class=\"bannerPage\">\r\n    <img decoding=\"async\" class=\"bannerPage__line\" src=\"https:\/\/envise.io\/wp-content\/themes\/envision\/assets\/img\/banner-home-line.svg\" alt=\"\">\r\n    <div class=\"container\">\r\n        <div class=\"wrap\">\r\n            <div class=\"breadcrumbs\">\r\n                <a class=\"breadcrumbs__link\" href=\"https:\/\/envise.io\/no\/\" class=\"\">\r\n                    <span>Hjem<\/span>\r\n                    <svg width=\"16\" height=\"16\" viewBox=\"0 0 16 16\" fill=\"none\" xmlns=\"http:\/\/www.w3.org\/2000\/svg\">\r\n                        <circle cx=\"8\" cy=\"8\" r=\"7.5\" stroke=\"#303233\" \/>\r\n                        <path d=\"M8.9 6L8.477 6.40286L9.851 7.71429H5V8.28571H9.851L8.474 9.59714L8.9 10L11 8L8.9 6Z\" fill=\"black\" \/>\r\n                    <\/svg>\r\n                <\/a>\r\n                <span class=\"breadcrumbs__item\">\r\n                    Kontakt                <\/span>\r\n            <\/div>\r\n            <h1>Kontakt<\/h1>\r\n                            <p>Kontakt oss i dag for \u00e5 h\u00f8re mer om hvordan vi kan skape engasjement rundt og effektivisere din eiendom gjennom hele dens livssyklus.<\/p>\r\n                    <\/div>\r\n    <\/div>\r\n<\/section>\n\n\r\n<section id=\"send-message\" class=\"sendMessage s_padding \" style=\"\">\r\n    <div class=\"container\">\r\n\r\n        <div class=\"wrap\">\r\n            <div class=\"sendMessage__col\">\r\n                                    <h2 class=\"title mb-t\">\r\n                        Gi en lyd!                    <\/h2>\r\n                                                    <p class=\"sendMessage__desc\">\r\n                        Kontakt oss i dag og f\u00e5 r\u00e5dgivning p\u00e5 hvordan vi kan skape engasjement omkring, og effektivisere for din eiendom under hele dens livssyklus.                    <\/p>\r\n                            <\/div>\r\n                            <div class=\"sendMessage__col\">\r\n                    <div class=\"sendMessage__form\">\r\n                        <iframe src=\"https:\/\/share-eu1.hsforms.com\/1ymXU1chtQ8q8VNReRAj31gg3awz\" frameborder=\"0\"><\/iframe>\r\n                    <\/div>\r\n                <\/div>\r\n                    <\/div>\r\n\r\n    <\/div>\r\n<\/section>\n\n\r\n<section id=\"contacts\" class=\"contacts \" style=\"\">\r\n    <div class=\"container\">\r\n\r\n        <div class=\"wrap\">\r\n            <div class=\"contacts__left\">\r\n                                    <h2>Vil du n\u00e5 oss?<\/h2>\r\n                                <div class=\"contacts__list\">\r\n                                            <div class=\"contacts__item bottomLineGrdW100\">\r\n                            <span class=\"contacts__label\">\r\n                                                            <\/span>\r\n                            <a href=\"tel:+46 76 100 5926\">\r\n                                +46 76 100 5926                            <\/a>\r\n                        <\/div>\r\n                                                                <div class=\"contacts__item bottomLineGrdW100\">\r\n                            <span class=\"contacts__label\">\r\n                                                            <\/span>\r\n                            <a href=\"mailto:hello@envise.io\">\r\n                                hello@envise.io                            <\/a>\r\n                        <\/div>\r\n                                                        <\/div>\r\n            <\/div>\r\n\r\n                            <div class=\"contacts__right\">\r\n                    <div class=\"contacts__address\">\r\n                        <span class=\"contacts__label\">\r\n                                                    <\/span>\r\n                                                                                    <div class=\"contacts__address_item\">\r\n                                    <h3>Norge<\/h3>\r\n                                    <p>Madserud G\u00e5rd PropTech Hub, Madserud all\u00e9 34, 0274 Oslo<\/p>\r\n                                <\/div>\r\n                                                            <div class=\"contacts__address_item\">\r\n                                    <h3>Sverige<\/h3>\r\n                                    <p>Slakthusplan 3, 121 62 Johanneshov <br>\u00d6stra Larmgatan 16, 411 07 G\u00f6teborg<\/p>\r\n                                <\/div>\r\n                                                                        <\/div>\r\n                <\/div>\r\n                    <\/div>\r\n\r\n    <\/div>\r\n<\/section>\n\n\r\n<section class=\"otherPage s_padding \" style=\"\">\r\n    <div class=\"container\">\r\n\r\n        <div class=\"wrap\">\r\n                            <h2 class=\"title mb-t\">\r\n                    M\u00f8t v\u00e5rt team                <\/h2>\r\n                                        <p class=\"otherPage__desc mb-p\"> V\u00e5rt team best\u00e5r av engasjerte kollegaer, innenfor design og utvikling, til salg og ledelse.<\/p>\r\n                                        <a href=\"https:\/\/envise.io\/no\/om-oss\/\" class=\"btn btnOutline\" target=\"\" >\r\n                    V\u00e5rt team                <\/a>\r\n                    <\/div>\r\n\r\n    <\/div>\r\n<\/section>","protected":false},"excerpt":{"rendered":"","protected":false},"author":11,"featured_media":0,"parent":0,"menu_order":0,"comment_status":"closed","ping_status":"closed","template":"","meta":{"_acf_changed":false,"footnotes":""},"class_list":["post-657","page","type-page","status-publish","hentry"],"acf":[],"yoast_head":"<!-- This site is optimized with the Yoast SEO plugin v27.2 - https:\/\/yoast.com\/product\/yoast-seo-wordpress\/ -->\n<title>Kontakt - Envise<\/title>\n<meta name=\"description\" content=\"Kontakt oss i dag og f\u00e5 r\u00e5dgivning p\u00e5 hvordan vi kan skape engasjement omkring, og effektivisere for din eiendom under hele dens livssyklus.\" \/>\n<meta name=\"robots\" content=\"index, follow, max-snippet:-1, max-image-preview:large, max-video-preview:-1\" \/>\n<link rel=\"canonical\" href=\"https:\/\/envise.io\/no\/kontakt\/\" \/>\n<script type=\"application\/ld+json\" class=\"yoast-schema-graph\">{\"@context\":\"https:\/\/schema.org\",\"@graph\":[{\"@type\":\"WebPage\",\"@id\":\"https:\/\/envise.io\/no\/kontakt\/\",\"url\":\"https:\/\/envise.io\/no\/kontakt\/\",\"name\":\"Kontakt - Envise\",\"isPartOf\":{\"@id\":\"https:\/\/envise.io\/no\/#website\"},\"datePublished\":\"2022-12-09T13:23:42+00:00\",\"dateModified\":\"2025-11-05T10:20:19+00:00\",\"description\":\"Kontakt oss i dag og f\u00e5 r\u00e5dgivning p\u00e5 hvordan vi kan skape engasjement omkring, og effektivisere for din eiendom under hele dens livssyklus.\",\"breadcrumb\":{\"@id\":\"https:\/\/envise.io\/no\/kontakt\/#breadcrumb\"},\"inLanguage\":\"nb-NO\",\"potentialAction\":[{\"@type\":\"ReadAction\",\"target\":[\"https:\/\/envise.io\/no\/kontakt\/\"]}]},{\"@type\":\"BreadcrumbList\",\"@id\":\"https:\/\/envise.io\/no\/kontakt\/#breadcrumb\",\"itemListElement\":[{\"@type\":\"ListItem\",\"position\":1,\"name\":\"Home\",\"item\":\"https:\/\/envise.io\/no\/\"},{\"@type\":\"ListItem\",\"position\":2,\"name\":\"Kontakt\"}]},{\"@type\":\"WebSite\",\"@id\":\"https:\/\/envise.io\/no\/#website\",\"url\":\"https:\/\/envise.io\/no\/\",\"name\":\"Envise\",\"description\":\"Envise provides real estate with an interactive experience of the future property while handling the present real estate\",\"potentialAction\":[{\"@type\":\"SearchAction\",\"target\":{\"@type\":\"EntryPoint\",\"urlTemplate\":\"https:\/\/envise.io\/no\/?s={search_term_string}\"},\"query-input\":{\"@type\":\"PropertyValueSpecification\",\"valueRequired\":true,\"valueName\":\"search_term_string\"}}],\"inLanguage\":\"nb-NO\"}]}<\/script>\n<!-- \/ Yoast SEO plugin. -->","yoast_head_json":{"title":"Kontakt - Envise","description":"Kontakt oss i dag og f\u00e5 r\u00e5dgivning p\u00e5 hvordan vi kan skape engasjement omkring, og effektivisere for din eiendom under hele dens livssyklus.","robots":{"index":"index","follow":"follow","max-snippet":"max-snippet:-1","max-image-preview":"max-image-preview:large","max-video-preview":"max-video-preview:-1"},"canonical":"https:\/\/envise.io\/no\/kontakt\/","schema":{"@context":"https:\/\/schema.org","@graph":[{"@type":"WebPage","@id":"https:\/\/envise.io\/no\/kontakt\/","url":"https:\/\/envise.io\/no\/kontakt\/","name":"Kontakt - Envise","isPartOf":{"@id":"https:\/\/envise.io\/no\/#website"},"datePublished":"2022-12-09T13:23:42+00:00","dateModified":"2025-11-05T10:20:19+00:00","description":"Kontakt oss i dag og f\u00e5 r\u00e5dgivning p\u00e5 hvordan vi kan skape engasjement omkring, og effektivisere for din eiendom under hele dens livssyklus.","breadcrumb":{"@id":"https:\/\/envise.io\/no\/kontakt\/#breadcrumb"},"inLanguage":"nb-NO","potentialAction":[{"@type":"ReadAction","target":["https:\/\/envise.io\/no\/kontakt\/"]}]},{"@type":"BreadcrumbList","@id":"https:\/\/envise.io\/no\/kontakt\/#breadcrumb","itemListElement":[{"@type":"ListItem","position":1,"name":"Home","item":"https:\/\/envise.io\/no\/"},{"@type":"ListItem","position":2,"name":"Kontakt"}]},{"@type":"WebSite","@id":"https:\/\/envise.io\/no\/#website","url":"https:\/\/envise.io\/no\/","name":"Envise","description":"Envise provides real estate with an interactive experience of the future property while handling the present real estate","potentialAction":[{"@type":"SearchAction","target":{"@type":"EntryPoint","urlTemplate":"https:\/\/envise.io\/no\/?s={search_term_string}"},"query-input":{"@type":"PropertyValueSpecification","valueRequired":true,"valueName":"search_term_string"}}],"inLanguage":"nb-NO"}]}},"_links":{"self":[{"href":"https:\/\/envise.io\/no\/wp-json\/wp\/v2\/pages\/657","targetHints":{"allow":["GET"]}}],"collection":[{"href":"https:\/\/envise.io\/no\/wp-json\/wp\/v2\/pages"}],"about":[{"href":"https:\/\/envise.io\/no\/wp-json\/wp\/v2\/types\/page"}],"author":[{"embeddable":true,"href":"https:\/\/envise.io\/no\/wp-json\/wp\/v2\/users\/11"}],"replies":[{"embeddable":true,"href":"https:\/\/envise.io\/no\/wp-json\/wp\/v2\/comments?post=657"}],"version-history":[{"count":6,"href":"https:\/\/envise.io\/no\/wp-json\/wp\/v2\/pages\/657\/revisions"}],"predecessor-version":[{"id":5917,"href":"https:\/\/envise.io\/no\/wp-json\/wp\/v2\/pages\/657\/revisions\/5917"}],"wp:attachment":[{"href":"https:\/\/envise.io\/no\/wp-json\/wp\/v2\/media?parent=657"}],"curies":[{"name":"wp","href":"https:\/\/api.w.org\/{rel}","templated":true}]}}