{"id":667,"date":"2022-12-06T11:00:45","date_gmt":"2022-12-06T09:00:45","guid":{"rendered":"https:\/\/envise.io\/services-and-solutions\/"},"modified":"2023-01-30T14:59:57","modified_gmt":"2023-01-30T14:59:57","slug":"tjenester_losninger","status":"publish","type":"page","link":"https:\/\/envise.io\/no\/tjenester_losninger\/","title":{"rendered":"Tjenester og l\u00f8sninger"},"content":{"rendered":"\r\n<section class=\"bannerPage\">\r\n    <img decoding=\"async\" class=\"bannerPage__line\" src=\"https:\/\/envise.io\/wp-content\/themes\/envision\/assets\/img\/banner-home-line.svg\" alt=\"\">\r\n    <div class=\"container\">\r\n        <div class=\"wrap\">\r\n            <div class=\"breadcrumbs\">\r\n                <a class=\"breadcrumbs__link\" href=\"https:\/\/envise.io\/no\/\" class=\"\">\r\n                    <span>Hjem<\/span>\r\n                    <svg width=\"16\" height=\"16\" viewBox=\"0 0 16 16\" fill=\"none\" xmlns=\"http:\/\/www.w3.org\/2000\/svg\">\r\n                        <circle cx=\"8\" cy=\"8\" r=\"7.5\" stroke=\"#303233\" \/>\r\n                        <path d=\"M8.9 6L8.477 6.40286L9.851 7.71429H5V8.28571H9.851L8.474 9.59714L8.9 10L11 8L8.9 6Z\" fill=\"black\" \/>\r\n                    <\/svg>\r\n                <\/a>\r\n                <span class=\"breadcrumbs__item\">\r\n                    Tjenester og l\u00f8sninger                <\/span>\r\n            <\/div>\r\n            <h1>Tjenester og l\u00f8sninger<\/h1>\r\n                            <p>V\u00e5re l\u00f8sninger er laget for \u00e5 hjelpe dere \u00e5 enkelt velge, bestille, skape, tilpasse og h\u00e5ndtere deres eiendom online og for \u00e5 fylle dine systembehov f\u00f8r, under og etter utvikling og konstruksjon.\r\n<br><br> Fra virtuelle showrooms, til innovativ tilvalgsportal til smidig oppgaveh\u00e5ndtering &#8211; vi tilbyr en rekke innovative verkt\u00f8y som hjelper deg med \u00e5 kommunisere med dine kunder p\u00e5 nye og spennende m\u00e5ter samt for \u00e5 hjelpe deg \u00e5 drive salg og \u00f8ke kundens engasjement.<\/p>\r\n                    <\/div>\r\n    <\/div>\r\n<\/section>\n\n\r\n<section id=\"services\" class=\"services \" style=\"\">\r\n    <div class=\"container\">\r\n\r\n                    <div class=\"wrap\">\r\n                                    \r\n<a href=\"https:\/\/envise.io\/no\/\/tjenester_losninger\/visualiseringer\" class=\"card\">\r\n            <img decoding=\"async\" src=\"https:\/\/envise.io\/wp-content\/uploads\/2022\/12\/scandi-livingroom_by_Envise.jpg\" alt=\"Image\">\r\n        <div class=\"card__content\">\r\n        <span class=\"card__subtitle\">\r\n                    <\/span>\r\n        <h2>Visualiseringer<\/h2>\r\n    <\/div>\r\n    <div class=\"card__back\">\r\n        <div class=\"card__back_content\">\r\n            <h4>Visualiseringer<\/h4>\r\n                            <p>\r\n                    <p>Ved hjelp av realistiske og detaljerte bilder kan du vise potensialet til en eiendom p\u00e5 en m\u00e5te som aldri f\u00f8r har v\u00e6rt mulig, Forvandle lokalene dine eller ditt enn\u00e5 ikke p\u00e5begynte eiendomsprosjekt til en inspirerende. fotorealistisk virkelighet. Ved hjelp av profesjonelt produserte 3D-bilder og tegninger kan du gi kunder og samarbeidspartnere et klart bilde av hvordan det ferdige prosjektet vil se ut. Dette \u00f8ker forst\u00e5elsen for prosjektet og gir mulighet til \u00e5 gj\u00f8re endringer p\u00e5 et tidlig tidspunkt, noe som kan redusere risiko og kostnader. Visualiseringer er ogs\u00e5 et flott verkt\u00f8y for \u00e5 selge eiendom, da de gir en unik mulighet til \u00e5 vise frem eiendommen p\u00e5 en lettfattelig og attraktiv m\u00e5te.<\/p>\n                <\/p>\r\n                        <svg width=\"40\" height=\"40\" viewBox=\"0 0 40 40\" fill=\"none\" xmlns=\"http:\/\/www.w3.org\/2000\/svg\">\r\n                <circle cx=\"20\" cy=\"20\" r=\"19.5\" stroke=\"white\" \/>\r\n                <path d=\"M21.9997 15.3333L21.0597 16.2733L24.113 19.3333H13.333V20.6666H24.113L21.053 23.7266L21.9997 24.6666L26.6663 19.9999L21.9997 15.3333Z\" fill=\"white\" \/>\r\n            <\/svg>\r\n        <\/div>\r\n    <\/div>\r\n<\/a>                                    \r\n<a href=\"https:\/\/envise.io\/no\/\/tjenester_losninger\/interaktive-losninger\" class=\"card\">\r\n            <img decoding=\"async\" src=\"https:\/\/envise.io\/wp-content\/uploads\/2023\/01\/Boligvelger-mobil_av_Envise-scaled.jpg\" alt=\"Image\">\r\n        <div class=\"card__content\">\r\n        <span class=\"card__subtitle\">\r\n                    <\/span>\r\n        <h2>Interaktive l\u00f8sninger<\/h2>\r\n    <\/div>\r\n    <div class=\"card__back\">\r\n        <div class=\"card__back_content\">\r\n            <h4>Interaktive l\u00f8sninger<\/h4>\r\n                            <p>\r\n                    <p><span style=\"font-weight: 400\">Interaktive l\u00f8sninger er den ultimat<\/span><span style=\"font-weight: 400\">e<\/span><span style=\"font-weight: 400\"> l\u00f8sningen for \u00e5 \u00f8ke effektiviteten, forbedre kundeopplevelsen og \u00f8ke gevinsten. Ved hjelp av teknologi som virtuelle visninger, eiendomsvelger og soldiagram kan eiendomsforetak tilby en mer brukervennlig og smidig tjeneste for sine kunder. Dessuten kan interaktive l\u00f8sninger hjelpe dere \u00e5 effektivisere tid for personalet, hvilket gir mer tid til \u00e5 fokusere p\u00e5 viktigere oppgaver. S\u00e5 om du vil ta eiendomsforetaket du jobber i til nye h\u00f8yder, b\u00f8r du investere i interaktive l\u00f8sninger.<\/span><\/p>\n                <\/p>\r\n                        <svg width=\"40\" height=\"40\" viewBox=\"0 0 40 40\" fill=\"none\" xmlns=\"http:\/\/www.w3.org\/2000\/svg\">\r\n                <circle cx=\"20\" cy=\"20\" r=\"19.5\" stroke=\"white\" \/>\r\n                <path d=\"M21.9997 15.3333L21.0597 16.2733L24.113 19.3333H13.333V20.6666H24.113L21.053 23.7266L21.9997 24.6666L26.6663 19.9999L21.9997 15.3333Z\" fill=\"white\" \/>\r\n            <\/svg>\r\n        <\/div>\r\n    <\/div>\r\n<\/a>                                    \r\n<a href=\"https:\/\/envise.io\/no\/\/tjenester_losninger\/kundeportale\" class=\"card\">\r\n            <img decoding=\"async\" src=\"https:\/\/envise.io\/wp-content\/uploads\/2022\/12\/Bonava_Altadalen_2_Hus_C_Kitchen_by_Envise.jpg\" alt=\"Image\">\r\n        <div class=\"card__content\">\r\n        <span class=\"card__subtitle\">\r\n                    <\/span>\r\n        <h2>Kundeportal<\/h2>\r\n    <\/div>\r\n    <div class=\"card__back\">\r\n        <div class=\"card__back_content\">\r\n            <h4>Kundeportal<\/h4>\r\n                            <p>\r\n                    <p><span data-sheets-value=\"{\" data-sheets-userformat=\"{\">Det har v\u00e6rt en stor utvikling i markedet der en rekke deler knyttet til kj\u00f8psreisen har blitt digitalisert de siste \u00e5rene, som visualisering, interessemeldinger, kontrakter, boligkonvolutter, opsjoner, bookinger, kommunikasjon, dokumenth\u00e5ndtering, tilgang, kvitteringer, medlemsstyring, befaringer, ettermarkedsstyring mm. En konsekvens av utviklingen er at sluttbrukeren har behov for \u00e5 samhandle med flere systemer hvor kommunikasjon og informasjon foreg\u00e5r via en rekke ulike kanaler og er tilgjengelig p\u00e5 en rekke ulike steder. Digitaliseringen av alle deler medf\u00f8rer ogs\u00e5 konsekvenser for boligutvikleren i form av en rekke leverand\u00f8rer, datakilder, lisenskostnader og systemer som ikke snakker sammen. P\u00e5 denne bakgrunn lanserer vi i Envise n\u00e5 \u00abkundeportalen\u00bb hvor vi \u00f8nsker \u00e5 lage en best mulig l\u00f8sning for sluttkunder og boligutviklere og som har som m\u00e5l \u00e5 forbedre kj\u00f8psprosessen og samle alle delene p\u00e5 ett og samme sted.<br \/>\n<\/span><\/p>\n                <\/p>\r\n                        <svg width=\"40\" height=\"40\" viewBox=\"0 0 40 40\" fill=\"none\" xmlns=\"http:\/\/www.w3.org\/2000\/svg\">\r\n                <circle cx=\"20\" cy=\"20\" r=\"19.5\" stroke=\"white\" \/>\r\n                <path d=\"M21.9997 15.3333L21.0597 16.2733L24.113 19.3333H13.333V20.6666H24.113L21.053 23.7266L21.9997 24.6666L26.6663 19.9999L21.9997 15.3333Z\" fill=\"white\" \/>\r\n            <\/svg>\r\n        <\/div>\r\n    <\/div>\r\n<\/a>                                    \r\n<a href=\"https:\/\/envise.io\/no\/\/tjenester_losninger\/ettermarkedshandtering\" class=\"card\">\r\n            <img decoding=\"async\" src=\"https:\/\/envise.io\/wp-content\/uploads\/2022\/12\/Magnolia-Fyren2_by_Envise.jpg\" alt=\"Image\">\r\n        <div class=\"card__content\">\r\n        <span class=\"card__subtitle\">\r\n                    <\/span>\r\n        <h2>Ettermarkedsh\u00e5ndtering<\/h2>\r\n    <\/div>\r\n    <div class=\"card__back\">\r\n        <div class=\"card__back_content\">\r\n            <h4>Ettermarkedsh\u00e5ndtering<\/h4>\r\n                            <p>\r\n                    <p><span data-sheets-value=\"{&quot;1&quot;:2,&quot;2&quot;:&quot;Vi i Envise ser ofte at det mangler dedikerte verkt\u00f8y for ettermarkedsarbeid innenfor prosjektutvikling\/byggebransjen, eller at eksisterende verkt\u00f8y ikke kan h\u00e5ndtere prosesser og krav p\u00e5 en tilfredsstillende m\u00e5te. Konsekvensen er vanligvis at det er mange manuelle grep og det er vanskelig \u00e5 f\u00e5 en klar oversikt over tydelig markerte saker, det er vanskelig \u00e5 h\u00e5ndtere kommunikasjon, det er vanskelig \u00e5 f\u00e5 god oversikt eller sporbarhet av sakens status og det er arbeidskrevende. \u00e5 kontrollere og f\u00f8lge opp n\u00f8kkeltall. Vi opplever at flere bedrifter ser etter systemer og metoder som kan hjelpe dem blant annet \u00e5 administrere ettermarkedet sitt p\u00e5 en mer effektiv m\u00e5te. Hos Envise ser vi ogs\u00e5 en trend at flere bedrifter \u00f8nsker \u00e5 begynne \u00e5 m\u00e5le ettermarked\/saksbehandling og f\u00f8lge opp sine samarbeidspartnere, underleverand\u00f8rer og byggeprosjekter, gjennom KPIer og n\u00f8kkeltall. V\u00e5r l\u00f8sning p\u00e5 dette heter Service, et ettermarkedssystem hvor du som kunde har full kontroll over sakene fra start til slutt og enkelt kan f\u00e5 statistikk&quot;}\" data-sheets-userformat=\"{&quot;2&quot;:13185,&quot;3&quot;:{&quot;1&quot;:0},&quot;10&quot;:0,&quot;11&quot;:4,&quot;12&quot;:0,&quot;15&quot;:&quot;Arial&quot;,&quot;16&quot;:9}\">Vi i Envise ser ofte at det mangler dedikerte verkt\u00f8y for ettermarkedsarbeid innenfor prosjektutvikling\/byggebransjen, eller at eksisterende verkt\u00f8y ikke kan h\u00e5ndtere prosesser og krav p\u00e5 en tilfredsstillende m\u00e5te. Konsekvensen er vanligvis at det er mange manuelle grep og det er vanskelig \u00e5 f\u00e5 en klar oversikt over tydelig markerte saker, det er vanskelig \u00e5 h\u00e5ndtere kommunikasjon, det er vanskelig \u00e5 f\u00e5 god oversikt eller sporbarhet av sakens status og det er arbeidskrevende. \u00e5 kontrollere og f\u00f8lge opp n\u00f8kkeltall. Vi opplever at flere bedrifter ser etter systemer og metoder som kan hjelpe dem blant annet \u00e5 administrere ettermarkedet sitt p\u00e5 en mer effektiv m\u00e5te. Hos Envise ser vi ogs\u00e5 en trend at flere bedrifter \u00f8nsker \u00e5 begynne \u00e5 m\u00e5le ettermarked\/saksbehandling og f\u00f8lge opp sine samarbeidspartnere, underleverand\u00f8rer og byggeprosjekter, gjennom KPIer og n\u00f8kkeltall. V\u00e5r l\u00f8sning p\u00e5 dette heter Service, et ettermarkedssystem hvor du som kunde har full kontroll over sakene fra start til slutt og enkelt kan f\u00e5 statistikk<\/span><\/p>\n                <\/p>\r\n                        <svg width=\"40\" height=\"40\" viewBox=\"0 0 40 40\" fill=\"none\" xmlns=\"http:\/\/www.w3.org\/2000\/svg\">\r\n                <circle cx=\"20\" cy=\"20\" r=\"19.5\" stroke=\"white\" \/>\r\n                <path d=\"M21.9997 15.3333L21.0597 16.2733L24.113 19.3333H13.333V20.6666H24.113L21.053 23.7266L21.9997 24.6666L26.6663 19.9999L21.9997 15.3333Z\" fill=\"white\" \/>\r\n            <\/svg>\r\n        <\/div>\r\n    <\/div>\r\n<\/a>                                    \r\n<a href=\"https:\/\/envise.io\/no\/\/tjenester_losninger\/kommersiella-fastigheter-no\" class=\"card\">\r\n            <img decoding=\"async\" src=\"https:\/\/envise.io\/wp-content\/uploads\/2023\/03\/Balder_Rental_Ringvagen_Realestate_office_web_by_Pixerymedia18.jpg\" alt=\"Image\">\r\n        <div class=\"card__content\">\r\n        <span class=\"card__subtitle\">\r\n                    <\/span>\r\n        <h2>Kommersiella Fastigheter<\/h2>\r\n    <\/div>\r\n    <div class=\"card__back\">\r\n        <div class=\"card__back_content\">\r\n            <h4>Kommersiella Fastigheter<\/h4>\r\n                        <svg width=\"40\" height=\"40\" viewBox=\"0 0 40 40\" fill=\"none\" xmlns=\"http:\/\/www.w3.org\/2000\/svg\">\r\n                <circle cx=\"20\" cy=\"20\" r=\"19.5\" stroke=\"white\" \/>\r\n                <path d=\"M21.9997 15.3333L21.0597 16.2733L24.113 19.3333H13.333V20.6666H24.113L21.053 23.7266L21.9997 24.6666L26.6663 19.9999L21.9997 15.3333Z\" fill=\"white\" \/>\r\n            <\/svg>\r\n        <\/div>\r\n    <\/div>\r\n<\/a>                            <\/div>\r\n        \r\n    <\/div>\r\n<\/section>\n\n\r\n<section id=\"we-help\" class=\"weHelp s_padding \" style=\"\">\r\n    <div class=\"container\">\r\n\r\n        <div class=\"wrap\">\r\n            <div class=\"weHelp__block\">\r\n                <svg class=\"weHelp__gradient\" width=\"628\" height=\"675\" viewBox=\"0 0 628 675\" fill=\"none\" xmlns=\"http:\/\/www.w3.org\/2000\/svg\">\r\n                    <path d=\"M369.078 899.982H628L270.732 8.00642C268.789 3.16921 264.124 0 258.923 0H0L357.268 891.994C359.212 896.831 363.876 900 369.078 900V899.982Z\" fill=\"url(#paint0_linear_673_4249)\" \/>\r\n                    <defs>\r\n                        <linearGradient id=\"paint0_linear_673_4249\" x1=\"-159\" y1=\"-101\" x2=\"-366.87\" y2=\"623.42\" gradientUnits=\"userSpaceOnUse\">\r\n                            <stop stop-color=\"#E89FE4\" \/>\r\n                            <stop offset=\"1\" stop-color=\"#FED97A\" stop-opacity=\"0\" \/>\r\n                        <\/linearGradient>\r\n                    <\/defs>\r\n                <\/svg>\r\n                                    <div class=\"weHelp__img\">\r\n                                                    <img decoding=\"async\" src=\"https:\/\/envise.io\/wp-content\/uploads\/2023\/01\/Detail-3D-image_by_Envise.jpg\" alt=\"\">\r\n                                            <\/div>\r\n                                            <\/div>\r\n            <div class=\"weHelp__content\">\r\n                                    <h3>Vi er her for deg!<\/h3>\r\n                                                    <p>\r\n                        La oss digitalisere deres eiendomsprosjekt. Kontakt oss i dag for \u00e5 h\u00f8re mer om hvordan vi kan optimalisere deres virksomhet.                    <\/p>\r\n                                                    <a href=\"https:\/\/envise.io\/no\/kontakt\/\" class=\"btn btnOutline\">\r\n                        Book demo                    <\/a>\r\n                            <\/div>\r\n        <\/div>\r\n\r\n    <\/div>\r\n<\/section>","protected":false},"excerpt":{"rendered":"","protected":false},"author":11,"featured_media":0,"parent":0,"menu_order":0,"comment_status":"closed","ping_status":"closed","template":"","meta":{"_acf_changed":false,"footnotes":""},"class_list":["post-667","page","type-page","status-publish","hentry"],"acf":[],"yoast_head":"<!-- This site is optimized with the Yoast SEO plugin v27.2 - https:\/\/yoast.com\/product\/yoast-seo-wordpress\/ -->\n<title>Tjenester og l\u00f8sninger - Envise<\/title>\n<meta name=\"description\" content=\"V\u00e5re l\u00f8sninger er innovative, skapt for \u00e5 hjelpa dere \u00e5 drive engasjement og salg, fra virtuelle showroom til tilvalgsh\u00e5ndtering.\" \/>\n<meta name=\"robots\" content=\"index, follow, max-snippet:-1, max-image-preview:large, max-video-preview:-1\" \/>\n<link rel=\"canonical\" href=\"https:\/\/envise.io\/no\/tjenester_losninger\/\" \/>\n<script type=\"application\/ld+json\" class=\"yoast-schema-graph\">{\"@context\":\"https:\/\/schema.org\",\"@graph\":[{\"@type\":\"WebPage\",\"@id\":\"https:\/\/envise.io\/no\/tjenester_losninger\/\",\"url\":\"https:\/\/envise.io\/no\/tjenester_losninger\/\",\"name\":\"Tjenester og l\u00f8sninger - Envise\",\"isPartOf\":{\"@id\":\"https:\/\/envise.io\/no\/#website\"},\"datePublished\":\"2022-12-06T09:00:45+00:00\",\"dateModified\":\"2023-01-30T14:59:57+00:00\",\"description\":\"V\u00e5re l\u00f8sninger er innovative, skapt for \u00e5 hjelpa dere \u00e5 drive engasjement og salg, fra virtuelle showroom til tilvalgsh\u00e5ndtering.\",\"breadcrumb\":{\"@id\":\"https:\/\/envise.io\/no\/tjenester_losninger\/#breadcrumb\"},\"inLanguage\":\"nb-NO\",\"potentialAction\":[{\"@type\":\"ReadAction\",\"target\":[\"https:\/\/envise.io\/no\/tjenester_losninger\/\"]}]},{\"@type\":\"BreadcrumbList\",\"@id\":\"https:\/\/envise.io\/no\/tjenester_losninger\/#breadcrumb\",\"itemListElement\":[{\"@type\":\"ListItem\",\"position\":1,\"name\":\"Home\",\"item\":\"https:\/\/envise.io\/no\/\"},{\"@type\":\"ListItem\",\"position\":2,\"name\":\"Tjenester og l\u00f8sninger\"}]},{\"@type\":\"WebSite\",\"@id\":\"https:\/\/envise.io\/no\/#website\",\"url\":\"https:\/\/envise.io\/no\/\",\"name\":\"Envise\",\"description\":\"Envise provides real estate with an interactive experience of the future property while handling the present real estate\",\"potentialAction\":[{\"@type\":\"SearchAction\",\"target\":{\"@type\":\"EntryPoint\",\"urlTemplate\":\"https:\/\/envise.io\/no\/?s={search_term_string}\"},\"query-input\":{\"@type\":\"PropertyValueSpecification\",\"valueRequired\":true,\"valueName\":\"search_term_string\"}}],\"inLanguage\":\"nb-NO\"}]}<\/script>\n<!-- \/ Yoast SEO plugin. -->","yoast_head_json":{"title":"Tjenester og l\u00f8sninger - Envise","description":"V\u00e5re l\u00f8sninger er innovative, skapt for \u00e5 hjelpa dere \u00e5 drive engasjement og salg, fra virtuelle showroom til tilvalgsh\u00e5ndtering.","robots":{"index":"index","follow":"follow","max-snippet":"max-snippet:-1","max-image-preview":"max-image-preview:large","max-video-preview":"max-video-preview:-1"},"canonical":"https:\/\/envise.io\/no\/tjenester_losninger\/","schema":{"@context":"https:\/\/schema.org","@graph":[{"@type":"WebPage","@id":"https:\/\/envise.io\/no\/tjenester_losninger\/","url":"https:\/\/envise.io\/no\/tjenester_losninger\/","name":"Tjenester og l\u00f8sninger - Envise","isPartOf":{"@id":"https:\/\/envise.io\/no\/#website"},"datePublished":"2022-12-06T09:00:45+00:00","dateModified":"2023-01-30T14:59:57+00:00","description":"V\u00e5re l\u00f8sninger er innovative, skapt for \u00e5 hjelpa dere \u00e5 drive engasjement og salg, fra virtuelle showroom til tilvalgsh\u00e5ndtering.","breadcrumb":{"@id":"https:\/\/envise.io\/no\/tjenester_losninger\/#breadcrumb"},"inLanguage":"nb-NO","potentialAction":[{"@type":"ReadAction","target":["https:\/\/envise.io\/no\/tjenester_losninger\/"]}]},{"@type":"BreadcrumbList","@id":"https:\/\/envise.io\/no\/tjenester_losninger\/#breadcrumb","itemListElement":[{"@type":"ListItem","position":1,"name":"Home","item":"https:\/\/envise.io\/no\/"},{"@type":"ListItem","position":2,"name":"Tjenester og l\u00f8sninger"}]},{"@type":"WebSite","@id":"https:\/\/envise.io\/no\/#website","url":"https:\/\/envise.io\/no\/","name":"Envise","description":"Envise provides real estate with an interactive experience of the future property while handling the present real estate","potentialAction":[{"@type":"SearchAction","target":{"@type":"EntryPoint","urlTemplate":"https:\/\/envise.io\/no\/?s={search_term_string}"},"query-input":{"@type":"PropertyValueSpecification","valueRequired":true,"valueName":"search_term_string"}}],"inLanguage":"nb-NO"}]}},"_links":{"self":[{"href":"https:\/\/envise.io\/no\/wp-json\/wp\/v2\/pages\/667","targetHints":{"allow":["GET"]}}],"collection":[{"href":"https:\/\/envise.io\/no\/wp-json\/wp\/v2\/pages"}],"about":[{"href":"https:\/\/envise.io\/no\/wp-json\/wp\/v2\/types\/page"}],"author":[{"embeddable":true,"href":"https:\/\/envise.io\/no\/wp-json\/wp\/v2\/users\/11"}],"replies":[{"embeddable":true,"href":"https:\/\/envise.io\/no\/wp-json\/wp\/v2\/comments?post=667"}],"version-history":[{"count":5,"href":"https:\/\/envise.io\/no\/wp-json\/wp\/v2\/pages\/667\/revisions"}],"predecessor-version":[{"id":2617,"href":"https:\/\/envise.io\/no\/wp-json\/wp\/v2\/pages\/667\/revisions\/2617"}],"wp:attachment":[{"href":"https:\/\/envise.io\/no\/wp-json\/wp\/v2\/media?parent=667"}],"curies":[{"name":"wp","href":"https:\/\/api.w.org\/{rel}","templated":true}]}}