{"id":1844,"date":"2022-12-28T12:57:11","date_gmt":"2022-12-28T10:57:11","guid":{"rendered":"https:\/\/envise.io\/support\/"},"modified":"2025-01-21T11:18:13","modified_gmt":"2025-01-21T09:18:13","slug":"support","status":"publish","type":"page","link":"https:\/\/envise.io\/sv\/support\/","title":{"rendered":"Support"},"content":{"rendered":"\r\n<section class=\"bannerPage\">\r\n    <img decoding=\"async\" class=\"bannerPage__line\" src=\"https:\/\/envise.io\/wp-content\/themes\/envision\/assets\/img\/banner-home-line.svg\" alt=\"\">\r\n    <div class=\"container\">\r\n        <div class=\"wrap\">\r\n            <div class=\"breadcrumbs\">\r\n                <a class=\"breadcrumbs__link\" href=\"https:\/\/envise.io\/sv\/\" class=\"\">\r\n                    <span>Start<\/span>\r\n                    <svg width=\"16\" height=\"16\" viewBox=\"0 0 16 16\" fill=\"none\" xmlns=\"http:\/\/www.w3.org\/2000\/svg\">\r\n                        <circle cx=\"8\" cy=\"8\" r=\"7.5\" stroke=\"#303233\" \/>\r\n                        <path d=\"M8.9 6L8.477 6.40286L9.851 7.71429H5V8.28571H9.851L8.474 9.59714L8.9 10L11 8L8.9 6Z\" fill=\"black\" \/>\r\n                    <\/svg>\r\n                <\/a>\r\n                <span class=\"breadcrumbs__item\">\r\n                    Support                <\/span>\r\n            <\/div>\r\n            <h1>Support<\/h1>\r\n                            <p>Vi finns h\u00e4r f\u00f6r dig. Kontakta v\u00e5r support f\u00f6r hj\u00e4lp!<\/p>\r\n                    <\/div>\r\n    <\/div>\r\n<\/section>\n\n\r\n<section class=\"otherPage s_padding \" style=\"\">\r\n    <div class=\"container\">\r\n\r\n        <div class=\"wrap\">\r\n                            <h2 class=\"title mb-t\">\r\n                    Kunskapsdatabas                <\/h2>\r\n                                        <p class=\"otherPage__desc mb-p\">Svaren p\u00e5 de vanligaste fr\u00e5gorna hittar du i v\u00e5r Kunskapsdatabas.<\/p>\r\n                                        <a href=\"https:\/\/brightlabs.freshdesk.com\/sv-SE\/support\/solutions\" class=\"btn btnOutline\" target=\"_blank\" >\r\n                    Till kunskapsdatabasen                <\/a>\r\n                    <\/div>\r\n\r\n    <\/div>\r\n<\/section>\n\n\r\n<section class=\"otherPage s_padding \" style=\"padding-top: 0px\">\r\n    <div class=\"container\">\r\n\r\n        <div class=\"wrap\">\r\n                                        <p class=\"otherPage__desc mb-p\">Beh\u00f6ver du hj\u00e4lp f\u00e5r du det snabbast genom att skapa ett \u00e4rende i v\u00e5rt supportsystem (ej f\u00f6r felanm\u00e4lan av bostad\/fastighet d\u00e4r du ist\u00e4llet v\u00e4nder dig till fastighetsansvarig eller motsvarande).<\/p>\r\n                                        <a href=\"https:\/\/brightlabs.freshdesk.com\/sv-SE\/support\/tickets\/new\" class=\"btn btnOutline\" target=\"_blank\" >\r\n                    Skapa \u00e4rende                <\/a>\r\n                    <\/div>\r\n\r\n    <\/div>\r\n<\/section>\n\n\r\n<section class=\"otherPage s_padding \" style=\"padding-top: 0px\">\r\n    <div class=\"container\">\r\n\r\n        <div class=\"wrap\">\r\n                                        <p class=\"otherPage__desc mb-p\">\r\n\r\nDet g\u00e5r s\u00e5klart \u00e4ven att skicka ett vanligt mail. Ber\u00e4tta vilket system \u00e4rendet g\u00e4ller, \r\nvilket f\u00f6retag du jobbar p\u00e5 och beskriv utf\u00f6rligt vad du beh\u00f6ver hj\u00e4lp med.<br>\r\n<a href=\"mailto:support@envise.io\"> support@envise.io <\/a><\/p>\r\n                                <\/div>\r\n\r\n    <\/div>\r\n<\/section>","protected":false},"excerpt":{"rendered":"","protected":false},"author":11,"featured_media":0,"parent":0,"menu_order":0,"comment_status":"closed","ping_status":"closed","template":"","meta":{"_acf_changed":false,"footnotes":""},"class_list":["post-1844","page","type-page","status-publish","hentry"],"acf":[],"yoast_head":"<!-- This site is optimized with the Yoast SEO plugin v27.2 - https:\/\/yoast.com\/product\/yoast-seo-wordpress\/ -->\n<title>Support - Envise<\/title>\n<meta name=\"description\" content=\"Vi finns h\u00e4r f\u00f6r dig, f\u00f6r att guida dig och st\u00f6dja dig f\u00f6r en optimerad upplevelse. Tveka inte att kontakta oss om du har fr\u00e5gor!\" \/>\n<meta name=\"robots\" content=\"index, follow, max-snippet:-1, max-image-preview:large, max-video-preview:-1\" \/>\n<link rel=\"canonical\" href=\"https:\/\/envise.io\/sv\/support\/\" \/>\n<script type=\"application\/ld+json\" class=\"yoast-schema-graph\">{\"@context\":\"https:\/\/schema.org\",\"@graph\":[{\"@type\":\"WebPage\",\"@id\":\"https:\/\/envise.io\/sv\/support\/\",\"url\":\"https:\/\/envise.io\/sv\/support\/\",\"name\":\"Support - Envise\",\"isPartOf\":{\"@id\":\"https:\/\/envise.io\/sv\/#website\"},\"datePublished\":\"2022-12-28T10:57:11+00:00\",\"dateModified\":\"2025-01-21T09:18:13+00:00\",\"description\":\"Vi finns h\u00e4r f\u00f6r dig, f\u00f6r att guida dig och st\u00f6dja dig f\u00f6r en optimerad upplevelse. Tveka inte att kontakta oss om du har fr\u00e5gor!\",\"breadcrumb\":{\"@id\":\"https:\/\/envise.io\/sv\/support\/#breadcrumb\"},\"inLanguage\":\"sv-SE\",\"potentialAction\":[{\"@type\":\"ReadAction\",\"target\":[\"https:\/\/envise.io\/sv\/support\/\"]}]},{\"@type\":\"BreadcrumbList\",\"@id\":\"https:\/\/envise.io\/sv\/support\/#breadcrumb\",\"itemListElement\":[{\"@type\":\"ListItem\",\"position\":1,\"name\":\"Home\",\"item\":\"https:\/\/envise.io\/sv\/\"},{\"@type\":\"ListItem\",\"position\":2,\"name\":\"Support\"}]},{\"@type\":\"WebSite\",\"@id\":\"https:\/\/envise.io\/sv\/#website\",\"url\":\"https:\/\/envise.io\/sv\/\",\"name\":\"Envise\",\"description\":\"Envise provides real estate with an interactive experience of the future property while handling the present real estate\",\"potentialAction\":[{\"@type\":\"SearchAction\",\"target\":{\"@type\":\"EntryPoint\",\"urlTemplate\":\"https:\/\/envise.io\/sv\/?s={search_term_string}\"},\"query-input\":{\"@type\":\"PropertyValueSpecification\",\"valueRequired\":true,\"valueName\":\"search_term_string\"}}],\"inLanguage\":\"sv-SE\"}]}<\/script>\n<!-- \/ Yoast SEO plugin. -->","yoast_head_json":{"title":"Support - Envise","description":"Vi finns h\u00e4r f\u00f6r dig, f\u00f6r att guida dig och st\u00f6dja dig f\u00f6r en optimerad upplevelse. Tveka inte att kontakta oss om du har fr\u00e5gor!","robots":{"index":"index","follow":"follow","max-snippet":"max-snippet:-1","max-image-preview":"max-image-preview:large","max-video-preview":"max-video-preview:-1"},"canonical":"https:\/\/envise.io\/sv\/support\/","schema":{"@context":"https:\/\/schema.org","@graph":[{"@type":"WebPage","@id":"https:\/\/envise.io\/sv\/support\/","url":"https:\/\/envise.io\/sv\/support\/","name":"Support - Envise","isPartOf":{"@id":"https:\/\/envise.io\/sv\/#website"},"datePublished":"2022-12-28T10:57:11+00:00","dateModified":"2025-01-21T09:18:13+00:00","description":"Vi finns h\u00e4r f\u00f6r dig, f\u00f6r att guida dig och st\u00f6dja dig f\u00f6r en optimerad upplevelse. Tveka inte att kontakta oss om du har fr\u00e5gor!","breadcrumb":{"@id":"https:\/\/envise.io\/sv\/support\/#breadcrumb"},"inLanguage":"sv-SE","potentialAction":[{"@type":"ReadAction","target":["https:\/\/envise.io\/sv\/support\/"]}]},{"@type":"BreadcrumbList","@id":"https:\/\/envise.io\/sv\/support\/#breadcrumb","itemListElement":[{"@type":"ListItem","position":1,"name":"Home","item":"https:\/\/envise.io\/sv\/"},{"@type":"ListItem","position":2,"name":"Support"}]},{"@type":"WebSite","@id":"https:\/\/envise.io\/sv\/#website","url":"https:\/\/envise.io\/sv\/","name":"Envise","description":"Envise provides real estate with an interactive experience of the future property while handling the present real estate","potentialAction":[{"@type":"SearchAction","target":{"@type":"EntryPoint","urlTemplate":"https:\/\/envise.io\/sv\/?s={search_term_string}"},"query-input":{"@type":"PropertyValueSpecification","valueRequired":true,"valueName":"search_term_string"}}],"inLanguage":"sv-SE"}]}},"_links":{"self":[{"href":"https:\/\/envise.io\/sv\/wp-json\/wp\/v2\/pages\/1844","targetHints":{"allow":["GET"]}}],"collection":[{"href":"https:\/\/envise.io\/sv\/wp-json\/wp\/v2\/pages"}],"about":[{"href":"https:\/\/envise.io\/sv\/wp-json\/wp\/v2\/types\/page"}],"author":[{"embeddable":true,"href":"https:\/\/envise.io\/sv\/wp-json\/wp\/v2\/users\/11"}],"replies":[{"embeddable":true,"href":"https:\/\/envise.io\/sv\/wp-json\/wp\/v2\/comments?post=1844"}],"version-history":[{"count":5,"href":"https:\/\/envise.io\/sv\/wp-json\/wp\/v2\/pages\/1844\/revisions"}],"predecessor-version":[{"id":5799,"href":"https:\/\/envise.io\/sv\/wp-json\/wp\/v2\/pages\/1844\/revisions\/5799"}],"wp:attachment":[{"href":"https:\/\/envise.io\/sv\/wp-json\/wp\/v2\/media?parent=1844"}],"curies":[{"name":"wp","href":"https:\/\/api.w.org\/{rel}","templated":true}]}}