{"id":231,"date":"2022-12-06T11:00:45","date_gmt":"2022-12-06T09:00:45","guid":{"rendered":"https:\/\/envise.io\/services-and-solutions\/"},"modified":"2023-11-21T10:45:25","modified_gmt":"2023-11-21T08:45:25","slug":"tjanster_losningar","status":"publish","type":"page","link":"https:\/\/envise.io\/sv\/tjanster_losningar\/","title":{"rendered":"Tj\u00e4nster &#038; l\u00f6sningar"},"content":{"rendered":"\r\n<section class=\"bannerPage\">\r\n    <img decoding=\"async\" class=\"bannerPage__line\" src=\"https:\/\/envise.io\/wp-content\/themes\/envision\/assets\/img\/banner-home-line.svg\" alt=\"\">\r\n    <div class=\"container\">\r\n        <div class=\"wrap\">\r\n            <div class=\"breadcrumbs\">\r\n                <a class=\"breadcrumbs__link\" href=\"https:\/\/envise.io\/sv\/\" class=\"\">\r\n                    <span>Start<\/span>\r\n                    <svg width=\"16\" height=\"16\" viewBox=\"0 0 16 16\" fill=\"none\" xmlns=\"http:\/\/www.w3.org\/2000\/svg\">\r\n                        <circle cx=\"8\" cy=\"8\" r=\"7.5\" stroke=\"#303233\" \/>\r\n                        <path d=\"M8.9 6L8.477 6.40286L9.851 7.71429H5V8.28571H9.851L8.474 9.59714L8.9 10L11 8L8.9 6Z\" fill=\"black\" \/>\r\n                    <\/svg>\r\n                <\/a>\r\n                <span class=\"breadcrumbs__item\">\r\n                    Tj\u00e4nster &#038; l\u00f6sningar                <\/span>\r\n            <\/div>\r\n            <h1>Tj\u00e4nster &#038; l\u00f6sningar<\/h1>\r\n                            <p>Envise erbjuder en omfattande upps\u00e4ttning av l\u00f6sningar och tj\u00e4nster f\u00f6r framtida och befintliga fastigheter, fr\u00e5n id\u00e9 till eftermarknad och riktar sig till projektutvecklare, fastighets\u00e4gare samt totalentrepren\u00f6rer. <\/p>\r\n                    <\/div>\r\n    <\/div>\r\n<\/section>\n\n\r\n<section id=\"services\" class=\"services \" style=\"\">\r\n    <div class=\"container\">\r\n\r\n                    <div class=\"wrap\">\r\n                                    \r\n<a href=\"https:\/\/envise.io\/sv\/\/tjanster_losningar\/interaktiva-losningar\" class=\"card\">\r\n            <img decoding=\"async\" src=\"https:\/\/envise.io\/wp-content\/uploads\/2023\/01\/Bostadsvaljare-mobil_av_Envise-scaled.jpg\" alt=\"Image\">\r\n        <div class=\"card__content\">\r\n        <span class=\"card__subtitle\">\r\n                    <\/span>\r\n        <h2>Interaktiva l\u00f6sningar<\/h2>\r\n    <\/div>\r\n    <div class=\"card__back\">\r\n        <div class=\"card__back_content\">\r\n            <h4>Interaktiva l\u00f6sningar<\/h4>\r\n                            <p>\r\n                    <p>Interaktiva upplevelser av framtida och befintliga fastigheter \u00f6kar effektiviteten i s\u00e4lj-\/uthyrningsarbetet och f\u00f6rb\u00e4ttrar kundupplevelsen. Med hj\u00e4lp av teknologi som virtuella visningar, ytv\u00e4ljare och solstudier kan ni erbjuda en mer anv\u00e4ndarv\u00e4nlig och smidig tj\u00e4nst f\u00f6r era kunder.<\/span><\/p>\n<p>Se exempel nedan.<\/p>\n                <\/p>\r\n                        <svg width=\"40\" height=\"40\" viewBox=\"0 0 40 40\" fill=\"none\" xmlns=\"http:\/\/www.w3.org\/2000\/svg\">\r\n                <circle cx=\"20\" cy=\"20\" r=\"19.5\" stroke=\"white\" \/>\r\n                <path d=\"M21.9997 15.3333L21.0597 16.2733L24.113 19.3333H13.333V20.6666H24.113L21.053 23.7266L21.9997 24.6666L26.6663 19.9999L21.9997 15.3333Z\" fill=\"white\" \/>\r\n            <\/svg>\r\n        <\/div>\r\n    <\/div>\r\n<\/a>                                    \r\n<a href=\"https:\/\/envise.io\/sv\/\/tjanster_losningar\/visualiseringar\" class=\"card\">\r\n            <img decoding=\"async\" src=\"https:\/\/envise.io\/wp-content\/uploads\/2023\/01\/scandi-livingroom_by_Envise.jpg\" alt=\"Image\">\r\n        <div class=\"card__content\">\r\n        <span class=\"card__subtitle\">\r\n                    <\/span>\r\n        <h2>Visualiseringar<\/h2>\r\n    <\/div>\r\n    <div class=\"card__back\">\r\n        <div class=\"card__back_content\">\r\n            <h4>Visualiseringar<\/h4>\r\n                            <p>\r\n                    <p>Med hj\u00e4lp av realistiska och detaljerade visualiseringar kan ni visa potentialen hos en fastighet p\u00e5 ett s\u00e4tt som aldrig tidigare varit m\u00f6jligt. F\u00f6rvandla er lokal eller ert \u00e4nnu inte p\u00e5b\u00f6rjade fastighetsprojekt till en inspirerande, fotorealistisk verklighet. Med hj\u00e4lp av professionellt producerade 3D-bilder och ritningar kan man ge kunder och samarbetspartners en klar bild av hur det f\u00e4rdiga projektet kommer att se ut.<\/p>\n<p>Se exempel nedan.<\/p>\n                <\/p>\r\n                        <svg width=\"40\" height=\"40\" viewBox=\"0 0 40 40\" fill=\"none\" xmlns=\"http:\/\/www.w3.org\/2000\/svg\">\r\n                <circle cx=\"20\" cy=\"20\" r=\"19.5\" stroke=\"white\" \/>\r\n                <path d=\"M21.9997 15.3333L21.0597 16.2733L24.113 19.3333H13.333V20.6666H24.113L21.053 23.7266L21.9997 24.6666L26.6663 19.9999L21.9997 15.3333Z\" fill=\"white\" \/>\r\n            <\/svg>\r\n        <\/div>\r\n    <\/div>\r\n<\/a>                                    \r\n<a href=\"https:\/\/envise.io\/sv\/\/tjanster_losningar\/kundportal\" class=\"card\">\r\n            <img decoding=\"async\" src=\"https:\/\/envise.io\/wp-content\/uploads\/2023\/01\/Bonava_Altadalen_2_Hus_C_Kitchen_by_Envise-1.jpg\" alt=\"Image\">\r\n        <div class=\"card__content\">\r\n        <span class=\"card__subtitle\">\r\n                    <\/span>\r\n        <h2>Kundportal<\/h2>\r\n    <\/div>\r\n    <div class=\"card__back\">\r\n        <div class=\"card__back_content\">\r\n            <h4>Kundportal<\/h4>\r\n                            <p>\r\n                    <p>Vi upplever en brist p\u00e5 helt\u00e4ckande l\u00f6sningar. Ofta anv\u00e4nds flera olika system och verktyg, vilket leder till ett fragmenterat arbetss\u00e4tt. Denna splittring f\u00f6rsv\u00e5rar processer, \u00f6kar kostnaderna och skapar ineffektivitet.<br \/>\nF\u00f6r att l\u00f6sa dessa utmaningar har vi utvecklat Kundportalen \u2013 en plattform som samlar alla viktiga delar p\u00e5 ett och samma st\u00e4lle. Genom v\u00e5r kundportal vill vi f\u00f6renkla k\u00f6presan och f\u00f6rb\u00e4ttra kundupplevelsen med en sammanh\u00e5llande l\u00f6sning. H\u00e4r kan anv\u00e4ndare hantera allt fr\u00e5n den digitala bop\u00e4rmen och direktkommunikation mellan boende och utvecklare till \u00f6versikt av bostaden och projektets utveckling. Tillvalshantering g\u00f6rs smidigt och alla viktiga dokument kan signeras digitalt. Dessutom kan bokningar som hisstider och hantverkstj\u00e4nster sk\u00f6tas enkelt, och det finns ett forum d\u00e4r grannar kan interagera och dela information.<\/p>\n<p>Med Kundportalen skapar vi en digital upplevelse d\u00e4r allt samlas p\u00e5 ett st\u00e4lle, vilket underl\u00e4ttar b\u00e5de f\u00f6r dig som utvecklare och f\u00f6r de boende.<\/p>\n                <\/p>\r\n                        <svg width=\"40\" height=\"40\" viewBox=\"0 0 40 40\" fill=\"none\" xmlns=\"http:\/\/www.w3.org\/2000\/svg\">\r\n                <circle cx=\"20\" cy=\"20\" r=\"19.5\" stroke=\"white\" \/>\r\n                <path d=\"M21.9997 15.3333L21.0597 16.2733L24.113 19.3333H13.333V20.6666H24.113L21.053 23.7266L21.9997 24.6666L26.6663 19.9999L21.9997 15.3333Z\" fill=\"white\" \/>\r\n            <\/svg>\r\n        <\/div>\r\n    <\/div>\r\n<\/a>                                    \r\n<a href=\"https:\/\/envise.io\/sv\/\/tjanster_losningar\/eftermarknad\" class=\"card\">\r\n            <img decoding=\"async\" src=\"https:\/\/envise.io\/wp-content\/uploads\/2022\/12\/Magnolia-Fyren2_by_Envise.jpg\" alt=\"Image\">\r\n        <div class=\"card__content\">\r\n        <span class=\"card__subtitle\">\r\n                    <\/span>\r\n        <h2>Eftermarknad<\/h2>\r\n    <\/div>\r\n    <div class=\"card__back\">\r\n        <div class=\"card__back_content\">\r\n            <h4>Eftermarknad<\/h4>\r\n                            <p>\r\n                    <p>En v\u00e4lsk\u00f6tt eftermarknad \u00e4r avg\u00f6rande f\u00f6r att bygga starka och varaktiga kundrelationer. N\u00e4r processen hanteras korrekt bidrar det inte bara till att st\u00e4rka f\u00f6retagets rykte, utan skapar \u00e4ven b\u00e4ttre f\u00f6ruts\u00e4ttningar f\u00f6r framtida aff\u00e4rer. Envise Service, som \u00e4r utvecklat specifikt f\u00f6r byggbranschen, erbjuder \u00f6verblick och sp\u00e5rbarhet \u00f6ver alla processer, samlad kommunikation mellan inblandade parter, effektiv delegering av \u00e4renden samt tillg\u00e5ng till statistik och nyckeltal f\u00f6r uppf\u00f6ljning.<\/p>\n<p>&nbsp;&nbsp;<\/p>\n<p>En god hantering av eftermarknaden ger inte bara n\u00f6jdare kunder, utan ocks\u00e5 v\u00e4rdefulla insikter f\u00f6r st\u00e4ndigt f\u00f6rb\u00e4ttringsarbete, b\u00e5de internt och i samarbete med externa akt\u00f6rer.<\/p>\n<p>&nbsp;&nbsp;<\/p>\n<p>Envise Service \u00e4r ett v\u00e4lbepr\u00f6vat system som har hanterat \u00f6ver 200 000 \u00e4renden och utg\u00f6r ett viktigt verktyg f\u00f6r att skapa merv\u00e4rde, trygghet och f\u00f6rtroende hos v\u00e5ra kunder.<\/p><\/p>\n                <\/p>\r\n                        <svg width=\"40\" height=\"40\" viewBox=\"0 0 40 40\" fill=\"none\" xmlns=\"http:\/\/www.w3.org\/2000\/svg\">\r\n                <circle cx=\"20\" cy=\"20\" r=\"19.5\" stroke=\"white\" \/>\r\n                <path d=\"M21.9997 15.3333L21.0597 16.2733L24.113 19.3333H13.333V20.6666H24.113L21.053 23.7266L21.9997 24.6666L26.6663 19.9999L21.9997 15.3333Z\" fill=\"white\" \/>\r\n            <\/svg>\r\n        <\/div>\r\n    <\/div>\r\n<\/a>                                    \r\n<a href=\"https:\/\/envise.io\/sv\/\/tjanster_losningar\/kommersiella-fastigheter\" class=\"card\">\r\n            <img decoding=\"async\" src=\"https:\/\/envise.io\/wp-content\/uploads\/2023\/03\/Balder_Rental_Ringvagen_Realestate_office_web_by_Pixerymedia18.jpg\" alt=\"Image\">\r\n        <div class=\"card__content\">\r\n        <span class=\"card__subtitle\">\r\n                    <\/span>\r\n        <h2>Kommersiella fastigheter<\/h2>\r\n    <\/div>\r\n    <div class=\"card__back\">\r\n        <div class=\"card__back_content\">\r\n            <h4>Kommersiella fastigheter<\/h4>\r\n                            <p>\r\n                    <p>Envise erbjuder kommersiella fastighetsakt\u00f6rer ett brett utbud av produkter genom hela v\u00e4rdekedjan.<\/p>\n                <\/p>\r\n                        <svg width=\"40\" height=\"40\" viewBox=\"0 0 40 40\" fill=\"none\" xmlns=\"http:\/\/www.w3.org\/2000\/svg\">\r\n                <circle cx=\"20\" cy=\"20\" r=\"19.5\" stroke=\"white\" \/>\r\n                <path d=\"M21.9997 15.3333L21.0597 16.2733L24.113 19.3333H13.333V20.6666H24.113L21.053 23.7266L21.9997 24.6666L26.6663 19.9999L21.9997 15.3333Z\" fill=\"white\" \/>\r\n            <\/svg>\r\n        <\/div>\r\n    <\/div>\r\n<\/a>                            <\/div>\r\n        \r\n    <\/div>\r\n<\/section>\n\n\r\n<section id=\"we-help\" class=\"weHelp s_padding \" style=\"\">\r\n    <div class=\"container\">\r\n\r\n        <div class=\"wrap\">\r\n            <div class=\"weHelp__block\">\r\n                <svg class=\"weHelp__gradient\" width=\"628\" height=\"675\" viewBox=\"0 0 628 675\" fill=\"none\" xmlns=\"http:\/\/www.w3.org\/2000\/svg\">\r\n                    <path d=\"M369.078 899.982H628L270.732 8.00642C268.789 3.16921 264.124 0 258.923 0H0L357.268 891.994C359.212 896.831 363.876 900 369.078 900V899.982Z\" fill=\"url(#paint0_linear_673_4249)\" \/>\r\n                    <defs>\r\n                        <linearGradient id=\"paint0_linear_673_4249\" x1=\"-159\" y1=\"-101\" x2=\"-366.87\" y2=\"623.42\" gradientUnits=\"userSpaceOnUse\">\r\n                            <stop stop-color=\"#E89FE4\" \/>\r\n                            <stop offset=\"1\" stop-color=\"#FED97A\" stop-opacity=\"0\" \/>\r\n                        <\/linearGradient>\r\n                    <\/defs>\r\n                <\/svg>\r\n                                    <div class=\"weHelp__img\">\r\n                                                    <img decoding=\"async\" src=\"https:\/\/envise.io\/wp-content\/uploads\/2023\/01\/Detail-3D-image_by_Envise.jpg\" alt=\"\">\r\n                                            <\/div>\r\n                                            <\/div>\r\n            <div class=\"weHelp__content\">\r\n                                    <h3>Vi finns h\u00e4r f\u00f6r dig!<\/h3>\r\n                                                    <p>\r\n                        L\u00e5t oss digitalisera era fastighetsprojekt. Kontakta oss idag f\u00f6r att h\u00f6ra mer om hur vi kan optimera er verksamhet.                    <\/p>\r\n                                                    <a href=\"https:\/\/envise.io\/sv\/kontakt\/\" class=\"btn btnOutline\">\r\n                        Kontakta oss f\u00f6r att boka en demo                    <\/a>\r\n                            <\/div>\r\n        <\/div>\r\n\r\n    <\/div>\r\n<\/section>","protected":false},"excerpt":{"rendered":"","protected":false},"author":11,"featured_media":0,"parent":0,"menu_order":0,"comment_status":"closed","ping_status":"closed","template":"","meta":{"_acf_changed":false,"footnotes":""},"class_list":["post-231","page","type-page","status-publish","hentry"],"acf":[],"yoast_head":"<!-- This site is optimized with the Yoast SEO plugin v27.2 - https:\/\/yoast.com\/product\/yoast-seo-wordpress\/ -->\n<title>Tj\u00e4nster &amp; l\u00f6sningar - Envise<\/title>\n<meta name=\"description\" content=\"V\u00e5ra l\u00f6sningar \u00e4r innovativa, skapade f\u00f6r att hj\u00e4lpa er att driva engagemang och f\u00f6rs\u00e4ljning, fr\u00e5n virtuella showrooms till tillvalshantering.\" \/>\n<meta name=\"robots\" content=\"index, follow, max-snippet:-1, max-image-preview:large, max-video-preview:-1\" \/>\n<link rel=\"canonical\" href=\"https:\/\/envise.io\/sv\/tjanster_losningar\/\" \/>\n<script type=\"application\/ld+json\" class=\"yoast-schema-graph\">{\"@context\":\"https:\/\/schema.org\",\"@graph\":[{\"@type\":\"WebPage\",\"@id\":\"https:\/\/envise.io\/sv\/tjanster_losningar\/\",\"url\":\"https:\/\/envise.io\/sv\/tjanster_losningar\/\",\"name\":\"Tj\u00e4nster & l\u00f6sningar - Envise\",\"isPartOf\":{\"@id\":\"https:\/\/envise.io\/sv\/#website\"},\"datePublished\":\"2022-12-06T09:00:45+00:00\",\"dateModified\":\"2023-11-21T08:45:25+00:00\",\"description\":\"V\u00e5ra l\u00f6sningar \u00e4r innovativa, skapade f\u00f6r att hj\u00e4lpa er att driva engagemang och f\u00f6rs\u00e4ljning, fr\u00e5n virtuella showrooms till tillvalshantering.\",\"breadcrumb\":{\"@id\":\"https:\/\/envise.io\/sv\/tjanster_losningar\/#breadcrumb\"},\"inLanguage\":\"sv-SE\",\"potentialAction\":[{\"@type\":\"ReadAction\",\"target\":[\"https:\/\/envise.io\/sv\/tjanster_losningar\/\"]}]},{\"@type\":\"BreadcrumbList\",\"@id\":\"https:\/\/envise.io\/sv\/tjanster_losningar\/#breadcrumb\",\"itemListElement\":[{\"@type\":\"ListItem\",\"position\":1,\"name\":\"Home\",\"item\":\"https:\/\/envise.io\/sv\/\"},{\"@type\":\"ListItem\",\"position\":2,\"name\":\"Tj\u00e4nster &#038; l\u00f6sningar\"}]},{\"@type\":\"WebSite\",\"@id\":\"https:\/\/envise.io\/sv\/#website\",\"url\":\"https:\/\/envise.io\/sv\/\",\"name\":\"Envise\",\"description\":\"Envise provides real estate with an interactive experience of the future property while handling the present real estate\",\"potentialAction\":[{\"@type\":\"SearchAction\",\"target\":{\"@type\":\"EntryPoint\",\"urlTemplate\":\"https:\/\/envise.io\/sv\/?s={search_term_string}\"},\"query-input\":{\"@type\":\"PropertyValueSpecification\",\"valueRequired\":true,\"valueName\":\"search_term_string\"}}],\"inLanguage\":\"sv-SE\"}]}<\/script>\n<!-- \/ Yoast SEO plugin. -->","yoast_head_json":{"title":"Tj\u00e4nster & l\u00f6sningar - Envise","description":"V\u00e5ra l\u00f6sningar \u00e4r innovativa, skapade f\u00f6r att hj\u00e4lpa er att driva engagemang och f\u00f6rs\u00e4ljning, fr\u00e5n virtuella showrooms till tillvalshantering.","robots":{"index":"index","follow":"follow","max-snippet":"max-snippet:-1","max-image-preview":"max-image-preview:large","max-video-preview":"max-video-preview:-1"},"canonical":"https:\/\/envise.io\/sv\/tjanster_losningar\/","schema":{"@context":"https:\/\/schema.org","@graph":[{"@type":"WebPage","@id":"https:\/\/envise.io\/sv\/tjanster_losningar\/","url":"https:\/\/envise.io\/sv\/tjanster_losningar\/","name":"Tj\u00e4nster & l\u00f6sningar - Envise","isPartOf":{"@id":"https:\/\/envise.io\/sv\/#website"},"datePublished":"2022-12-06T09:00:45+00:00","dateModified":"2023-11-21T08:45:25+00:00","description":"V\u00e5ra l\u00f6sningar \u00e4r innovativa, skapade f\u00f6r att hj\u00e4lpa er att driva engagemang och f\u00f6rs\u00e4ljning, fr\u00e5n virtuella showrooms till tillvalshantering.","breadcrumb":{"@id":"https:\/\/envise.io\/sv\/tjanster_losningar\/#breadcrumb"},"inLanguage":"sv-SE","potentialAction":[{"@type":"ReadAction","target":["https:\/\/envise.io\/sv\/tjanster_losningar\/"]}]},{"@type":"BreadcrumbList","@id":"https:\/\/envise.io\/sv\/tjanster_losningar\/#breadcrumb","itemListElement":[{"@type":"ListItem","position":1,"name":"Home","item":"https:\/\/envise.io\/sv\/"},{"@type":"ListItem","position":2,"name":"Tj\u00e4nster &#038; l\u00f6sningar"}]},{"@type":"WebSite","@id":"https:\/\/envise.io\/sv\/#website","url":"https:\/\/envise.io\/sv\/","name":"Envise","description":"Envise provides real estate with an interactive experience of the future property while handling the present real estate","potentialAction":[{"@type":"SearchAction","target":{"@type":"EntryPoint","urlTemplate":"https:\/\/envise.io\/sv\/?s={search_term_string}"},"query-input":{"@type":"PropertyValueSpecification","valueRequired":true,"valueName":"search_term_string"}}],"inLanguage":"sv-SE"}]}},"_links":{"self":[{"href":"https:\/\/envise.io\/sv\/wp-json\/wp\/v2\/pages\/231","targetHints":{"allow":["GET"]}}],"collection":[{"href":"https:\/\/envise.io\/sv\/wp-json\/wp\/v2\/pages"}],"about":[{"href":"https:\/\/envise.io\/sv\/wp-json\/wp\/v2\/types\/page"}],"author":[{"embeddable":true,"href":"https:\/\/envise.io\/sv\/wp-json\/wp\/v2\/users\/11"}],"replies":[{"embeddable":true,"href":"https:\/\/envise.io\/sv\/wp-json\/wp\/v2\/comments?post=231"}],"version-history":[{"count":5,"href":"https:\/\/envise.io\/sv\/wp-json\/wp\/v2\/pages\/231\/revisions"}],"predecessor-version":[{"id":4714,"href":"https:\/\/envise.io\/sv\/wp-json\/wp\/v2\/pages\/231\/revisions\/4714"}],"wp:attachment":[{"href":"https:\/\/envise.io\/sv\/wp-json\/wp\/v2\/media?parent=231"}],"curies":[{"name":"wp","href":"https:\/\/api.w.org\/{rel}","templated":true}]}}