{"id":325,"date":"2022-12-07T16:56:26","date_gmt":"2022-12-07T16:56:26","guid":{"rendered":"https:\/\/envise.io\/cases\/"},"modified":"2023-02-10T15:42:55","modified_gmt":"2023-02-10T15:42:55","slug":"referenser","status":"publish","type":"page","link":"https:\/\/envise.io\/sv\/referenser\/","title":{"rendered":"Referenser"},"content":{"rendered":"\r\n<section class=\"bannerPage\">\r\n    <img decoding=\"async\" class=\"bannerPage__line\" src=\"https:\/\/envise.io\/wp-content\/themes\/envision\/assets\/img\/banner-home-line.svg\" alt=\"\">\r\n    <div class=\"container\">\r\n        <div class=\"wrap\">\r\n            <div class=\"breadcrumbs\">\r\n                <a class=\"breadcrumbs__link\" href=\"https:\/\/envise.io\/sv\/\" class=\"\">\r\n                    <span>Start<\/span>\r\n                    <svg width=\"16\" height=\"16\" viewBox=\"0 0 16 16\" fill=\"none\" xmlns=\"http:\/\/www.w3.org\/2000\/svg\">\r\n                        <circle cx=\"8\" cy=\"8\" r=\"7.5\" stroke=\"#303233\" \/>\r\n                        <path d=\"M8.9 6L8.477 6.40286L9.851 7.71429H5V8.28571H9.851L8.474 9.59714L8.9 10L11 8L8.9 6Z\" fill=\"black\" \/>\r\n                    <\/svg>\r\n                <\/a>\r\n                <span class=\"breadcrumbs__item\">\r\n                    Referenser                <\/span>\r\n            <\/div>\r\n            <h1>Referenser<\/h1>\r\n                            <p>Vi \u00e4r v\u00e4ldigt stolta \u00f6ver alla de projekt som vi har hj\u00e4lpt v\u00e5ra kunder med under \u00e5ren, fr\u00e5n interaktiva webbl\u00f6sningar och visualiseringar till framg\u00e5ngsrika tillvalsprojekt och effektiviserad eftermarknadshantering.<\/p>\r\n                    <\/div>\r\n    <\/div>\r\n<\/section>\n\n\r\n<section id=\"cases-post\" class=\"allCases sm_p \" style=\"\">\r\n    <div class=\"container\">\r\n\r\n        <div class=\"wrap\">\r\n                                                                    \r\n<div class=\"horizontalCard\">\r\n    <a href=\"https:\/\/envise.io\/sv\/referenser\/bohusgatan-balder\/\" class=\"horizontalCard__img\">\r\n        <img decoding=\"async\" src=\"https:\/\/envise.io\/wp-content\/uploads\/2022\/12\/balder_bohusgatan_hero2_web-1-1200x671-1.jpeg\" alt=\"Thumbnail\">\r\n    <\/a>\r\n    <div class=\"horizontalCard__content\">\r\n        <h3>Bohusgatan, Balder<\/h3>\r\n        <div class=\"horizontalCard__cat\">\r\n                                                                        <a href=\"https:\/\/envise.io\/sv\/\/services\/virtuell-visning\">\r\n                            Virtuell visning,\r\n                        <\/a>\r\n                                                                                <a href=\"https:\/\/envise.io\/sv\/\/services\/solstudie\">\r\n                            Solstudie                        <\/a>\r\n                                                        <\/div>\r\n        <p>Balder v\u00e4nde sig till Envise f\u00f6r interaktiva webbl\u00f6sningar, f\u00f6r en b\u00e4ttre anv\u00e4ndarupplevelse och f\u00f6r att b\u00e4ttre kunna marknadsf\u00f6ra projektet.<\/p>\n        <a href=\"https:\/\/envise.io\/sv\/referenser\/bohusgatan-balder\/\" class=\"btn btnOutline\">\r\n            L\u00e4s mer        <\/a>\r\n    <\/div>\r\n<\/div>                                                        \r\n<div class=\"horizontalCard\">\r\n    <a href=\"https:\/\/envise.io\/sv\/referenser\/smadalaro-gard-hotell-spa\/\" class=\"horizontalCard__img\">\r\n        <img decoding=\"async\" src=\"https:\/\/envise.io\/wp-content\/uploads\/2022\/12\/sabis_terrcae-1200x671-1.jpeg\" alt=\"Thumbnail\">\r\n    <\/a>\r\n    <div class=\"horizontalCard__content\">\r\n        <h3>Sm\u00e5dalar\u00f6 G\u00e5rd Hotell &amp; Spa<\/h3>\r\n        <div class=\"horizontalCard__cat\">\r\n                                                                        <a href=\"https:\/\/envise.io\/sv\/\/services\/rorlig-bild\">\r\n                            R\u00f6rlig bild                        <\/a>\r\n                                                        <\/div>\r\n        <p>Sabis hade behov av interaktiva marknadsf\u00f6ringsl\u00f6sningar f\u00f6r att visa Sm\u00e5dalar\u00f6 G\u00e5rd Hotell &#038; Spa i digitala kanaler under ombyggnationen.<\/p>\n        <a href=\"https:\/\/envise.io\/sv\/referenser\/smadalaro-gard-hotell-spa\/\" class=\"btn btnOutline\">\r\n            L\u00e4s mer        <\/a>\r\n    <\/div>\r\n<\/div>                                                        \r\n<div class=\"horizontalCard\">\r\n    <a href=\"https:\/\/envise.io\/sv\/referenser\/bashof-properties\/\" class=\"horizontalCard__img\">\r\n        <img decoding=\"async\" src=\"https:\/\/envise.io\/wp-content\/uploads\/2022\/12\/Envise-commercial_knivsta_nav_web-1-1200x671-1.jpeg\" alt=\"Thumbnail\">\r\n    <\/a>\r\n    <div class=\"horizontalCard__content\">\r\n        <h3>Bashof Properties, Knivsta Park Cube Two<\/h3>\r\n        <div class=\"horizontalCard__cat\">\r\n                                                                        <a href=\"https:\/\/envise.io\/sv\/\/services\/virtuell-visning\">\r\n                            Virtuell visning,\r\n                        <\/a>\r\n                                                                                <a href=\"https:\/\/envise.io\/sv\/\/services\/3d-visualiseringar\">\r\n                            3D-visualiseringar                        <\/a>\r\n                                                        <\/div>\r\n        <p>Bashof anv\u00e4nder interaktiva marknadsf\u00f6ringsl\u00f6sningar f\u00f6r att f\u00f6rb\u00e4ttra anv\u00e4ndarupplevelsen f\u00f6r bes\u00f6kare i digitala kanaler. Visuellt material skapades f\u00f6r att anv\u00e4ndas i kanalerna och olika typer av interaktiva l\u00f6sningar introducerades.<\/p>\n        <a href=\"https:\/\/envise.io\/sv\/referenser\/bashof-properties\/\" class=\"btn btnOutline\">\r\n            L\u00e4s mer        <\/a>\r\n    <\/div>\r\n<\/div>                                                        \r\n<div class=\"horizontalCard\">\r\n    <a href=\"https:\/\/envise.io\/sv\/referenser\/stangastaden-forbattrar-tillvalsprocessen-med-envise\/\" class=\"horizontalCard__img\">\r\n        <img decoding=\"async\" src=\"https:\/\/envise.io\/wp-content\/uploads\/2024\/09\/Stangostaden-1.jpg\" alt=\"Thumbnail\">\r\n    <\/a>\r\n    <div class=\"horizontalCard__content\">\r\n        <h3>St\u00e5ng\u00e5staden f\u00f6rb\u00e4ttrar tillvalsprocessen med Envise<\/h3>\r\n        <div class=\"horizontalCard__cat\">\r\n                    <\/div>\r\n        <p>St\u00e5ng\u00e5staden, Link\u00f6pings st\u00f6rsta bostadsbolag och en av Sveriges ledande bostadsakt\u00f6rer, har valt Envise f\u00f6r att digitalisera och effektivisera sin tillvalshantering b\u00e5de vid nyproduktion och ombyggnation.<\/p>\n        <a href=\"https:\/\/envise.io\/sv\/referenser\/stangastaden-forbattrar-tillvalsprocessen-med-envise\/\" class=\"btn btnOutline\">\r\n            L\u00e4s mer        <\/a>\r\n    <\/div>\r\n<\/div>                                                        \r\n<div class=\"horizontalCard\">\r\n    <a href=\"https:\/\/envise.io\/sv\/referenser\/obos-valde-envise-for-att-effektivisera-sin-eftermarknadsprocess\/\" class=\"horizontalCard__img\">\r\n        <img decoding=\"async\" src=\"https:\/\/envise.io\/wp-content\/uploads\/2024\/09\/OBOS-1.jpg\" alt=\"Thumbnail\">\r\n    <\/a>\r\n    <div class=\"horizontalCard__content\">\r\n        <h3>OBOS valde Envise f\u00f6r att effektivisera sin eftermarknadsprocess<\/h3>\r\n        <div class=\"horizontalCard__cat\">\r\n                                                                        <a href=\"https:\/\/envise.io\/sv\/\/services\/eftermarknadshantering\">\r\n                            Eftermarknadshantering                        <\/a>\r\n                                                        <\/div>\r\n        <p>OBOS \u00e4r en av de st\u00f6rsta bostadsutvecklarna i Norge och Sverige, med en stark n\u00e4rvaro p\u00e5 bostadsmarknaden.<\/p>\n        <a href=\"https:\/\/envise.io\/sv\/referenser\/obos-valde-envise-for-att-effektivisera-sin-eftermarknadsprocess\/\" class=\"btn btnOutline\">\r\n            L\u00e4s mer        <\/a>\r\n    <\/div>\r\n<\/div>                                                        \r\n<div class=\"horizontalCard\">\r\n    <a href=\"https:\/\/envise.io\/sv\/referenser\/eftermarknadshantering-for-bonorr\/\" class=\"horizontalCard__img\">\r\n        <img decoding=\"async\" src=\"https:\/\/envise.io\/wp-content\/uploads\/2022\/12\/BoNorr-640x480-1.jpg\" alt=\"Thumbnail\">\r\n    <\/a>\r\n    <div class=\"horizontalCard__content\">\r\n        <h3>Eftermarknadshantering f\u00f6r BoNorr<\/h3>\r\n        <div class=\"horizontalCard__cat\">\r\n                                                                        <a href=\"https:\/\/envise.io\/sv\/\/services\/eftermarknadssystem\">\r\n                            Eftermarknad vs \u00e4rende                        <\/a>\r\n                                                        <\/div>\r\n        <p>BoNorr s\u00e4tter god kundservice i fokus i alla skeden, varp\u00e5 en v\u00e4lsk\u00f6tt och l\u00e4tt\u00f6versk\u00e5dlig eftermarknadshantering \u00e4r enormt viktig.<\/p>\n        <a href=\"https:\/\/envise.io\/sv\/referenser\/eftermarknadshantering-for-bonorr\/\" class=\"btn btnOutline\">\r\n            L\u00e4s mer        <\/a>\r\n    <\/div>\r\n<\/div>                                                <\/div>\r\n\r\n        \r\n    <\/div>\r\n<\/section>\n\n\r\n<section id=\"we-help\" class=\"weHelp s_padding \" style=\"\">\r\n    <div class=\"container\">\r\n\r\n        <div class=\"wrap\">\r\n            <div class=\"weHelp__block\">\r\n                <svg class=\"weHelp__gradient\" width=\"628\" height=\"675\" viewBox=\"0 0 628 675\" fill=\"none\" xmlns=\"http:\/\/www.w3.org\/2000\/svg\">\r\n                    <path d=\"M369.078 899.982H628L270.732 8.00642C268.789 3.16921 264.124 0 258.923 0H0L357.268 891.994C359.212 896.831 363.876 900 369.078 900V899.982Z\" fill=\"url(#paint0_linear_673_4249)\" \/>\r\n                    <defs>\r\n                        <linearGradient id=\"paint0_linear_673_4249\" x1=\"-159\" y1=\"-101\" x2=\"-366.87\" y2=\"623.42\" gradientUnits=\"userSpaceOnUse\">\r\n                            <stop stop-color=\"#E89FE4\" \/>\r\n                            <stop offset=\"1\" stop-color=\"#FED97A\" stop-opacity=\"0\" \/>\r\n                        <\/linearGradient>\r\n                    <\/defs>\r\n                <\/svg>\r\n                                    <div class=\"weHelp__img\">\r\n                                                    <img decoding=\"async\" src=\"https:\/\/envise.io\/wp-content\/uploads\/2023\/01\/Detail-3D-image_by_Envise.jpg\" alt=\"\">\r\n                                            <\/div>\r\n                                            <\/div>\r\n            <div class=\"weHelp__content\">\r\n                                    <h3>Vi finns h\u00e4r f\u00f6r dig!<\/h3>\r\n                                                    <p>\r\n                        L\u00e5t oss digitalisera era fastighetsprojekt. Kontakta oss idag f\u00f6r att h\u00f6ra mer om hur vi kan optimera er verksamhet.                    <\/p>\r\n                                                    <a href=\"https:\/\/envise.io\/sv\/kontakt\/\" class=\"btn btnOutline\">\r\n                        Kontakta oss f\u00f6r att boka en demo                    <\/a>\r\n                            <\/div>\r\n        <\/div>\r\n\r\n    <\/div>\r\n<\/section>","protected":false},"excerpt":{"rendered":"","protected":false},"author":11,"featured_media":0,"parent":0,"menu_order":0,"comment_status":"closed","ping_status":"closed","template":"","meta":{"_acf_changed":false,"footnotes":""},"class_list":["post-325","page","type-page","status-publish","hentry"],"acf":[],"yoast_head":"<!-- This site is optimized with the Yoast SEO plugin v27.2 - https:\/\/yoast.com\/product\/yoast-seo-wordpress\/ -->\n<title>Referenser - Envise<\/title>\n<meta name=\"description\" content=\"Vi l\u00e5ter v\u00e5ra referenser tala f\u00f6r sig sj\u00e4lva, fr\u00e5n vackra visualiseringar till framg\u00e5ngsrik tillvals- och eftermarknadshantering.\" \/>\n<meta name=\"robots\" content=\"index, follow, max-snippet:-1, max-image-preview:large, max-video-preview:-1\" \/>\n<link rel=\"canonical\" href=\"https:\/\/envise.io\/sv\/referenser\/\" \/>\n<script type=\"application\/ld+json\" class=\"yoast-schema-graph\">{\"@context\":\"https:\/\/schema.org\",\"@graph\":[{\"@type\":\"WebPage\",\"@id\":\"https:\/\/envise.io\/sv\/referenser\/\",\"url\":\"https:\/\/envise.io\/sv\/referenser\/\",\"name\":\"Referenser - Envise\",\"isPartOf\":{\"@id\":\"https:\/\/envise.io\/sv\/#website\"},\"datePublished\":\"2022-12-07T16:56:26+00:00\",\"dateModified\":\"2023-02-10T15:42:55+00:00\",\"description\":\"Vi l\u00e5ter v\u00e5ra referenser tala f\u00f6r sig sj\u00e4lva, fr\u00e5n vackra visualiseringar till framg\u00e5ngsrik tillvals- och eftermarknadshantering.\",\"breadcrumb\":{\"@id\":\"https:\/\/envise.io\/sv\/referenser\/#breadcrumb\"},\"inLanguage\":\"sv-SE\",\"potentialAction\":[{\"@type\":\"ReadAction\",\"target\":[\"https:\/\/envise.io\/sv\/referenser\/\"]}]},{\"@type\":\"BreadcrumbList\",\"@id\":\"https:\/\/envise.io\/sv\/referenser\/#breadcrumb\",\"itemListElement\":[{\"@type\":\"ListItem\",\"position\":1,\"name\":\"Home\",\"item\":\"https:\/\/envise.io\/sv\/\"},{\"@type\":\"ListItem\",\"position\":2,\"name\":\"Referenser\"}]},{\"@type\":\"WebSite\",\"@id\":\"https:\/\/envise.io\/sv\/#website\",\"url\":\"https:\/\/envise.io\/sv\/\",\"name\":\"Envise\",\"description\":\"Envise provides real estate with an interactive experience of the future property while handling the present real estate\",\"potentialAction\":[{\"@type\":\"SearchAction\",\"target\":{\"@type\":\"EntryPoint\",\"urlTemplate\":\"https:\/\/envise.io\/sv\/?s={search_term_string}\"},\"query-input\":{\"@type\":\"PropertyValueSpecification\",\"valueRequired\":true,\"valueName\":\"search_term_string\"}}],\"inLanguage\":\"sv-SE\"}]}<\/script>\n<!-- \/ Yoast SEO plugin. -->","yoast_head_json":{"title":"Referenser - Envise","description":"Vi l\u00e5ter v\u00e5ra referenser tala f\u00f6r sig sj\u00e4lva, fr\u00e5n vackra visualiseringar till framg\u00e5ngsrik tillvals- och eftermarknadshantering.","robots":{"index":"index","follow":"follow","max-snippet":"max-snippet:-1","max-image-preview":"max-image-preview:large","max-video-preview":"max-video-preview:-1"},"canonical":"https:\/\/envise.io\/sv\/referenser\/","schema":{"@context":"https:\/\/schema.org","@graph":[{"@type":"WebPage","@id":"https:\/\/envise.io\/sv\/referenser\/","url":"https:\/\/envise.io\/sv\/referenser\/","name":"Referenser - Envise","isPartOf":{"@id":"https:\/\/envise.io\/sv\/#website"},"datePublished":"2022-12-07T16:56:26+00:00","dateModified":"2023-02-10T15:42:55+00:00","description":"Vi l\u00e5ter v\u00e5ra referenser tala f\u00f6r sig sj\u00e4lva, fr\u00e5n vackra visualiseringar till framg\u00e5ngsrik tillvals- och eftermarknadshantering.","breadcrumb":{"@id":"https:\/\/envise.io\/sv\/referenser\/#breadcrumb"},"inLanguage":"sv-SE","potentialAction":[{"@type":"ReadAction","target":["https:\/\/envise.io\/sv\/referenser\/"]}]},{"@type":"BreadcrumbList","@id":"https:\/\/envise.io\/sv\/referenser\/#breadcrumb","itemListElement":[{"@type":"ListItem","position":1,"name":"Home","item":"https:\/\/envise.io\/sv\/"},{"@type":"ListItem","position":2,"name":"Referenser"}]},{"@type":"WebSite","@id":"https:\/\/envise.io\/sv\/#website","url":"https:\/\/envise.io\/sv\/","name":"Envise","description":"Envise provides real estate with an interactive experience of the future property while handling the present real estate","potentialAction":[{"@type":"SearchAction","target":{"@type":"EntryPoint","urlTemplate":"https:\/\/envise.io\/sv\/?s={search_term_string}"},"query-input":{"@type":"PropertyValueSpecification","valueRequired":true,"valueName":"search_term_string"}}],"inLanguage":"sv-SE"}]}},"_links":{"self":[{"href":"https:\/\/envise.io\/sv\/wp-json\/wp\/v2\/pages\/325","targetHints":{"allow":["GET"]}}],"collection":[{"href":"https:\/\/envise.io\/sv\/wp-json\/wp\/v2\/pages"}],"about":[{"href":"https:\/\/envise.io\/sv\/wp-json\/wp\/v2\/types\/page"}],"author":[{"embeddable":true,"href":"https:\/\/envise.io\/sv\/wp-json\/wp\/v2\/users\/11"}],"replies":[{"embeddable":true,"href":"https:\/\/envise.io\/sv\/wp-json\/wp\/v2\/comments?post=325"}],"version-history":[{"count":5,"href":"https:\/\/envise.io\/sv\/wp-json\/wp\/v2\/pages\/325\/revisions"}],"predecessor-version":[{"id":5480,"href":"https:\/\/envise.io\/sv\/wp-json\/wp\/v2\/pages\/325\/revisions\/5480"}],"wp:attachment":[{"href":"https:\/\/envise.io\/sv\/wp-json\/wp\/v2\/media?parent=325"}],"curies":[{"name":"wp","href":"https:\/\/api.w.org\/{rel}","templated":true}]}}