{"id":330,"date":"2022-12-07T16:58:34","date_gmt":"2022-12-07T16:58:34","guid":{"rendered":"https:\/\/envise.io\/news\/"},"modified":"2022-12-28T08:26:04","modified_gmt":"2022-12-28T08:26:04","slug":"nyheter","status":"publish","type":"page","link":"https:\/\/envise.io\/sv\/nyheter\/","title":{"rendered":"Nyheter"},"content":{"rendered":"\r\n<section class=\"bannerPage\">\r\n    <img decoding=\"async\" class=\"bannerPage__line\" src=\"https:\/\/envise.io\/wp-content\/themes\/envision\/assets\/img\/banner-home-line.svg\" alt=\"\">\r\n    <div class=\"container\">\r\n        <div class=\"wrap\">\r\n            <div class=\"breadcrumbs\">\r\n                <a class=\"breadcrumbs__link\" href=\"https:\/\/envise.io\/sv\/\" class=\"\">\r\n                    <span>Start<\/span>\r\n                    <svg width=\"16\" height=\"16\" viewBox=\"0 0 16 16\" fill=\"none\" xmlns=\"http:\/\/www.w3.org\/2000\/svg\">\r\n                        <circle cx=\"8\" cy=\"8\" r=\"7.5\" stroke=\"#303233\" \/>\r\n                        <path d=\"M8.9 6L8.477 6.40286L9.851 7.71429H5V8.28571H9.851L8.474 9.59714L8.9 10L11 8L8.9 6Z\" fill=\"black\" \/>\r\n                    <\/svg>\r\n                <\/a>\r\n                <span class=\"breadcrumbs__item\">\r\n                    Nyheter                <\/span>\r\n            <\/div>\r\n            <h1>Nyheter<\/h1>\r\n                            <p>H\u00e5ll dig uppdaterad med de senaste nyheterna fr\u00e5n Envise!<\/p>\r\n                    <\/div>\r\n    <\/div>\r\n<\/section>\n\n\r\n<section id=\"allNews\" class=\"allNews sm_p \" style=\"\">\r\n    <div class=\"container\">\r\n\r\n        <div class=\"wrap\">\r\n                                                <a href=\"https:\/\/envise.io\/sv\/skillnaden-mellan-traditionellt-arendehanteringssystem-och-dedikerat-eftermarknadssystem\/\" class=\"postCard grd-card\">\r\n    <div class=\"postCard__img\">\r\n                    <img decoding=\"async\" src=\"https:\/\/envise.io\/wp-content\/uploads\/2024\/11\/Skillnaden-mellan.jpg\" alt=\"Thumbnail\">\r\n            <\/div>\r\n    <h3>Skillnaden mellan traditionellt \u00e4rendehanteringssystem och dedikerat eftermarknadssystem<\/h3>\r\n    <p>Skillnaden mellan ett traditionellt \u00e4rendehanteringssystem och ett modernt eftermarknadssystem &#8211; vilket ger b\u00e4st resultat f\u00f6r ditt f\u00f6retag?<\/p>\n    <span class=\"postCard__date\">\r\n        2024\/11\/05    <\/span>\r\n<\/a>                                    <a href=\"https:\/\/envise.io\/sv\/med-kundresan-i-fokus-caroline-molin-om-sernekes-utveckling-och-framsteg\/\" class=\"postCard grd-card\">\r\n    <div class=\"postCard__img\">\r\n                    <img decoding=\"async\" src=\"https:\/\/envise.io\/wp-content\/uploads\/2024\/11\/caroline.png\" alt=\"Thumbnail\">\r\n            <\/div>\r\n    <h3>Med kundresan i fokus: Caroline Molin om Sernekes utveckling och framsteg<\/h3>\r\n    <p>Under de senaste \u00e5ren har Serneke lagt stor vikt vid att utveckla och f\u00f6rfina kundresan i sina bostadsprojekt. Caroline Molin, som varit en nyckelperson i detta arbete, delar med sig av sina erfarenheter och insikter kring de utmaningar och framsteg f\u00f6retaget har gjort.<\/p>\n    <span class=\"postCard__date\">\r\n        2024\/10\/24    <\/span>\r\n<\/a>                                    <a href=\"https:\/\/envise.io\/sv\/intervju-med-marcus-wennerdal-att-hantera-arbetsbelastningen-inom-byggbranschens-eftermarknad\/\" class=\"postCard grd-card\">\r\n    <div class=\"postCard__img\">\r\n                    <img decoding=\"async\" src=\"https:\/\/envise.io\/wp-content\/uploads\/2024\/10\/marcus.png\" alt=\"Thumbnail\">\r\n            <\/div>\r\n    <h3>Intervju med Marcus Wennerdal: Att hantera arbetsbelastningen inom byggbranschens eftermarknad<\/h3>\r\n    <p>I en bransch d\u00e4r arbetsbelastningen ofta \u00e4r tung och kraven p\u00e5 snabb \u00e5terkoppling st\u00e4ndigt \u00f6kar, blir fr\u00e5gan om hur man skapar ett h\u00e5llbart arbetsklimat allt mer angel\u00e4gen.<\/p>\n    <span class=\"postCard__date\">\r\n        2024\/09\/23    <\/span>\r\n<\/a>                                    <a href=\"https:\/\/envise.io\/sv\/envise-moter-emanuel-vardi\/\" class=\"postCard grd-card\">\r\n    <div class=\"postCard__img\">\r\n                    <img decoding=\"async\" src=\"https:\/\/envise.io\/wp-content\/uploads\/2024\/10\/emanuel.png\" alt=\"Thumbnail\">\r\n            <\/div>\r\n    <h3>Envise M\u00f6ter: Emanuel Vardi<\/h3>\r\n    <p>Vi satte oss ner med Emanuel Vardi, VD p\u00e5 Enkla Hem f\u00f6r att diskutera marknadstrender, framtidsutsikter och de utmaningar som v\u00e4ntar branschen.<\/p>\n    <span class=\"postCard__date\">\r\n        2024\/09\/12    <\/span>\r\n<\/a>                                                <\/div>\r\n\r\n                    <button id=\"loadmore-news\" class=\"btn btnOutline btnLoadmore\">\r\n                <span>Ladda fler<\/span>\r\n            <\/button>\r\n\r\n            <script>\r\n                var ajaxurlPost = 'https:\/\/envise.io\/wp-admin\/admin-ajax.php';\r\n                var array_values = 'a:67:{s:9:\"post_type\";s:4:\"post\";s:11:\"post_status\";s:7:\"publish\";s:14:\"posts_per_page\";i:4;s:11:\"post_parent\";i:0;s:5:\"error\";s:0:\"\";s:1:\"m\";s:0:\"\";s:1:\"p\";i:0;s:7:\"subpost\";s:0:\"\";s:10:\"subpost_id\";s:0:\"\";s:10:\"attachment\";s:0:\"\";s:13:\"attachment_id\";i:0;s:4:\"name\";s:0:\"\";s:8:\"pagename\";s:0:\"\";s:7:\"page_id\";i:0;s:6:\"second\";s:0:\"\";s:6:\"minute\";s:0:\"\";s:4:\"hour\";s:0:\"\";s:3:\"day\";i:0;s:8:\"monthnum\";i:0;s:4:\"year\";i:0;s:1:\"w\";i:0;s:13:\"category_name\";s:0:\"\";s:3:\"tag\";s:0:\"\";s:3:\"cat\";s:0:\"\";s:6:\"tag_id\";s:0:\"\";s:6:\"author\";s:0:\"\";s:11:\"author_name\";s:0:\"\";s:4:\"feed\";s:0:\"\";s:2:\"tb\";s:0:\"\";s:5:\"paged\";i:0;s:8:\"meta_key\";s:0:\"\";s:10:\"meta_value\";s:0:\"\";s:7:\"preview\";s:0:\"\";s:1:\"s\";s:0:\"\";s:8:\"sentence\";s:0:\"\";s:5:\"title\";s:0:\"\";s:6:\"fields\";s:3:\"all\";s:10:\"menu_order\";s:0:\"\";s:5:\"embed\";s:0:\"\";s:12:\"category__in\";a:0:{}s:16:\"category__not_in\";a:0:{}s:13:\"category__and\";a:0:{}s:8:\"post__in\";a:0:{}s:12:\"post__not_in\";a:0:{}s:13:\"post_name__in\";a:0:{}s:7:\"tag__in\";a:0:{}s:11:\"tag__not_in\";a:0:{}s:8:\"tag__and\";a:0:{}s:12:\"tag_slug__in\";a:0:{}s:13:\"tag_slug__and\";a:0:{}s:15:\"post_parent__in\";a:0:{}s:19:\"post_parent__not_in\";a:0:{}s:10:\"author__in\";a:0:{}s:14:\"author__not_in\";a:0:{}s:14:\"search_columns\";a:0:{}s:10:\"meta_query\";a:0:{}s:19:\"ignore_sticky_posts\";b:0;s:16:\"suppress_filters\";b:0;s:13:\"cache_results\";b:1;s:22:\"update_post_term_cache\";b:1;s:22:\"update_menu_item_cache\";b:0;s:19:\"lazy_load_term_meta\";b:1;s:22:\"update_post_meta_cache\";b:1;s:8:\"nopaging\";b:0;s:17:\"comments_per_page\";s:2:\"50\";s:13:\"no_found_rows\";b:0;s:5:\"order\";s:4:\"DESC\";}';\r\n                var current_page = 1;\r\n                var lang = 'sv';\r\n                var max_pages = '8';\r\n            <\/script>\r\n        \r\n    <\/div>\r\n<\/section>\n\n\r\n<section class=\"sNewsletter s_padding topLineGrd bottomLineGrd\" style=\"\">\r\n    <div class=\"container\">\r\n\r\n        <div class=\"sNewsletter__block 2\">\r\n            <div class=\"wrap\">\r\n                                    <h2 class=\"title\">Prenumerera p\u00e5 v\u00e5rt nyhetsbrev<\/h2>\r\n                                                    <p>Se till att inte missa det senaste fr\u00e5n oss. Vi skickar v\u00e5rt nyhetsbrev kvartalsvis. H\u00e5ll utkik i inkorgen!<\/p>\r\n                                <button class=\"btn btnOutline btnFormPopup\">\r\n                    Prenumerera                <\/button>\r\n            <\/div>\r\n        <\/div>\r\n\r\n    <\/div>\r\n<\/section>\n\n\r\n<section id=\"we-help\" class=\"weHelp s_padding \" style=\"\">\r\n    <div class=\"container\">\r\n\r\n        <div class=\"wrap\">\r\n            <div class=\"weHelp__block\">\r\n                <svg class=\"weHelp__gradient\" width=\"628\" height=\"675\" viewBox=\"0 0 628 675\" fill=\"none\" xmlns=\"http:\/\/www.w3.org\/2000\/svg\">\r\n                    <path d=\"M369.078 899.982H628L270.732 8.00642C268.789 3.16921 264.124 0 258.923 0H0L357.268 891.994C359.212 896.831 363.876 900 369.078 900V899.982Z\" fill=\"url(#paint0_linear_673_4249)\" \/>\r\n                    <defs>\r\n                        <linearGradient id=\"paint0_linear_673_4249\" x1=\"-159\" y1=\"-101\" x2=\"-366.87\" y2=\"623.42\" gradientUnits=\"userSpaceOnUse\">\r\n                            <stop stop-color=\"#E89FE4\" \/>\r\n                            <stop offset=\"1\" stop-color=\"#FED97A\" stop-opacity=\"0\" \/>\r\n                        <\/linearGradient>\r\n                    <\/defs>\r\n                <\/svg>\r\n                                    <div class=\"weHelp__img\">\r\n                                                    <img decoding=\"async\" src=\"https:\/\/envise.io\/wp-content\/uploads\/2023\/01\/Detail-3D-image_by_Envise.jpg\" alt=\"\">\r\n                                            <\/div>\r\n                                            <\/div>\r\n            <div class=\"weHelp__content\">\r\n                                    <h3>Vi finns h\u00e4r f\u00f6r dig!<\/h3>\r\n                                                    <p>\r\n                        L\u00e5t oss digitalisera era fastighetsprojekt. Kontakta oss idag f\u00f6r att h\u00f6ra mer om hur vi kan optimera er verksamhet.                    <\/p>\r\n                                                    <a href=\"https:\/\/envise.io\/sv\/kontakt\/\" class=\"btn btnOutline\">\r\n                        Kontakta oss f\u00f6r att boka en demo                    <\/a>\r\n                            <\/div>\r\n        <\/div>\r\n\r\n    <\/div>\r\n<\/section>","protected":false},"excerpt":{"rendered":"","protected":false},"author":11,"featured_media":0,"parent":0,"menu_order":0,"comment_status":"closed","ping_status":"closed","template":"","meta":{"_acf_changed":false,"footnotes":""},"class_list":["post-330","page","type-page","status-publish","hentry"],"acf":[],"yoast_head":"<!-- This site is optimized with the Yoast SEO plugin v27.2 - https:\/\/yoast.com\/product\/yoast-seo-wordpress\/ -->\n<title>Nyheter - Envise<\/title>\n<meta name=\"description\" content=\"Se till att inte missa det senaste fr\u00e5n oss. Vi skickar v\u00e5rt nyhetsbrev kvartalsvis. Skriv upp dig p\u00e5 v\u00e5rt nyhetsbrev idag.\" \/>\n<meta name=\"robots\" content=\"index, follow, max-snippet:-1, max-image-preview:large, max-video-preview:-1\" \/>\n<link rel=\"canonical\" href=\"https:\/\/envise.io\/sv\/nyheter\/\" \/>\n<script type=\"application\/ld+json\" class=\"yoast-schema-graph\">{\"@context\":\"https:\/\/schema.org\",\"@graph\":[{\"@type\":\"WebPage\",\"@id\":\"https:\/\/envise.io\/sv\/nyheter\/\",\"url\":\"https:\/\/envise.io\/sv\/nyheter\/\",\"name\":\"Nyheter - Envise\",\"isPartOf\":{\"@id\":\"https:\/\/envise.io\/sv\/#website\"},\"datePublished\":\"2022-12-07T16:58:34+00:00\",\"dateModified\":\"2022-12-28T08:26:04+00:00\",\"description\":\"Se till att inte missa det senaste fr\u00e5n oss. Vi skickar v\u00e5rt nyhetsbrev kvartalsvis. Skriv upp dig p\u00e5 v\u00e5rt nyhetsbrev idag.\",\"breadcrumb\":{\"@id\":\"https:\/\/envise.io\/sv\/nyheter\/#breadcrumb\"},\"inLanguage\":\"sv-SE\",\"potentialAction\":[{\"@type\":\"ReadAction\",\"target\":[\"https:\/\/envise.io\/sv\/nyheter\/\"]}]},{\"@type\":\"BreadcrumbList\",\"@id\":\"https:\/\/envise.io\/sv\/nyheter\/#breadcrumb\",\"itemListElement\":[{\"@type\":\"ListItem\",\"position\":1,\"name\":\"Home\",\"item\":\"https:\/\/envise.io\/sv\/\"},{\"@type\":\"ListItem\",\"position\":2,\"name\":\"Nyheter\"}]},{\"@type\":\"WebSite\",\"@id\":\"https:\/\/envise.io\/sv\/#website\",\"url\":\"https:\/\/envise.io\/sv\/\",\"name\":\"Envise\",\"description\":\"Envise provides real estate with an interactive experience of the future property while handling the present real estate\",\"potentialAction\":[{\"@type\":\"SearchAction\",\"target\":{\"@type\":\"EntryPoint\",\"urlTemplate\":\"https:\/\/envise.io\/sv\/?s={search_term_string}\"},\"query-input\":{\"@type\":\"PropertyValueSpecification\",\"valueRequired\":true,\"valueName\":\"search_term_string\"}}],\"inLanguage\":\"sv-SE\"}]}<\/script>\n<!-- \/ Yoast SEO plugin. -->","yoast_head_json":{"title":"Nyheter - Envise","description":"Se till att inte missa det senaste fr\u00e5n oss. Vi skickar v\u00e5rt nyhetsbrev kvartalsvis. Skriv upp dig p\u00e5 v\u00e5rt nyhetsbrev idag.","robots":{"index":"index","follow":"follow","max-snippet":"max-snippet:-1","max-image-preview":"max-image-preview:large","max-video-preview":"max-video-preview:-1"},"canonical":"https:\/\/envise.io\/sv\/nyheter\/","schema":{"@context":"https:\/\/schema.org","@graph":[{"@type":"WebPage","@id":"https:\/\/envise.io\/sv\/nyheter\/","url":"https:\/\/envise.io\/sv\/nyheter\/","name":"Nyheter - Envise","isPartOf":{"@id":"https:\/\/envise.io\/sv\/#website"},"datePublished":"2022-12-07T16:58:34+00:00","dateModified":"2022-12-28T08:26:04+00:00","description":"Se till att inte missa det senaste fr\u00e5n oss. Vi skickar v\u00e5rt nyhetsbrev kvartalsvis. Skriv upp dig p\u00e5 v\u00e5rt nyhetsbrev idag.","breadcrumb":{"@id":"https:\/\/envise.io\/sv\/nyheter\/#breadcrumb"},"inLanguage":"sv-SE","potentialAction":[{"@type":"ReadAction","target":["https:\/\/envise.io\/sv\/nyheter\/"]}]},{"@type":"BreadcrumbList","@id":"https:\/\/envise.io\/sv\/nyheter\/#breadcrumb","itemListElement":[{"@type":"ListItem","position":1,"name":"Home","item":"https:\/\/envise.io\/sv\/"},{"@type":"ListItem","position":2,"name":"Nyheter"}]},{"@type":"WebSite","@id":"https:\/\/envise.io\/sv\/#website","url":"https:\/\/envise.io\/sv\/","name":"Envise","description":"Envise provides real estate with an interactive experience of the future property while handling the present real estate","potentialAction":[{"@type":"SearchAction","target":{"@type":"EntryPoint","urlTemplate":"https:\/\/envise.io\/sv\/?s={search_term_string}"},"query-input":{"@type":"PropertyValueSpecification","valueRequired":true,"valueName":"search_term_string"}}],"inLanguage":"sv-SE"}]}},"_links":{"self":[{"href":"https:\/\/envise.io\/sv\/wp-json\/wp\/v2\/pages\/330","targetHints":{"allow":["GET"]}}],"collection":[{"href":"https:\/\/envise.io\/sv\/wp-json\/wp\/v2\/pages"}],"about":[{"href":"https:\/\/envise.io\/sv\/wp-json\/wp\/v2\/types\/page"}],"author":[{"embeddable":true,"href":"https:\/\/envise.io\/sv\/wp-json\/wp\/v2\/users\/11"}],"replies":[{"embeddable":true,"href":"https:\/\/envise.io\/sv\/wp-json\/wp\/v2\/comments?post=330"}],"version-history":[{"count":5,"href":"https:\/\/envise.io\/sv\/wp-json\/wp\/v2\/pages\/330\/revisions"}],"predecessor-version":[{"id":4125,"href":"https:\/\/envise.io\/sv\/wp-json\/wp\/v2\/pages\/330\/revisions\/4125"}],"wp:attachment":[{"href":"https:\/\/envise.io\/sv\/wp-json\/wp\/v2\/media?parent=330"}],"curies":[{"name":"wp","href":"https:\/\/api.w.org\/{rel}","templated":true}]}}