{"id":344,"date":"2022-12-07T17:18:50","date_gmt":"2022-12-07T15:18:50","guid":{"rendered":"https:\/\/envise.io\/blog\/"},"modified":"2023-12-19T11:51:57","modified_gmt":"2023-12-19T09:51:57","slug":"blogg","status":"publish","type":"page","link":"https:\/\/envise.io\/sv\/blogg\/","title":{"rendered":"Blogg"},"content":{"rendered":"\r\n<section class=\"bannerPage\">\r\n    <img decoding=\"async\" class=\"bannerPage__line\" src=\"https:\/\/envise.io\/wp-content\/themes\/envision\/assets\/img\/banner-home-line.svg\" alt=\"\">\r\n    <div class=\"container\">\r\n        <div class=\"wrap\">\r\n            <div class=\"breadcrumbs\">\r\n                <a class=\"breadcrumbs__link\" href=\"https:\/\/envise.io\/sv\/\" class=\"\">\r\n                    <span>Start<\/span>\r\n                    <svg width=\"16\" height=\"16\" viewBox=\"0 0 16 16\" fill=\"none\" xmlns=\"http:\/\/www.w3.org\/2000\/svg\">\r\n                        <circle cx=\"8\" cy=\"8\" r=\"7.5\" stroke=\"#303233\" \/>\r\n                        <path d=\"M8.9 6L8.477 6.40286L9.851 7.71429H5V8.28571H9.851L8.474 9.59714L8.9 10L11 8L8.9 6Z\" fill=\"black\" \/>\r\n                    <\/svg>\r\n                <\/a>\r\n                <span class=\"breadcrumbs__item\">\r\n                    Blogg                <\/span>\r\n            <\/div>\r\n            <h1>Blogg<\/h1>\r\n                            <p>H\u00e4r bloggar vi om trender, tips och id\u00e9er i v\u00e5r bransch.<\/p>\r\n                    <\/div>\r\n    <\/div>\r\n<\/section>\n\n\r\n<section id=\"allBlog\" class=\"allBlog sm_p \" style=\"\">\r\n    <div class=\"container\">\r\n\r\n        <div class=\"wrap\">\r\n                                                <a href=\"https:\/\/envise.io\/sv\/blogg\/eftermarknadshantering-i-fokus-for-entreprenadbolag-vid-nedgang\/\" class=\"postCard grd-card\">\r\n    <div class=\"postCard__img\">\r\n                    <img decoding=\"async\" src=\"https:\/\/envise.io\/wp-content\/uploads\/2023\/02\/Detail_Square_by_Envise-584x292-1.jpg\" alt=\"Thumbnail\">\r\n            <\/div>\r\n    <h3>Eftermarknadshantering i fokus f\u00f6r entreprenadbolag vid nedg\u00e5ng<\/h3>\r\n    <p>Vi ser en trend att fler f\u00f6retag vill b\u00f6rja m\u00e4ta sin eftermarknadshantering genom KPI:er och nyckeltal f\u00f6r att effektivisera sin verksamhet.<\/p>\n    <span class=\"postCard__date\">\r\n        2023\/02\/06    <\/span>\r\n<\/a>                                                <\/div>\r\n\r\n        \r\n    <\/div>\r\n<\/section>\n\n\r\n<section id=\"we-help\" class=\"weHelp s_padding \" style=\"\">\r\n    <div class=\"container\">\r\n\r\n        <div class=\"wrap\">\r\n            <div class=\"weHelp__block\">\r\n                <svg class=\"weHelp__gradient\" width=\"628\" height=\"675\" viewBox=\"0 0 628 675\" fill=\"none\" xmlns=\"http:\/\/www.w3.org\/2000\/svg\">\r\n                    <path d=\"M369.078 899.982H628L270.732 8.00642C268.789 3.16921 264.124 0 258.923 0H0L357.268 891.994C359.212 896.831 363.876 900 369.078 900V899.982Z\" fill=\"url(#paint0_linear_673_4249)\" \/>\r\n                    <defs>\r\n                        <linearGradient id=\"paint0_linear_673_4249\" x1=\"-159\" y1=\"-101\" x2=\"-366.87\" y2=\"623.42\" gradientUnits=\"userSpaceOnUse\">\r\n                            <stop stop-color=\"#E89FE4\" \/>\r\n                            <stop offset=\"1\" stop-color=\"#FED97A\" stop-opacity=\"0\" \/>\r\n                        <\/linearGradient>\r\n                    <\/defs>\r\n                <\/svg>\r\n                                    <div class=\"weHelp__img\">\r\n                                                    <img decoding=\"async\" src=\"https:\/\/envise.io\/wp-content\/uploads\/2023\/01\/Detail-3D-image_by_Envise.jpg\" alt=\"\">\r\n                                            <\/div>\r\n                                            <\/div>\r\n            <div class=\"weHelp__content\">\r\n                                    <h3>Vi finns h\u00e4r f\u00f6r dig!<\/h3>\r\n                                                    <p>\r\n                        L\u00e5t oss digitalisera era fastighetsprojekt. Kontakta oss idag f\u00f6r att h\u00f6ra mer om hur vi kan optimera er verksamhet.                    <\/p>\r\n                                                    <a href=\"https:\/\/envise.io\/sv\/kontakt\/\" class=\"btn btnOutline\">\r\n                        Kontakta oss f\u00f6r att boka en demo                    <\/a>\r\n                            <\/div>\r\n        <\/div>\r\n\r\n    <\/div>\r\n<\/section>","protected":false},"excerpt":{"rendered":"","protected":false},"author":11,"featured_media":0,"parent":0,"menu_order":0,"comment_status":"closed","ping_status":"closed","template":"","meta":{"_acf_changed":false,"footnotes":""},"class_list":["post-344","page","type-page","status-publish","hentry"],"acf":[],"yoast_head":"<!-- This site is optimized with the Yoast SEO plugin v27.4 - https:\/\/yoast.com\/product\/yoast-seo-wordpress\/ -->\n<title>Blogg - Envise<\/title>\n<meta name=\"description\" content=\"Envise blogg, med trender, tips och id\u00e9er om branschen.\" \/>\n<meta name=\"robots\" content=\"index, follow, max-snippet:-1, max-image-preview:large, max-video-preview:-1\" \/>\n<link rel=\"canonical\" href=\"https:\/\/envise.io\/sv\/blogg\/\" \/>\n<script type=\"application\/ld+json\" class=\"yoast-schema-graph\">{\"@context\":\"https:\\\/\\\/schema.org\",\"@graph\":[{\"@type\":\"WebPage\",\"@id\":\"https:\\\/\\\/envise.io\\\/sv\\\/blogg\\\/\",\"url\":\"https:\\\/\\\/envise.io\\\/sv\\\/blogg\\\/\",\"name\":\"Blogg - Envise\",\"isPartOf\":{\"@id\":\"https:\\\/\\\/envise.io\\\/sv\\\/#website\"},\"datePublished\":\"2022-12-07T15:18:50+00:00\",\"dateModified\":\"2023-12-19T09:51:57+00:00\",\"description\":\"Envise blogg, med trender, tips och id\u00e9er om branschen.\",\"breadcrumb\":{\"@id\":\"https:\\\/\\\/envise.io\\\/sv\\\/blogg\\\/#breadcrumb\"},\"inLanguage\":\"sv-SE\",\"potentialAction\":[{\"@type\":\"ReadAction\",\"target\":[\"https:\\\/\\\/envise.io\\\/sv\\\/blogg\\\/\"]}]},{\"@type\":\"BreadcrumbList\",\"@id\":\"https:\\\/\\\/envise.io\\\/sv\\\/blogg\\\/#breadcrumb\",\"itemListElement\":[{\"@type\":\"ListItem\",\"position\":1,\"name\":\"Home\",\"item\":\"https:\\\/\\\/envise.io\\\/sv\\\/\"},{\"@type\":\"ListItem\",\"position\":2,\"name\":\"Blogg\"}]},{\"@type\":\"WebSite\",\"@id\":\"https:\\\/\\\/envise.io\\\/sv\\\/#website\",\"url\":\"https:\\\/\\\/envise.io\\\/sv\\\/\",\"name\":\"Envise\",\"description\":\"Envise provides real estate with an interactive experience of the future property while handling the present real estate\",\"potentialAction\":[{\"@type\":\"SearchAction\",\"target\":{\"@type\":\"EntryPoint\",\"urlTemplate\":\"https:\\\/\\\/envise.io\\\/sv\\\/?s={search_term_string}\"},\"query-input\":{\"@type\":\"PropertyValueSpecification\",\"valueRequired\":true,\"valueName\":\"search_term_string\"}}],\"inLanguage\":\"sv-SE\"}]}<\/script>\n<!-- \/ Yoast SEO plugin. -->","yoast_head_json":{"title":"Blogg - Envise","description":"Envise blogg, med trender, tips och id\u00e9er om branschen.","robots":{"index":"index","follow":"follow","max-snippet":"max-snippet:-1","max-image-preview":"max-image-preview:large","max-video-preview":"max-video-preview:-1"},"canonical":"https:\/\/envise.io\/sv\/blogg\/","schema":{"@context":"https:\/\/schema.org","@graph":[{"@type":"WebPage","@id":"https:\/\/envise.io\/sv\/blogg\/","url":"https:\/\/envise.io\/sv\/blogg\/","name":"Blogg - Envise","isPartOf":{"@id":"https:\/\/envise.io\/sv\/#website"},"datePublished":"2022-12-07T15:18:50+00:00","dateModified":"2023-12-19T09:51:57+00:00","description":"Envise blogg, med trender, tips och id\u00e9er om branschen.","breadcrumb":{"@id":"https:\/\/envise.io\/sv\/blogg\/#breadcrumb"},"inLanguage":"sv-SE","potentialAction":[{"@type":"ReadAction","target":["https:\/\/envise.io\/sv\/blogg\/"]}]},{"@type":"BreadcrumbList","@id":"https:\/\/envise.io\/sv\/blogg\/#breadcrumb","itemListElement":[{"@type":"ListItem","position":1,"name":"Home","item":"https:\/\/envise.io\/sv\/"},{"@type":"ListItem","position":2,"name":"Blogg"}]},{"@type":"WebSite","@id":"https:\/\/envise.io\/sv\/#website","url":"https:\/\/envise.io\/sv\/","name":"Envise","description":"Envise provides real estate with an interactive experience of the future property while handling the present real estate","potentialAction":[{"@type":"SearchAction","target":{"@type":"EntryPoint","urlTemplate":"https:\/\/envise.io\/sv\/?s={search_term_string}"},"query-input":{"@type":"PropertyValueSpecification","valueRequired":true,"valueName":"search_term_string"}}],"inLanguage":"sv-SE"}]}},"_links":{"self":[{"href":"https:\/\/envise.io\/sv\/wp-json\/wp\/v2\/pages\/344","targetHints":{"allow":["GET"]}}],"collection":[{"href":"https:\/\/envise.io\/sv\/wp-json\/wp\/v2\/pages"}],"about":[{"href":"https:\/\/envise.io\/sv\/wp-json\/wp\/v2\/types\/page"}],"author":[{"embeddable":true,"href":"https:\/\/envise.io\/sv\/wp-json\/wp\/v2\/users\/11"}],"replies":[{"embeddable":true,"href":"https:\/\/envise.io\/sv\/wp-json\/wp\/v2\/comments?post=344"}],"version-history":[{"count":5,"href":"https:\/\/envise.io\/sv\/wp-json\/wp\/v2\/pages\/344\/revisions"}],"predecessor-version":[{"id":3369,"href":"https:\/\/envise.io\/sv\/wp-json\/wp\/v2\/pages\/344\/revisions\/3369"}],"wp:attachment":[{"href":"https:\/\/envise.io\/sv\/wp-json\/wp\/v2\/media?parent=344"}],"curies":[{"name":"wp","href":"https:\/\/api.w.org\/{rel}","templated":true}]}}