{"id":375,"date":"2022-12-09T12:17:04","date_gmt":"2022-12-09T10:17:04","guid":{"rendered":"https:\/\/envise.io\/about-us\/"},"modified":"2023-11-21T05:36:35","modified_gmt":"2023-11-21T03:36:35","slug":"om-oss","status":"publish","type":"page","link":"https:\/\/envise.io\/sv\/om-oss\/","title":{"rendered":"Om oss"},"content":{"rendered":"\r\n<section class=\"bannerPage\">\r\n    <img decoding=\"async\" class=\"bannerPage__line\" src=\"https:\/\/envise.io\/wp-content\/themes\/envision\/assets\/img\/banner-home-line.svg\" alt=\"\">\r\n    <div class=\"container\">\r\n        <div class=\"wrap\">\r\n            <div class=\"breadcrumbs\">\r\n                <a class=\"breadcrumbs__link\" href=\"https:\/\/envise.io\/sv\/\" class=\"\">\r\n                    <span>Start<\/span>\r\n                    <svg width=\"16\" height=\"16\" viewBox=\"0 0 16 16\" fill=\"none\" xmlns=\"http:\/\/www.w3.org\/2000\/svg\">\r\n                        <circle cx=\"8\" cy=\"8\" r=\"7.5\" stroke=\"#303233\" \/>\r\n                        <path d=\"M8.9 6L8.477 6.40286L9.851 7.71429H5V8.28571H9.851L8.474 9.59714L8.9 10L11 8L8.9 6Z\" fill=\"black\" \/>\r\n                    <\/svg>\r\n                <\/a>\r\n                <span class=\"breadcrumbs__item\">\r\n                    Om oss                <\/span>\r\n            <\/div>\r\n            <h1>Om oss<\/h1>\r\n                            <p>Envise erbjuder en omfattande upps\u00e4ttning av l\u00f6sningar och tj\u00e4nster f\u00f6r framtida och befintliga fastigheter, fr\u00e5n id\u00e9 till eftermarknad och riktar sig till projektutvecklare, fastighets\u00e4gare samt totalentrepren\u00f6rer. \r\n<br><br>\r\nVi tar hand om hela din digitala kundresan och hj\u00e4lper er med visualiseringar, interaktiva webbl\u00f6sningar f\u00f6r s\u00e4lj och uthyrningsarbete, kundportal inneh\u00e5llande bland annat tillvalsystem, avtalshantering, digital bop\u00e4rm och kommunikation samt dedikerade verktyg och system f\u00f6r effektiv eftermarknadshantering. Allt samlat p\u00e5 ett och samma st\u00e4lle.<\/p>\r\n                    <\/div>\r\n    <\/div>\r\n<\/section>\n\n\r\n\r\n<section class=\"contentPreview s_padding \" style=\"\">\r\n    <div class=\"container\">\r\n\r\n        <div class=\"contentPreview__block\">\r\n            <div class=\"wrap\">\r\n\r\n                                    <div class=\"breadcrumbs breadcrumbs__black 222\">\r\n                        <a class=\"breadcrumbs__link\" href=\"https:\/\/envise.io\/sv\/\" class=\"\">\r\n                            <span>Start<\/span>\r\n                            <svg width=\"16\" height=\"16\" viewBox=\"0 0 16 16\" fill=\"none\" xmlns=\"http:\/\/www.w3.org\/2000\/svg\">\r\n                                <circle cx=\"8\" cy=\"8\" r=\"7.5\" stroke=\"#303233\" \/>\r\n                                <path d=\"M8.9 6L8.477 6.40286L9.851 7.71429H5V8.28571H9.851L8.474 9.59714L8.9 10L11 8L8.9 6Z\" fill=\"black\" \/>\r\n                            <\/svg>\r\n                        <\/a>\r\n                                                <span class=\"breadcrumbs__item\">\r\n                            Om oss                        <\/span>\r\n                    <\/div>\r\n                \r\n                                    <h1>Om oss<\/h1>\r\n                \r\n                \r\n                \r\n                \r\n                                    <article class=\"article\">\r\n                        <p>Envise grundades 2023, genom sammanslagningen av Pixerymedia och HomeMaker, f\u00f6r att skapa nya s\u00e4tt att interagera med fastigheter under hela fastighetens livscykel. Vi skapar en interaktiv upplevelse av framtida fastigheter samtidigt som vi g\u00f6r det enkelt f\u00f6r er att hantera den befintliga fastigheten.<\/p>\n<p>&nbsp;<\/p>\n<h3 class=\"p1\"><b>\u2013<\/b> Med Envises innovativa och engagerande l\u00f6sningar \u00e4r vi \u00f6vertygade om att vi kan revolutionera hur fastighetsbolag engagerar sina kunder.<\/h3>\n<p>Anna Nordstr\u00f6m, vd Envise<\/p>\n                    <\/article>\r\n                \r\n            <\/div>\r\n        <\/div>\r\n\r\n    <\/div>\r\n<\/section>\n\n\r\n<section class=\"ourTeam s_padding topLineGrd bottomLineGrd\" style=\"\">\r\n    <div class=\"container\">\r\n\r\n        <div class=\"sectionTopInfo\">\r\n                            <h3 class=\"title\">\r\n                    V\u00e5rt team                <\/h3>\r\n                                        <span class=\"subtitle\">\r\n                    V\u00e5rt team av f\u00f6rstklassiga designers och utvecklare \u00e4r specialiserade p\u00e5 att skapa engagerande interaktiva webbl\u00f6sningar och visualiseringar, samt l\u00e4ttanv\u00e4nda system f\u00f6r tillvalshantering och eftermarknadshantering. \r\nM\u00f6t v\u00e5rt team!                <\/span>\r\n                    <\/div>\r\n\r\n                    <div class=\"wrap\">\r\n                                                            \r\n<div class=\"employee\">\r\n    <div class=\"employee__img\">\r\n        <img loading=\"lazy\" decoding=\"async\" width=\"500\" height=\"500\" src=\"https:\/\/envise.io\/wp-content\/uploads\/2022\/12\/Anna-Nordstrom-500x500-1.jpeg\" class=\"attachment-post-thumbnail size-post-thumbnail wp-post-image\" alt=\"Anna Nordstr\u00f6m, CEO of Envise\" srcset=\"https:\/\/envise.io\/wp-content\/uploads\/2022\/12\/Anna-Nordstrom-500x500-1.jpeg 500w, https:\/\/envise.io\/wp-content\/uploads\/2022\/12\/Anna-Nordstrom-500x500-1-300x300.jpeg 300w, https:\/\/envise.io\/wp-content\/uploads\/2022\/12\/Anna-Nordstrom-500x500-1-150x150.jpeg 150w\" sizes=\"auto, (max-width: 500px) 100vw, 500px\" \/>        <div class=\"employee__position\">\r\n            Chief Executive Officer        <\/div>\r\n    <\/div>\r\n    <div class=\"employee__content\">\r\n        <h3 class=\"employee__name\">\r\n            Anna Nordstr\u00f6m        <\/h3>\r\n        <div class=\"employee__contacts\">\r\n                            <a href=\"mailto:anna.nordstrom@envise.io\" class=\"employee__contacts_item\">\r\n                    anna.nordstrom@envise.io                <\/a>\r\n                                                    <a href=\"https:\/\/www.linkedin.com\/in\/anna-nordstr%C3%B6m-0b5382\/\" class=\"employee__contacts_item\" target=\"_blank\">\r\n                    LinkedIn\r\n                <\/a>\r\n                    <\/div>\r\n    <\/div>\r\n<\/div>                                            \r\n<div class=\"employee\">\r\n    <div class=\"employee__img\">\r\n        <img loading=\"lazy\" decoding=\"async\" width=\"500\" height=\"500\" src=\"https:\/\/envise.io\/wp-content\/uploads\/2022\/12\/mariell-svensson-500x500-1.jpeg\" class=\"attachment-post-thumbnail size-post-thumbnail wp-post-image\" alt=\"Mariell Svensson, Project Manager at Envise\" srcset=\"https:\/\/envise.io\/wp-content\/uploads\/2022\/12\/mariell-svensson-500x500-1.jpeg 500w, https:\/\/envise.io\/wp-content\/uploads\/2022\/12\/mariell-svensson-500x500-1-300x300.jpeg 300w, https:\/\/envise.io\/wp-content\/uploads\/2022\/12\/mariell-svensson-500x500-1-150x150.jpeg 150w\" sizes=\"auto, (max-width: 500px) 100vw, 500px\" \/>        <div class=\"employee__position\">\r\n            Project Manager        <\/div>\r\n    <\/div>\r\n    <div class=\"employee__content\">\r\n        <h3 class=\"employee__name\">\r\n            Mariell Svensson        <\/h3>\r\n        <div class=\"employee__contacts\">\r\n                            <a href=\"mailto:mariell.svensson@envise.io\" class=\"employee__contacts_item\">\r\n                    mariell.svensson@envise.io                <\/a>\r\n                                        <a href=\"tel:+46 704 39 32 98\" class=\"employee__contacts_item\">\r\n                    +46 704 39 32 98                <\/a>\r\n                                        <a href=\"https:\/\/www.linkedin.com\/in\/mariell-svensson-7248b767\/\" class=\"employee__contacts_item\" target=\"_blank\">\r\n                    LinkedIn\r\n                <\/a>\r\n                    <\/div>\r\n    <\/div>\r\n<\/div>                                            \r\n<div class=\"employee\">\r\n    <div class=\"employee__img\">\r\n        <img loading=\"lazy\" decoding=\"async\" width=\"500\" height=\"500\" src=\"https:\/\/envise.io\/wp-content\/uploads\/2022\/12\/anders-500x500-1.jpeg\" class=\"attachment-post-thumbnail size-post-thumbnail wp-post-image\" alt=\"Anders Karlsson, CPO of Envise\" srcset=\"https:\/\/envise.io\/wp-content\/uploads\/2022\/12\/anders-500x500-1.jpeg 500w, https:\/\/envise.io\/wp-content\/uploads\/2022\/12\/anders-500x500-1-300x300.jpeg 300w, https:\/\/envise.io\/wp-content\/uploads\/2022\/12\/anders-500x500-1-150x150.jpeg 150w\" sizes=\"auto, (max-width: 500px) 100vw, 500px\" \/>        <div class=\"employee__position\">\r\n            Chief Product Officer        <\/div>\r\n    <\/div>\r\n    <div class=\"employee__content\">\r\n        <h3 class=\"employee__name\">\r\n            Anders Karlsson        <\/h3>\r\n        <div class=\"employee__contacts\">\r\n                            <a href=\"mailto:anders.karlsson@envise.io\" class=\"employee__contacts_item\">\r\n                    anders.karlsson@envise.io                <\/a>\r\n                                        <a href=\"tel:+46 761 00 59 26\" class=\"employee__contacts_item\">\r\n                    +46 761 00 59 26                <\/a>\r\n                                        <a href=\"https:\/\/www.linkedin.com\/in\/anders-karlsson-1b68bb90\/\" class=\"employee__contacts_item\" target=\"_blank\">\r\n                    LinkedIn\r\n                <\/a>\r\n                    <\/div>\r\n    <\/div>\r\n<\/div>                                            \r\n<div class=\"employee\">\r\n    <div class=\"employee__img\">\r\n        <img loading=\"lazy\" decoding=\"async\" width=\"304\" height=\"299\" src=\"https:\/\/envise.io\/wp-content\/uploads\/2022\/12\/Tomasz-ny-2.jpg\" class=\"attachment-post-thumbnail size-post-thumbnail wp-post-image\" alt=\"Tomasz W\u00f3jcik, CTO of Envise\" srcset=\"https:\/\/envise.io\/wp-content\/uploads\/2022\/12\/Tomasz-ny-2.jpg 304w, https:\/\/envise.io\/wp-content\/uploads\/2022\/12\/Tomasz-ny-2-300x295.jpg 300w\" sizes=\"auto, (max-width: 304px) 100vw, 304px\" \/>        <div class=\"employee__position\">\r\n            Chief Technical Officer        <\/div>\r\n    <\/div>\r\n    <div class=\"employee__content\">\r\n        <h3 class=\"employee__name\">\r\n            Tomasz W\u00f3jcik        <\/h3>\r\n        <div class=\"employee__contacts\">\r\n                            <a href=\"mailto:tomasz.wojcik@envise.io\" class=\"employee__contacts_item\">\r\n                    tomasz.wojcik@envise.io                <\/a>\r\n                                                    <a href=\"https:\/\/www.linkedin.com\/in\/tomaszwojcik\/\" class=\"employee__contacts_item\" target=\"_blank\">\r\n                    LinkedIn\r\n                <\/a>\r\n                    <\/div>\r\n    <\/div>\r\n<\/div>                                            \r\n<div class=\"employee\">\r\n    <div class=\"employee__img\">\r\n        <img loading=\"lazy\" decoding=\"async\" width=\"500\" height=\"500\" src=\"https:\/\/envise.io\/wp-content\/uploads\/2022\/12\/per-keckman-persson-500x500-1.jpeg\" class=\"attachment-post-thumbnail size-post-thumbnail wp-post-image\" alt=\"Per Keckman-Persson, Head of Operations &amp; IT\" srcset=\"https:\/\/envise.io\/wp-content\/uploads\/2022\/12\/per-keckman-persson-500x500-1.jpeg 500w, https:\/\/envise.io\/wp-content\/uploads\/2022\/12\/per-keckman-persson-500x500-1-300x300.jpeg 300w, https:\/\/envise.io\/wp-content\/uploads\/2022\/12\/per-keckman-persson-500x500-1-150x150.jpeg 150w\" sizes=\"auto, (max-width: 500px) 100vw, 500px\" \/>        <div class=\"employee__position\">\r\n            Head of Operations &#038; IT, Thailand        <\/div>\r\n    <\/div>\r\n    <div class=\"employee__content\">\r\n        <h3 class=\"employee__name\">\r\n            Per\u00a0Keckman-Persson        <\/h3>\r\n        <div class=\"employee__contacts\">\r\n                            <a href=\"mailto:per.keckman-persson@envise.io\" class=\"employee__contacts_item\">\r\n                    per.keckman-persson@envise.io                <\/a>\r\n                                                    <a href=\"https:\/\/www.linkedin.com\/in\/per-keckman-persson-8891b228\/\" class=\"employee__contacts_item\" target=\"_blank\">\r\n                    LinkedIn\r\n                <\/a>\r\n                    <\/div>\r\n    <\/div>\r\n<\/div>                                            \r\n<div class=\"employee\">\r\n    <div class=\"employee__img\">\r\n        <img loading=\"lazy\" decoding=\"async\" width=\"304\" height=\"301\" src=\"https:\/\/envise.io\/wp-content\/uploads\/2022\/12\/Piotr-new-304.jpg\" class=\"attachment-post-thumbnail size-post-thumbnail wp-post-image\" alt=\"Piotr Majda, Software Developer at Envise\" srcset=\"https:\/\/envise.io\/wp-content\/uploads\/2022\/12\/Piotr-new-304.jpg 304w, https:\/\/envise.io\/wp-content\/uploads\/2022\/12\/Piotr-new-304-300x297.jpg 300w, https:\/\/envise.io\/wp-content\/uploads\/2022\/12\/Piotr-new-304-150x150.jpg 150w\" sizes=\"auto, (max-width: 304px) 100vw, 304px\" \/>        <div class=\"employee__position\">\r\n            Software Developer        <\/div>\r\n    <\/div>\r\n    <div class=\"employee__content\">\r\n        <h3 class=\"employee__name\">\r\n            Piotr Majda        <\/h3>\r\n        <div class=\"employee__contacts\">\r\n                            <a href=\"mailto:piotr.majda@envise.io\" class=\"employee__contacts_item\">\r\n                    piotr.majda@envise.io                <\/a>\r\n                                            <\/div>\r\n    <\/div>\r\n<\/div>                                            \r\n<div class=\"employee\">\r\n    <div class=\"employee__img\">\r\n        <img loading=\"lazy\" decoding=\"async\" width=\"500\" height=\"500\" src=\"https:\/\/envise.io\/wp-content\/uploads\/2022\/12\/romain-henry-500x500-1.jpeg\" class=\"attachment-post-thumbnail size-post-thumbnail wp-post-image\" alt=\"Romain Henry, Head of Delivery at Envise\" srcset=\"https:\/\/envise.io\/wp-content\/uploads\/2022\/12\/romain-henry-500x500-1.jpeg 500w, https:\/\/envise.io\/wp-content\/uploads\/2022\/12\/romain-henry-500x500-1-300x300.jpeg 300w, https:\/\/envise.io\/wp-content\/uploads\/2022\/12\/romain-henry-500x500-1-150x150.jpeg 150w\" sizes=\"auto, (max-width: 500px) 100vw, 500px\" \/>        <div class=\"employee__position\">\r\n            Head of Delivery        <\/div>\r\n    <\/div>\r\n    <div class=\"employee__content\">\r\n        <h3 class=\"employee__name\">\r\n            Romain\u00a0Henry        <\/h3>\r\n        <div class=\"employee__contacts\">\r\n                            <a href=\"mailto:romain.henry@envise.io\" class=\"employee__contacts_item\">\r\n                    romain.henry@envise.io                <\/a>\r\n                                                    <a href=\"https:\/\/www.linkedin.com\/in\/romain-henry\/\" class=\"employee__contacts_item\" target=\"_blank\">\r\n                    LinkedIn\r\n                <\/a>\r\n                    <\/div>\r\n    <\/div>\r\n<\/div>                                            \r\n<div class=\"employee\">\r\n    <div class=\"employee__img\">\r\n        <img loading=\"lazy\" decoding=\"async\" width=\"500\" height=\"500\" src=\"https:\/\/envise.io\/wp-content\/uploads\/2022\/12\/Chanadda-500x500-1.jpeg\" class=\"attachment-post-thumbnail size-post-thumbnail wp-post-image\" alt=\"Chanadda Khamuang, creating deliveries at Envise\" srcset=\"https:\/\/envise.io\/wp-content\/uploads\/2022\/12\/Chanadda-500x500-1.jpeg 500w, https:\/\/envise.io\/wp-content\/uploads\/2022\/12\/Chanadda-500x500-1-300x300.jpeg 300w, https:\/\/envise.io\/wp-content\/uploads\/2022\/12\/Chanadda-500x500-1-150x150.jpeg 150w\" sizes=\"auto, (max-width: 500px) 100vw, 500px\" \/>        <div class=\"employee__position\">\r\n            Delivery        <\/div>\r\n    <\/div>\r\n    <div class=\"employee__content\">\r\n        <h3 class=\"employee__name\">\r\n            Chanadda\u00a0Khamuang        <\/h3>\r\n        <div class=\"employee__contacts\">\r\n                                                    <a href=\"https:\/\/www.linkedin.com\/in\/jazz-chanadda-khamuang-60929a101\/\" class=\"employee__contacts_item\" target=\"_blank\">\r\n                    LinkedIn\r\n                <\/a>\r\n                    <\/div>\r\n    <\/div>\r\n<\/div>                                            \r\n<div class=\"employee\">\r\n    <div class=\"employee__img\">\r\n        <img loading=\"lazy\" decoding=\"async\" width=\"500\" height=\"500\" src=\"https:\/\/envise.io\/wp-content\/uploads\/2023\/01\/kittipoom-500x500-1.jpg\" class=\"attachment-post-thumbnail size-post-thumbnail wp-post-image\" alt=\"Kittipoom\" srcset=\"https:\/\/envise.io\/wp-content\/uploads\/2023\/01\/kittipoom-500x500-1.jpg 500w, https:\/\/envise.io\/wp-content\/uploads\/2023\/01\/kittipoom-500x500-1-300x300.jpg 300w, https:\/\/envise.io\/wp-content\/uploads\/2023\/01\/kittipoom-500x500-1-150x150.jpg 150w\" sizes=\"auto, (max-width: 500px) 100vw, 500px\" \/>        <div class=\"employee__position\">\r\n            Delivery        <\/div>\r\n    <\/div>\r\n    <div class=\"employee__content\">\r\n        <h3 class=\"employee__name\">\r\n            Kittipoom Srikimkaew        <\/h3>\r\n        <div class=\"employee__contacts\">\r\n                                            <\/div>\r\n    <\/div>\r\n<\/div>                                            \r\n<div class=\"employee\">\r\n    <div class=\"employee__img\">\r\n        <img loading=\"lazy\" decoding=\"async\" width=\"500\" height=\"500\" src=\"https:\/\/envise.io\/wp-content\/uploads\/2022\/12\/wanlop-500x500-1.jpeg\" class=\"attachment-post-thumbnail size-post-thumbnail wp-post-image\" alt=\"Wanlop Thongsuk, creating deliveries at Envise\" srcset=\"https:\/\/envise.io\/wp-content\/uploads\/2022\/12\/wanlop-500x500-1.jpeg 500w, https:\/\/envise.io\/wp-content\/uploads\/2022\/12\/wanlop-500x500-1-300x300.jpeg 300w, https:\/\/envise.io\/wp-content\/uploads\/2022\/12\/wanlop-500x500-1-150x150.jpeg 150w\" sizes=\"auto, (max-width: 500px) 100vw, 500px\" \/>        <div class=\"employee__position\">\r\n            Delivery        <\/div>\r\n    <\/div>\r\n    <div class=\"employee__content\">\r\n        <h3 class=\"employee__name\">\r\n            Wanlop\u00a0Thongsuk        <\/h3>\r\n        <div class=\"employee__contacts\">\r\n                                            <\/div>\r\n    <\/div>\r\n<\/div>                                            \r\n<div class=\"employee\">\r\n    <div class=\"employee__img\">\r\n        <img loading=\"lazy\" decoding=\"async\" width=\"500\" height=\"500\" src=\"https:\/\/envise.io\/wp-content\/uploads\/2022\/12\/tossawas.wancham.jpg\" class=\"attachment-post-thumbnail size-post-thumbnail wp-post-image\" alt=\"Tossawas Wancham\" srcset=\"https:\/\/envise.io\/wp-content\/uploads\/2022\/12\/tossawas.wancham.jpg 500w, https:\/\/envise.io\/wp-content\/uploads\/2022\/12\/tossawas.wancham-300x300.jpg 300w, https:\/\/envise.io\/wp-content\/uploads\/2022\/12\/tossawas.wancham-150x150.jpg 150w\" sizes=\"auto, (max-width: 500px) 100vw, 500px\" \/>        <div class=\"employee__position\">\r\n            Delivery        <\/div>\r\n    <\/div>\r\n    <div class=\"employee__content\">\r\n        <h3 class=\"employee__name\">\r\n            Tossawas Wancham        <\/h3>\r\n        <div class=\"employee__contacts\">\r\n                                            <\/div>\r\n    <\/div>\r\n<\/div>                                                                <\/div>\r\n        \r\n    <\/div>\r\n<\/section>\n\n\r\n<section id=\"we-help\" class=\"weHelp s_padding \" style=\"\">\r\n    <div class=\"container\">\r\n\r\n        <div class=\"wrap\">\r\n            <div class=\"weHelp__block\">\r\n                <svg class=\"weHelp__gradient\" width=\"628\" height=\"675\" viewBox=\"0 0 628 675\" fill=\"none\" xmlns=\"http:\/\/www.w3.org\/2000\/svg\">\r\n                    <path d=\"M369.078 899.982H628L270.732 8.00642C268.789 3.16921 264.124 0 258.923 0H0L357.268 891.994C359.212 896.831 363.876 900 369.078 900V899.982Z\" fill=\"url(#paint0_linear_673_4249)\" \/>\r\n                    <defs>\r\n                        <linearGradient id=\"paint0_linear_673_4249\" x1=\"-159\" y1=\"-101\" x2=\"-366.87\" y2=\"623.42\" gradientUnits=\"userSpaceOnUse\">\r\n                            <stop stop-color=\"#E89FE4\" \/>\r\n                            <stop offset=\"1\" stop-color=\"#FED97A\" stop-opacity=\"0\" \/>\r\n                        <\/linearGradient>\r\n                    <\/defs>\r\n                <\/svg>\r\n                                    <div class=\"weHelp__img\">\r\n                                                    <img decoding=\"async\" src=\"https:\/\/envise.io\/wp-content\/uploads\/2023\/01\/Detail-3D-image_by_Envise.jpg\" alt=\"\">\r\n                                            <\/div>\r\n                                            <\/div>\r\n            <div class=\"weHelp__content\">\r\n                                    <h3>Vi finns h\u00e4r f\u00f6r dig!<\/h3>\r\n                                                    <p>\r\n                        L\u00e5t oss digitalisera era fastighetsprojekt. Kontakta oss idag f\u00f6r att h\u00f6ra mer om hur vi kan optimera er verksamhet.                    <\/p>\r\n                                                    <a href=\"https:\/\/envise.io\/sv\/kontakt\/\" class=\"btn btnOutline\">\r\n                        Kontakta oss f\u00f6r att boka en demo                    <\/a>\r\n                            <\/div>\r\n        <\/div>\r\n\r\n    <\/div>\r\n<\/section>","protected":false},"excerpt":{"rendered":"","protected":false},"author":11,"featured_media":0,"parent":0,"menu_order":0,"comment_status":"closed","ping_status":"closed","template":"","meta":{"_acf_changed":false,"footnotes":""},"class_list":["post-375","page","type-page","status-publish","hentry"],"acf":[],"yoast_head":"<!-- This site is optimized with the Yoast SEO plugin v27.2 - https:\/\/yoast.com\/product\/yoast-seo-wordpress\/ -->\n<title>About Envise<\/title>\n<meta name=\"description\" content=\"We\u00a0provide an interactive experience of the future real estate\u00a0while making it easy for you to manage the present property.\u00a0\" \/>\n<meta name=\"robots\" content=\"index, follow, max-snippet:-1, max-image-preview:large, max-video-preview:-1\" \/>\n<link rel=\"canonical\" href=\"https:\/\/envise.io\/sv\/om-oss\/\" \/>\n<script type=\"application\/ld+json\" class=\"yoast-schema-graph\">{\"@context\":\"https:\/\/schema.org\",\"@graph\":[{\"@type\":\"WebPage\",\"@id\":\"https:\/\/envise.io\/sv\/om-oss\/\",\"url\":\"https:\/\/envise.io\/sv\/om-oss\/\",\"name\":\"About Envise\",\"isPartOf\":{\"@id\":\"https:\/\/envise.io\/sv\/#website\"},\"datePublished\":\"2022-12-09T10:17:04+00:00\",\"dateModified\":\"2023-11-21T03:36:35+00:00\",\"description\":\"We\u00a0provide an interactive experience of the future real estate\u00a0while making it easy for you to manage the present property.\u00a0\",\"breadcrumb\":{\"@id\":\"https:\/\/envise.io\/sv\/om-oss\/#breadcrumb\"},\"inLanguage\":\"sv-SE\",\"potentialAction\":[{\"@type\":\"ReadAction\",\"target\":[\"https:\/\/envise.io\/sv\/om-oss\/\"]}]},{\"@type\":\"BreadcrumbList\",\"@id\":\"https:\/\/envise.io\/sv\/om-oss\/#breadcrumb\",\"itemListElement\":[{\"@type\":\"ListItem\",\"position\":1,\"name\":\"Home\",\"item\":\"https:\/\/envise.io\/sv\/\"},{\"@type\":\"ListItem\",\"position\":2,\"name\":\"Om oss\"}]},{\"@type\":\"WebSite\",\"@id\":\"https:\/\/envise.io\/sv\/#website\",\"url\":\"https:\/\/envise.io\/sv\/\",\"name\":\"Envise\",\"description\":\"Envise provides real estate with an interactive experience of the future property while handling the present real estate\",\"potentialAction\":[{\"@type\":\"SearchAction\",\"target\":{\"@type\":\"EntryPoint\",\"urlTemplate\":\"https:\/\/envise.io\/sv\/?s={search_term_string}\"},\"query-input\":{\"@type\":\"PropertyValueSpecification\",\"valueRequired\":true,\"valueName\":\"search_term_string\"}}],\"inLanguage\":\"sv-SE\"}]}<\/script>\n<!-- \/ Yoast SEO plugin. -->","yoast_head_json":{"title":"About Envise","description":"We\u00a0provide an interactive experience of the future real estate\u00a0while making it easy for you to manage the present property.\u00a0","robots":{"index":"index","follow":"follow","max-snippet":"max-snippet:-1","max-image-preview":"max-image-preview:large","max-video-preview":"max-video-preview:-1"},"canonical":"https:\/\/envise.io\/sv\/om-oss\/","schema":{"@context":"https:\/\/schema.org","@graph":[{"@type":"WebPage","@id":"https:\/\/envise.io\/sv\/om-oss\/","url":"https:\/\/envise.io\/sv\/om-oss\/","name":"About Envise","isPartOf":{"@id":"https:\/\/envise.io\/sv\/#website"},"datePublished":"2022-12-09T10:17:04+00:00","dateModified":"2023-11-21T03:36:35+00:00","description":"We\u00a0provide an interactive experience of the future real estate\u00a0while making it easy for you to manage the present property.\u00a0","breadcrumb":{"@id":"https:\/\/envise.io\/sv\/om-oss\/#breadcrumb"},"inLanguage":"sv-SE","potentialAction":[{"@type":"ReadAction","target":["https:\/\/envise.io\/sv\/om-oss\/"]}]},{"@type":"BreadcrumbList","@id":"https:\/\/envise.io\/sv\/om-oss\/#breadcrumb","itemListElement":[{"@type":"ListItem","position":1,"name":"Home","item":"https:\/\/envise.io\/sv\/"},{"@type":"ListItem","position":2,"name":"Om oss"}]},{"@type":"WebSite","@id":"https:\/\/envise.io\/sv\/#website","url":"https:\/\/envise.io\/sv\/","name":"Envise","description":"Envise provides real estate with an interactive experience of the future property while handling the present real estate","potentialAction":[{"@type":"SearchAction","target":{"@type":"EntryPoint","urlTemplate":"https:\/\/envise.io\/sv\/?s={search_term_string}"},"query-input":{"@type":"PropertyValueSpecification","valueRequired":true,"valueName":"search_term_string"}}],"inLanguage":"sv-SE"}]}},"_links":{"self":[{"href":"https:\/\/envise.io\/sv\/wp-json\/wp\/v2\/pages\/375","targetHints":{"allow":["GET"]}}],"collection":[{"href":"https:\/\/envise.io\/sv\/wp-json\/wp\/v2\/pages"}],"about":[{"href":"https:\/\/envise.io\/sv\/wp-json\/wp\/v2\/types\/page"}],"author":[{"embeddable":true,"href":"https:\/\/envise.io\/sv\/wp-json\/wp\/v2\/users\/11"}],"replies":[{"embeddable":true,"href":"https:\/\/envise.io\/sv\/wp-json\/wp\/v2\/comments?post=375"}],"version-history":[{"count":5,"href":"https:\/\/envise.io\/sv\/wp-json\/wp\/v2\/pages\/375\/revisions"}],"predecessor-version":[{"id":4700,"href":"https:\/\/envise.io\/sv\/wp-json\/wp\/v2\/pages\/375\/revisions\/4700"}],"wp:attachment":[{"href":"https:\/\/envise.io\/sv\/wp-json\/wp\/v2\/media?parent=375"}],"curies":[{"name":"wp","href":"https:\/\/api.w.org\/{rel}","templated":true}]}}