{"id":4067,"date":"2023-04-28T10:34:00","date_gmt":"2023-04-28T08:34:00","guid":{"rendered":"https:\/\/envise.io\/?page_id=4067"},"modified":"2023-05-12T12:23:41","modified_gmt":"2023-05-12T10:23:41","slug":"checklista-dronarfoto","status":"publish","type":"page","link":"https:\/\/envise.io\/sv\/checklista-dronarfoto\/","title":{"rendered":"Checklista Dr\u00f6narfoto"},"content":{"rendered":"\r\n<section class=\"bannerPage\">\r\n    <img decoding=\"async\" class=\"bannerPage__line\" src=\"https:\/\/envise.io\/wp-content\/themes\/envision\/assets\/img\/banner-home-line.svg\" alt=\"\">\r\n    <div class=\"container\">\r\n        <div class=\"wrap\">\r\n            <div class=\"breadcrumbs\">\r\n                <a class=\"breadcrumbs__link\" href=\"https:\/\/envise.io\/sv\/\" class=\"\">\r\n                    <span>Start<\/span>\r\n                    <svg width=\"16\" height=\"16\" viewBox=\"0 0 16 16\" fill=\"none\" xmlns=\"http:\/\/www.w3.org\/2000\/svg\">\r\n                        <circle cx=\"8\" cy=\"8\" r=\"7.5\" stroke=\"#303233\" \/>\r\n                        <path d=\"M8.9 6L8.477 6.40286L9.851 7.71429H5V8.28571H9.851L8.474 9.59714L8.9 10L11 8L8.9 6Z\" fill=\"black\" \/>\r\n                    <\/svg>\r\n                <\/a>\r\n                <span class=\"breadcrumbs__item\">\r\n                    Checklista Dr\u00f6narfoto                <\/span>\r\n            <\/div>\r\n            <h1>Checklista Dr\u00f6narfoto<\/h1>\r\n                            <p>Ladda ner checklistan nedan och bli en m\u00e4stare p\u00e5 fotobriefen for nyproduktion<\/p>\r\n                    <\/div>\r\n    <\/div>\r\n<\/section>\n\n\n<figure class=\"wp-block-table is-style-stripes\"><table><tbody><tr><td class=\"has-text-align-center\" data-align=\"center\"><figure class=\"wp-block-image size-full\"><img loading=\"lazy\" decoding=\"async\" width=\"512\" height=\"512\" class=\"wp-image-3450\" src=\"https:\/\/envise.io\/wp-content\/uploads\/2023\/02\/cropped-Hydda_Envise_Mark-COL_web@2x.png\" alt=\"\" style=\"\" srcset=\"https:\/\/envise.io\/wp-content\/uploads\/2023\/02\/cropped-Hydda_Envise_Mark-COL_web@2x.png 512w, https:\/\/envise.io\/wp-content\/uploads\/2023\/02\/cropped-Hydda_Envise_Mark-COL_web@2x-300x300.png 300w, https:\/\/envise.io\/wp-content\/uploads\/2023\/02\/cropped-Hydda_Envise_Mark-COL_web@2x-150x150.png 150w, https:\/\/envise.io\/wp-content\/uploads\/2023\/02\/cropped-Hydda_Envise_Mark-COL_web@2x-270x270.png 270w, https:\/\/envise.io\/wp-content\/uploads\/2023\/02\/cropped-Hydda_Envise_Mark-COL_web@2x-192x192.png 192w, https:\/\/envise.io\/wp-content\/uploads\/2023\/02\/cropped-Hydda_Envise_Mark-COL_web@2x-180x180.png 180w, https:\/\/envise.io\/wp-content\/uploads\/2023\/02\/cropped-Hydda_Envise_Mark-COL_web@2x-32x32.png 32w\" sizes=\"auto, (max-width: 512px) 100vw, 512px\" \/><\/figure><\/td><td class=\"has-text-align-center\" data-align=\"center\"><iframe loading=\"lazy\" src=\"https:\/\/share-eu1.hsforms.com\/1t-655FcARE2P2taRu8C_qwg3awz\" width=\"400px\" height=\"310px\" frameborder=\"0\"><\/iframe><\/td><\/tr><\/tbody><\/table><\/figure>\n\n\n\n<p><\/p>\n","protected":false},"excerpt":{"rendered":"","protected":false},"author":5,"featured_media":0,"parent":0,"menu_order":0,"comment_status":"closed","ping_status":"closed","template":"","meta":{"_acf_changed":false,"footnotes":""},"class_list":["post-4067","page","type-page","status-publish","hentry"],"acf":[],"yoast_head":"<!-- This site is optimized with the Yoast SEO plugin v27.4 - https:\/\/yoast.com\/product\/yoast-seo-wordpress\/ -->\n<title>Checklista Dr\u00f6narfoto - Envise<\/title>\n<meta name=\"description\" content=\"Ladda ner gratis checklista for dr\u00f6narfoto av f\u00e4stigheter\" \/>\n<meta name=\"robots\" content=\"index, follow, max-snippet:-1, max-image-preview:large, max-video-preview:-1\" \/>\n<link rel=\"canonical\" href=\"https:\/\/envise.io\/sv\/checklista-dronarfoto\/\" \/>\n<meta name=\"twitter:label1\" content=\"Ber\u00e4knad l\u00e4stid\" \/>\n\t<meta name=\"twitter:data1\" content=\"1 minut\" \/>\n<script type=\"application\/ld+json\" class=\"yoast-schema-graph\">{\"@context\":\"https:\\\/\\\/schema.org\",\"@graph\":[{\"@type\":\"WebPage\",\"@id\":\"https:\\\/\\\/envise.io\\\/sv\\\/checklista-dronarfoto\\\/\",\"url\":\"https:\\\/\\\/envise.io\\\/sv\\\/checklista-dronarfoto\\\/\",\"name\":\"Checklista Dr\u00f6narfoto - Envise\",\"isPartOf\":{\"@id\":\"https:\\\/\\\/envise.io\\\/sv\\\/#website\"},\"primaryImageOfPage\":{\"@id\":\"https:\\\/\\\/envise.io\\\/sv\\\/checklista-dronarfoto\\\/#primaryimage\"},\"image\":{\"@id\":\"https:\\\/\\\/envise.io\\\/sv\\\/checklista-dronarfoto\\\/#primaryimage\"},\"thumbnailUrl\":\"https:\\\/\\\/envise.io\\\/wp-content\\\/uploads\\\/2023\\\/02\\\/cropped-Hydda_Envise_Mark-COL_web@2x.png\",\"datePublished\":\"2023-04-28T08:34:00+00:00\",\"dateModified\":\"2023-05-12T10:23:41+00:00\",\"description\":\"Ladda ner gratis checklista for dr\u00f6narfoto av f\u00e4stigheter\",\"breadcrumb\":{\"@id\":\"https:\\\/\\\/envise.io\\\/sv\\\/checklista-dronarfoto\\\/#breadcrumb\"},\"inLanguage\":\"sv-SE\",\"potentialAction\":[{\"@type\":\"ReadAction\",\"target\":[\"https:\\\/\\\/envise.io\\\/sv\\\/checklista-dronarfoto\\\/\"]}]},{\"@type\":\"ImageObject\",\"inLanguage\":\"sv-SE\",\"@id\":\"https:\\\/\\\/envise.io\\\/sv\\\/checklista-dronarfoto\\\/#primaryimage\",\"url\":\"https:\\\/\\\/envise.io\\\/wp-content\\\/uploads\\\/2023\\\/02\\\/cropped-Hydda_Envise_Mark-COL_web@2x.png\",\"contentUrl\":\"https:\\\/\\\/envise.io\\\/wp-content\\\/uploads\\\/2023\\\/02\\\/cropped-Hydda_Envise_Mark-COL_web@2x.png\"},{\"@type\":\"BreadcrumbList\",\"@id\":\"https:\\\/\\\/envise.io\\\/sv\\\/checklista-dronarfoto\\\/#breadcrumb\",\"itemListElement\":[{\"@type\":\"ListItem\",\"position\":1,\"name\":\"Home\",\"item\":\"https:\\\/\\\/envise.io\\\/sv\\\/\"},{\"@type\":\"ListItem\",\"position\":2,\"name\":\"Checklista Dr\u00f6narfoto\"}]},{\"@type\":\"WebSite\",\"@id\":\"https:\\\/\\\/envise.io\\\/sv\\\/#website\",\"url\":\"https:\\\/\\\/envise.io\\\/sv\\\/\",\"name\":\"Envise\",\"description\":\"Envise provides real estate with an interactive experience of the future property while handling the present real estate\",\"potentialAction\":[{\"@type\":\"SearchAction\",\"target\":{\"@type\":\"EntryPoint\",\"urlTemplate\":\"https:\\\/\\\/envise.io\\\/sv\\\/?s={search_term_string}\"},\"query-input\":{\"@type\":\"PropertyValueSpecification\",\"valueRequired\":true,\"valueName\":\"search_term_string\"}}],\"inLanguage\":\"sv-SE\"}]}<\/script>\n<!-- \/ Yoast SEO plugin. -->","yoast_head_json":{"title":"Checklista Dr\u00f6narfoto - Envise","description":"Ladda ner gratis checklista for dr\u00f6narfoto av f\u00e4stigheter","robots":{"index":"index","follow":"follow","max-snippet":"max-snippet:-1","max-image-preview":"max-image-preview:large","max-video-preview":"max-video-preview:-1"},"canonical":"https:\/\/envise.io\/sv\/checklista-dronarfoto\/","twitter_misc":{"Ber\u00e4knad l\u00e4stid":"1 minut"},"schema":{"@context":"https:\/\/schema.org","@graph":[{"@type":"WebPage","@id":"https:\/\/envise.io\/sv\/checklista-dronarfoto\/","url":"https:\/\/envise.io\/sv\/checklista-dronarfoto\/","name":"Checklista Dr\u00f6narfoto - Envise","isPartOf":{"@id":"https:\/\/envise.io\/sv\/#website"},"primaryImageOfPage":{"@id":"https:\/\/envise.io\/sv\/checklista-dronarfoto\/#primaryimage"},"image":{"@id":"https:\/\/envise.io\/sv\/checklista-dronarfoto\/#primaryimage"},"thumbnailUrl":"https:\/\/envise.io\/wp-content\/uploads\/2023\/02\/cropped-Hydda_Envise_Mark-COL_web@2x.png","datePublished":"2023-04-28T08:34:00+00:00","dateModified":"2023-05-12T10:23:41+00:00","description":"Ladda ner gratis checklista for dr\u00f6narfoto av f\u00e4stigheter","breadcrumb":{"@id":"https:\/\/envise.io\/sv\/checklista-dronarfoto\/#breadcrumb"},"inLanguage":"sv-SE","potentialAction":[{"@type":"ReadAction","target":["https:\/\/envise.io\/sv\/checklista-dronarfoto\/"]}]},{"@type":"ImageObject","inLanguage":"sv-SE","@id":"https:\/\/envise.io\/sv\/checklista-dronarfoto\/#primaryimage","url":"https:\/\/envise.io\/wp-content\/uploads\/2023\/02\/cropped-Hydda_Envise_Mark-COL_web@2x.png","contentUrl":"https:\/\/envise.io\/wp-content\/uploads\/2023\/02\/cropped-Hydda_Envise_Mark-COL_web@2x.png"},{"@type":"BreadcrumbList","@id":"https:\/\/envise.io\/sv\/checklista-dronarfoto\/#breadcrumb","itemListElement":[{"@type":"ListItem","position":1,"name":"Home","item":"https:\/\/envise.io\/sv\/"},{"@type":"ListItem","position":2,"name":"Checklista Dr\u00f6narfoto"}]},{"@type":"WebSite","@id":"https:\/\/envise.io\/sv\/#website","url":"https:\/\/envise.io\/sv\/","name":"Envise","description":"Envise provides real estate with an interactive experience of the future property while handling the present real estate","potentialAction":[{"@type":"SearchAction","target":{"@type":"EntryPoint","urlTemplate":"https:\/\/envise.io\/sv\/?s={search_term_string}"},"query-input":{"@type":"PropertyValueSpecification","valueRequired":true,"valueName":"search_term_string"}}],"inLanguage":"sv-SE"}]}},"_links":{"self":[{"href":"https:\/\/envise.io\/sv\/wp-json\/wp\/v2\/pages\/4067","targetHints":{"allow":["GET"]}}],"collection":[{"href":"https:\/\/envise.io\/sv\/wp-json\/wp\/v2\/pages"}],"about":[{"href":"https:\/\/envise.io\/sv\/wp-json\/wp\/v2\/types\/page"}],"author":[{"embeddable":true,"href":"https:\/\/envise.io\/sv\/wp-json\/wp\/v2\/users\/5"}],"replies":[{"embeddable":true,"href":"https:\/\/envise.io\/sv\/wp-json\/wp\/v2\/comments?post=4067"}],"version-history":[{"count":5,"href":"https:\/\/envise.io\/sv\/wp-json\/wp\/v2\/pages\/4067\/revisions"}],"predecessor-version":[{"id":4323,"href":"https:\/\/envise.io\/sv\/wp-json\/wp\/v2\/pages\/4067\/revisions\/4323"}],"wp:attachment":[{"href":"https:\/\/envise.io\/sv\/wp-json\/wp\/v2\/media?parent=4067"}],"curies":[{"name":"wp","href":"https:\/\/api.w.org\/{rel}","templated":true}]}}