{"id":4082,"date":"2023-04-28T10:42:12","date_gmt":"2023-04-28T08:42:12","guid":{"rendered":"https:\/\/envise.io\/?page_id=4082"},"modified":"2023-05-04T08:50:29","modified_gmt":"2023-05-04T06:50:29","slug":"checklista-dronarfoto-landing","status":"publish","type":"page","link":"https:\/\/envise.io\/sv\/checklista-dronarfoto-landing\/","title":{"rendered":"Checklista Dr\u00f6narfoto &#8211; Not landing"},"content":{"rendered":"\r\n<section class=\"bannerPage\">\r\n    <img decoding=\"async\" class=\"bannerPage__line\" src=\"https:\/\/envise.io\/wp-content\/themes\/envision\/assets\/img\/banner-home-line.svg\" alt=\"\">\r\n    <div class=\"container\">\r\n        <div class=\"wrap\">\r\n            <div class=\"breadcrumbs\">\r\n                <a class=\"breadcrumbs__link\" href=\"https:\/\/envise.io\/sv\/\" class=\"\">\r\n                    <span>Start<\/span>\r\n                    <svg width=\"16\" height=\"16\" viewBox=\"0 0 16 16\" fill=\"none\" xmlns=\"http:\/\/www.w3.org\/2000\/svg\">\r\n                        <circle cx=\"8\" cy=\"8\" r=\"7.5\" stroke=\"#303233\" \/>\r\n                        <path d=\"M8.9 6L8.477 6.40286L9.851 7.71429H5V8.28571H9.851L8.474 9.59714L8.9 10L11 8L8.9 6Z\" fill=\"black\" \/>\r\n                    <\/svg>\r\n                <\/a>\r\n                <span class=\"breadcrumbs__item\">\r\n                    Checklista Dr\u00f6narfoto &#8211; Not landing                <\/span>\r\n            <\/div>\r\n            <h1>Checklista Dr\u00f6narfoto &#8211; Not landing<\/h1>\r\n                            <p>Kontakta oss idag, f\u00f6r att h\u00f6ra mer om hur vi kan optimera ditt erbjudande, genom engagerande och effektiviserande l\u00f6sningar.<\/p>\r\n                    <\/div>\r\n    <\/div>\r\n<\/section>\n\n\r\n    <section class=\"sContent s_padding \" style=\"\">\r\n        <div class=\"container\">\r\n\r\n            <div class=\"wrap\">\r\n                                    <div class=\"article\">\r\n                        <p>Klicka h\u00e4r f\u00f6r att ladda ner filen\u00a0 <a href=\"https:\/\/cdn.envise.io\/assets\/guides\/drone\/sv.pdf\" target=\"_blank\" rel=\"noopener\">L\u00e4nk<\/a><\/p>\n                    <\/div>\r\n                            <\/div>\r\n        <\/div>\r\n    <\/section>\r\n","protected":false},"excerpt":{"rendered":"","protected":false},"author":5,"featured_media":0,"parent":0,"menu_order":0,"comment_status":"closed","ping_status":"closed","template":"","meta":{"_acf_changed":false,"footnotes":""},"class_list":["post-4082","page","type-page","status-publish","hentry"],"acf":[],"yoast_head":"<!-- This site is optimized with the Yoast SEO plugin v27.4 - https:\/\/yoast.com\/product\/yoast-seo-wordpress\/ -->\n<title>Checklista Dr\u00f6narfoto - Not landing - Envise<\/title>\n<meta name=\"robots\" content=\"index, follow, max-snippet:-1, max-image-preview:large, max-video-preview:-1\" \/>\n<link rel=\"canonical\" href=\"https:\/\/envise.io\/sv\/checklista-dronarfoto-landing\/\" \/>\n<script type=\"application\/ld+json\" class=\"yoast-schema-graph\">{\"@context\":\"https:\\\/\\\/schema.org\",\"@graph\":[{\"@type\":\"WebPage\",\"@id\":\"https:\\\/\\\/envise.io\\\/sv\\\/checklista-dronarfoto-landing\\\/\",\"url\":\"https:\\\/\\\/envise.io\\\/sv\\\/checklista-dronarfoto-landing\\\/\",\"name\":\"Checklista Dr\u00f6narfoto - Not landing - Envise\",\"isPartOf\":{\"@id\":\"https:\\\/\\\/envise.io\\\/sv\\\/#website\"},\"datePublished\":\"2023-04-28T08:42:12+00:00\",\"dateModified\":\"2023-05-04T06:50:29+00:00\",\"breadcrumb\":{\"@id\":\"https:\\\/\\\/envise.io\\\/sv\\\/checklista-dronarfoto-landing\\\/#breadcrumb\"},\"inLanguage\":\"sv-SE\",\"potentialAction\":[{\"@type\":\"ReadAction\",\"target\":[\"https:\\\/\\\/envise.io\\\/sv\\\/checklista-dronarfoto-landing\\\/\"]}]},{\"@type\":\"BreadcrumbList\",\"@id\":\"https:\\\/\\\/envise.io\\\/sv\\\/checklista-dronarfoto-landing\\\/#breadcrumb\",\"itemListElement\":[{\"@type\":\"ListItem\",\"position\":1,\"name\":\"Home\",\"item\":\"https:\\\/\\\/envise.io\\\/sv\\\/\"},{\"@type\":\"ListItem\",\"position\":2,\"name\":\"Checklista Dr\u00f6narfoto &#8211; Not landing\"}]},{\"@type\":\"WebSite\",\"@id\":\"https:\\\/\\\/envise.io\\\/sv\\\/#website\",\"url\":\"https:\\\/\\\/envise.io\\\/sv\\\/\",\"name\":\"Envise\",\"description\":\"Envise provides real estate with an interactive experience of the future property while handling the present real estate\",\"potentialAction\":[{\"@type\":\"SearchAction\",\"target\":{\"@type\":\"EntryPoint\",\"urlTemplate\":\"https:\\\/\\\/envise.io\\\/sv\\\/?s={search_term_string}\"},\"query-input\":{\"@type\":\"PropertyValueSpecification\",\"valueRequired\":true,\"valueName\":\"search_term_string\"}}],\"inLanguage\":\"sv-SE\"}]}<\/script>\n<!-- \/ Yoast SEO plugin. -->","yoast_head_json":{"title":"Checklista Dr\u00f6narfoto - Not landing - Envise","robots":{"index":"index","follow":"follow","max-snippet":"max-snippet:-1","max-image-preview":"max-image-preview:large","max-video-preview":"max-video-preview:-1"},"canonical":"https:\/\/envise.io\/sv\/checklista-dronarfoto-landing\/","schema":{"@context":"https:\/\/schema.org","@graph":[{"@type":"WebPage","@id":"https:\/\/envise.io\/sv\/checklista-dronarfoto-landing\/","url":"https:\/\/envise.io\/sv\/checklista-dronarfoto-landing\/","name":"Checklista Dr\u00f6narfoto - Not landing - Envise","isPartOf":{"@id":"https:\/\/envise.io\/sv\/#website"},"datePublished":"2023-04-28T08:42:12+00:00","dateModified":"2023-05-04T06:50:29+00:00","breadcrumb":{"@id":"https:\/\/envise.io\/sv\/checklista-dronarfoto-landing\/#breadcrumb"},"inLanguage":"sv-SE","potentialAction":[{"@type":"ReadAction","target":["https:\/\/envise.io\/sv\/checklista-dronarfoto-landing\/"]}]},{"@type":"BreadcrumbList","@id":"https:\/\/envise.io\/sv\/checklista-dronarfoto-landing\/#breadcrumb","itemListElement":[{"@type":"ListItem","position":1,"name":"Home","item":"https:\/\/envise.io\/sv\/"},{"@type":"ListItem","position":2,"name":"Checklista Dr\u00f6narfoto &#8211; Not landing"}]},{"@type":"WebSite","@id":"https:\/\/envise.io\/sv\/#website","url":"https:\/\/envise.io\/sv\/","name":"Envise","description":"Envise provides real estate with an interactive experience of the future property while handling the present real estate","potentialAction":[{"@type":"SearchAction","target":{"@type":"EntryPoint","urlTemplate":"https:\/\/envise.io\/sv\/?s={search_term_string}"},"query-input":{"@type":"PropertyValueSpecification","valueRequired":true,"valueName":"search_term_string"}}],"inLanguage":"sv-SE"}]}},"_links":{"self":[{"href":"https:\/\/envise.io\/sv\/wp-json\/wp\/v2\/pages\/4082","targetHints":{"allow":["GET"]}}],"collection":[{"href":"https:\/\/envise.io\/sv\/wp-json\/wp\/v2\/pages"}],"about":[{"href":"https:\/\/envise.io\/sv\/wp-json\/wp\/v2\/types\/page"}],"author":[{"embeddable":true,"href":"https:\/\/envise.io\/sv\/wp-json\/wp\/v2\/users\/5"}],"replies":[{"embeddable":true,"href":"https:\/\/envise.io\/sv\/wp-json\/wp\/v2\/comments?post=4082"}],"version-history":[{"count":5,"href":"https:\/\/envise.io\/sv\/wp-json\/wp\/v2\/pages\/4082\/revisions"}],"predecessor-version":[{"id":4215,"href":"https:\/\/envise.io\/sv\/wp-json\/wp\/v2\/pages\/4082\/revisions\/4215"}],"wp:attachment":[{"href":"https:\/\/envise.io\/sv\/wp-json\/wp\/v2\/media?parent=4082"}],"curies":[{"name":"wp","href":"https:\/\/api.w.org\/{rel}","templated":true}]}}